{"id":7909,"date":"2025-06-20T17:27:20","date_gmt":"2025-06-20T21:27:20","guid":{"rendered":"http:\/\/www.multicasa.com.br\/cuiaba\/?post_type=product&#038;p=7909"},"modified":"2026-04-18T11:50:55","modified_gmt":"2026-04-18T15:50:55","slug":"antena-digital-interna-para-tv-uhf-e-hdtv-ai-2031-intelbras","status":"publish","type":"product","link":"https:\/\/www.multicasa.com.br\/cuiaba\/produto\/antena-digital-interna-para-tv-uhf-e-hdtv-ai-2031-intelbras\/","title":{"rendered":"Antena Digital Interna para TV UHF e HDTV AI 2031 Intelbras<br>SKU: 2083499"},"content":{"rendered":"<p>A Antena Digital Interna para TV AI 2031 da Intelbras tem um alto poder de capta\u00e7\u00e3o de sinais UHF e HDTV digital, oferecendo som e imagem de alta defini\u00e7\u00e3o. Desenvolvida especialmente para uso interno, a antena tem f\u00e1cil instala\u00e7\u00e3o e acompanha 5 metros de cabo, tendo tamb\u00e9m uma base de im\u00e3 para voc\u00ea colocar em qualquer superf\u00edcie met\u00e1lica e, por ela ser omnidirecional, voc\u00ea tem mais liberdade para direcion\u00e1-la para qualquer lado. A antena interna \u00e9 compat\u00edvel com todos os tipos de TV ou conversores digitais. Basta plugar o conector na entrada de antena, configurar e buscar os canais.<\/p>\n","protected":false},"excerpt":{"rendered":"<h4 style=\"margin: 0px;padding: 0px 0px 16px;font-family: Lato, sans-serif;font-weight: bold;line-height: 3rem;color: var(--dark-grey3);font-size: 22px;font-style: normal;letter-spacing: normal;text-align: start;text-indent: 0px;text-transform: none\">Informa\u00e7\u00f5es t\u00e9cnicas<\/h4>\n<p><span style=\"margin: 0px;padding: 0px;font-weight: 450;font-size: 14px;line-height: 21px;color: var(--dark-grey2);font-family: Lato, sans-serif;font-style: normal;letter-spacing: normal;text-align: start;text-indent: 0px;text-transform: none\">Produto: Antena<br \/>\nTipo: Digital<br \/>\nMarca: Intelbras<br \/>\nModelo: AI 2031<br \/>\nCor: Preto<br \/>\nCaracter\u00edsticas: Capta sinais UHF e HDTV digital; Uso interno; Base de im\u00e3 que permite colocar a antena em bases met\u00e1licas; F\u00e1cil instala\u00e7\u00e3o com cabo de 5 metros para facilita\u00e7\u00e3o do manejamento; Resist\u00eancia e durabilidade. Conector \u0093F\u0094 macho.<br \/>\nItens inclusos: 1 Antena e 1 cabo 5 metros<br \/>\nFrequ\u00eancia de opera\u00e7\u00e3o: 470 a 860 MHz<br \/>\nDimens\u00f5es do Cabo: 5m<br \/>\nPeso: 244 g<br \/>\nDimens\u00f5es: 65 \u00d7 150 \u00d7 65mm<br \/>\nImped\u00e2ncia nominal: 75<\/span><\/p>\n","protected":false},"featured_media":7987,"template":"","meta":{"_joinchat":[]},"product_brand":[],"product_cat":[150],"product_tag":[],"class_list":{"0":"post-7909","1":"product","2":"type-product","3":"status-publish","4":"has-post-thumbnail","6":"product_cat-antenas-e-cia","8":"first","9":"instock","10":"shipping-taxable","11":"purchasable","12":"product-type-simple"},"_links":{"self":[{"href":"https:\/\/www.multicasa.com.br\/cuiaba\/wp-json\/wp\/v2\/product\/7909","targetHints":{"allow":["GET"]}}],"collection":[{"href":"https:\/\/www.multicasa.com.br\/cuiaba\/wp-json\/wp\/v2\/product"}],"about":[{"href":"https:\/\/www.multicasa.com.br\/cuiaba\/wp-json\/wp\/v2\/types\/product"}],"wp:featuredmedia":[{"embeddable":true,"href":"https:\/\/www.multicasa.com.br\/cuiaba\/wp-json\/wp\/v2\/media\/7987"}],"wp:attachment":[{"href":"https:\/\/www.multicasa.com.br\/cuiaba\/wp-json\/wp\/v2\/media?parent=7909"}],"wp:term":[{"taxonomy":"product_brand","embeddable":true,"href":"https:\/\/www.multicasa.com.br\/cuiaba\/wp-json\/wp\/v2\/product_brand?post=7909"},{"taxonomy":"product_cat","embeddable":true,"href":"https:\/\/www.multicasa.com.br\/cuiaba\/wp-json\/wp\/v2\/product_cat?post=7909"},{"taxonomy":"product_tag","embeddable":true,"href":"https:\/\/www.multicasa.com.br\/cuiaba\/wp-json\/wp\/v2\/product_tag?post=7909"}],"curies":[{"name":"wp","href":"https:\/\/api.w.org\/{rel}","templated":true}]}}