{"id":7911,"date":"2025-06-20T17:27:20","date_gmt":"2025-06-20T21:27:20","guid":{"rendered":"http:\/\/www.multicasa.com.br\/cuiaba\/?post_type=product&#038;p=7911"},"modified":"2026-02-09T09:50:16","modified_gmt":"2026-02-09T13:50:16","slug":"arejador-japones-para-torneira-overtime","status":"publish","type":"product","link":"https:\/\/www.multicasa.com.br\/cuiaba\/produto\/arejador-japones-para-torneira-overtime\/","title":{"rendered":"Arejador Japon\u00eas para Torneira Overtime<br>SKU: 318817"},"content":{"rendered":"<p>Ideal para cozinhas, o arejador japon\u00eas para torneira Overtime tem a fun\u00e7\u00e3o de misturar ar ao jato de \u00e1gua, diminuindo o fluxo de respingos, mas sem diminuir a press\u00e3o. Feito de pl\u00e1stico e inox, adapta-se a todos os tipos de torneiras, ajudando a filtrar a \u00e1gua.<\/p>\n","protected":false},"excerpt":{"rendered":"<h4 style=\"margin: 0px;padding: 0px 0px 16px;font-family: Lato, sans-serif;font-weight: bold;line-height: 3rem;color: var(--dark-grey3);font-size: 22px;font-style: normal;letter-spacing: normal;text-align: start;text-indent: 0px;text-transform: none\">Informa\u00e7\u00f5es t\u00e9cnicas<\/h4>\n<p><span style=\"margin: 0px;padding: 0px;font-weight: 450;font-size: 14px;line-height: 21px;color: var(--dark-grey2);font-family: Lato, sans-serif;font-style: normal;letter-spacing: normal;text-align: start;text-indent: 0px;text-transform: none\">Produto: Arejador Japon\u00eas<br \/>\nMarca: Overtime<br \/>\nMaterial: Pl\u00e1stico<br \/>\nInox<br \/>\nCor: incolor, prata<br \/>\nCaracter\u00edsticas: Filtra a \u00e1gua<br \/>\nPr\u00e1tico<br \/>\nItens Inclusos: 1 Arejador japon\u00eas<br \/>\nDimens\u00f5es do produto (A X L): 13,4 x 8,5cm<br \/>\n<\/span><\/p>\n","protected":false},"featured_media":7990,"template":"","meta":{"_joinchat":[]},"product_brand":[],"product_cat":[74],"product_tag":[],"class_list":{"0":"post-7911","1":"product","2":"type-product","3":"status-publish","4":"has-post-thumbnail","6":"product_cat-reparos-hidraulicos","8":"first","9":"instock","10":"shipping-taxable","11":"purchasable","12":"product-type-simple"},"_links":{"self":[{"href":"https:\/\/www.multicasa.com.br\/cuiaba\/wp-json\/wp\/v2\/product\/7911","targetHints":{"allow":["GET"]}}],"collection":[{"href":"https:\/\/www.multicasa.com.br\/cuiaba\/wp-json\/wp\/v2\/product"}],"about":[{"href":"https:\/\/www.multicasa.com.br\/cuiaba\/wp-json\/wp\/v2\/types\/product"}],"wp:featuredmedia":[{"embeddable":true,"href":"https:\/\/www.multicasa.com.br\/cuiaba\/wp-json\/wp\/v2\/media\/7990"}],"wp:attachment":[{"href":"https:\/\/www.multicasa.com.br\/cuiaba\/wp-json\/wp\/v2\/media?parent=7911"}],"wp:term":[{"taxonomy":"product_brand","embeddable":true,"href":"https:\/\/www.multicasa.com.br\/cuiaba\/wp-json\/wp\/v2\/product_brand?post=7911"},{"taxonomy":"product_cat","embeddable":true,"href":"https:\/\/www.multicasa.com.br\/cuiaba\/wp-json\/wp\/v2\/product_cat?post=7911"},{"taxonomy":"product_tag","embeddable":true,"href":"https:\/\/www.multicasa.com.br\/cuiaba\/wp-json\/wp\/v2\/product_tag?post=7911"}],"curies":[{"name":"wp","href":"https:\/\/api.w.org\/{rel}","templated":true}]}}