{"id":7937,"date":"2025-06-20T17:27:41","date_gmt":"2025-06-20T21:27:41","guid":{"rendered":"http:\/\/www.multicasa.com.br\/cuiaba\/?post_type=product&#038;p=7937"},"modified":"2026-04-18T10:20:47","modified_gmt":"2026-04-18T14:20:47","slug":"assento-sanitario-almofadado-oval-branco-astra","status":"publish","type":"product","link":"https:\/\/www.multicasa.com.br\/cuiaba\/produto\/assento-sanitario-almofadado-oval-branco-astra\/","title":{"rendered":"Assento Sanit\u00e1rio Almofadado Oval Branco Astra<br>SKU: 59714"},"content":{"rendered":"<p>O Assento Sanit\u00e1rio Oval da Astra \u00e9 ideal para quem busca conforto e simplicidade. F\u00e1cil de limpar, \u00e9 feito em polipropileno com design anat\u00f4mico e arco liso com sobretampa brilhante que garante prote\u00e7\u00e3o bactericida. Garante cobertura total e mant\u00e9m o arco e o tampo do assento em p\u00e9. Indicado apenas para lou\u00e7as ovais.<\/p>\n","protected":false},"excerpt":{"rendered":"<h4 style=\"margin: 0px;padding: 0px 0px 16px;font-family: Lato, sans-serif;font-weight: bold;line-height: 3rem;color: var(--dark-grey3);font-size: 22px;font-style: normal;letter-spacing: normal;text-align: start;text-indent: 0px;text-transform: none\">Informa\u00e7\u00f5es t\u00e9cnicas<\/h4>\n<p><span style=\"margin: 0px;padding: 0px;font-weight: 450;font-size: 14px;line-height: 21px;color: var(--dark-grey2);font-family: Lato, sans-serif;font-style: normal;letter-spacing: normal;text-align: start;text-indent: 0px;text-transform: none\">Produto: Assento sanit\u00e1rio<br \/>\nMarca: Astra<br \/>\nMaterial: Polipropileno<br \/>\nCor: Branco<br \/>\nCaracter\u00edsticas: Tampo de cobertura total; Refer\u00eancia TPK\/AS*BR1<br \/>\nItens inclusos: 1 Assento sanit\u00e1rio<br \/>\nDimens\u00f5es do produto (A x L x P): 4,7 x 37 x 46cm<\/span><\/p>\n","protected":false},"featured_media":8001,"template":"","meta":{"_joinchat":[]},"product_brand":[],"product_cat":[70],"product_tag":[],"class_list":{"0":"post-7937","1":"product","2":"type-product","3":"status-publish","4":"has-post-thumbnail","6":"product_cat-assentos-e-cia","8":"first","9":"instock","10":"shipping-taxable","11":"purchasable","12":"product-type-simple"},"_links":{"self":[{"href":"https:\/\/www.multicasa.com.br\/cuiaba\/wp-json\/wp\/v2\/product\/7937","targetHints":{"allow":["GET"]}}],"collection":[{"href":"https:\/\/www.multicasa.com.br\/cuiaba\/wp-json\/wp\/v2\/product"}],"about":[{"href":"https:\/\/www.multicasa.com.br\/cuiaba\/wp-json\/wp\/v2\/types\/product"}],"wp:featuredmedia":[{"embeddable":true,"href":"https:\/\/www.multicasa.com.br\/cuiaba\/wp-json\/wp\/v2\/media\/8001"}],"wp:attachment":[{"href":"https:\/\/www.multicasa.com.br\/cuiaba\/wp-json\/wp\/v2\/media?parent=7937"}],"wp:term":[{"taxonomy":"product_brand","embeddable":true,"href":"https:\/\/www.multicasa.com.br\/cuiaba\/wp-json\/wp\/v2\/product_brand?post=7937"},{"taxonomy":"product_cat","embeddable":true,"href":"https:\/\/www.multicasa.com.br\/cuiaba\/wp-json\/wp\/v2\/product_cat?post=7937"},{"taxonomy":"product_tag","embeddable":true,"href":"https:\/\/www.multicasa.com.br\/cuiaba\/wp-json\/wp\/v2\/product_tag?post=7937"}],"curies":[{"name":"wp","href":"https:\/\/api.w.org\/{rel}","templated":true}]}}