{"id":7938,"date":"2025-06-20T17:27:41","date_gmt":"2025-06-20T21:27:41","guid":{"rendered":"http:\/\/www.multicasa.com.br\/cuiaba\/?post_type=product&#038;p=7938"},"modified":"2026-04-18T10:51:32","modified_gmt":"2026-04-18T14:51:32","slug":"assento-sanitario-oval-branco-duratti-lorenzetti","status":"publish","type":"product","link":"https:\/\/www.multicasa.com.br\/cuiaba\/produto\/assento-sanitario-oval-branco-duratti-lorenzetti\/","title":{"rendered":"Assento Sanit\u00e1rio Oval Branco Duratti Lorenzetti<br>SKU: 3517004"},"content":{"rendered":"<p>O Assento Sanit\u00e1rio Duratti Lorenzetti traz mais conforto e higiene para o seu dia-a-dia. Compat\u00edvel com vasos sanit\u00e1rios ovais, est\u00e1 dispon\u00edvel na cor branca. O assento para vaso sanit\u00e1rio \u00e9 ideal para voc\u00ea que busca conforto porque possui formato anat\u00f4mico, sendo feito em polipropileno que garante resist\u00eancia a impactos. Com tampa envolvente, \u00e9 mais higi\u00eanico e f\u00e1cil de limpar.<\/p>\n","protected":false},"excerpt":{"rendered":"<h4 style=\"margin: 0px;padding: 0px 0px 16px;font-family: Lato, sans-serif;font-weight: bold;line-height: 3rem;color: var(--dark-grey3);font-size: 22px;font-style: normal;letter-spacing: normal;text-align: start;text-indent: 0px;text-transform: none\">Informa\u00e7\u00f5es t\u00e9cnicas<\/h4>\n<p><span style=\"margin: 0px;padding: 0px;font-weight: 450;font-size: 14px;line-height: 21px;color: var(--dark-grey2);font-family: Lato, sans-serif;font-style: normal;letter-spacing: normal;text-align: start;text-indent: 0px;text-transform: none\">Produto: Assento sanit\u00e1rio<br \/>\nMarca: Lorenzetti<br \/>\nMaterial: Polipropileno<br \/>\nCor: Branco<br \/>\nCaracter\u00edsticas: Formato anat\u00f4mico; f\u00e1cil limpeza; compat\u00edvel com lou\u00e7as ovais<br \/>\nItens inclusos: 1 Assento sanit\u00e1rio<br \/>\nDimens\u00f5es do produto (A x L x P): 3,6 x 38 x 43,95cm<\/span><\/p>\n","protected":false},"featured_media":8002,"template":"","meta":{"_joinchat":[]},"product_brand":[],"product_cat":[70],"product_tag":[],"class_list":{"0":"post-7938","1":"product","2":"type-product","3":"status-publish","4":"has-post-thumbnail","6":"product_cat-assentos-e-cia","8":"first","9":"instock","10":"shipping-taxable","11":"purchasable","12":"product-type-simple"},"_links":{"self":[{"href":"https:\/\/www.multicasa.com.br\/cuiaba\/wp-json\/wp\/v2\/product\/7938","targetHints":{"allow":["GET"]}}],"collection":[{"href":"https:\/\/www.multicasa.com.br\/cuiaba\/wp-json\/wp\/v2\/product"}],"about":[{"href":"https:\/\/www.multicasa.com.br\/cuiaba\/wp-json\/wp\/v2\/types\/product"}],"wp:featuredmedia":[{"embeddable":true,"href":"https:\/\/www.multicasa.com.br\/cuiaba\/wp-json\/wp\/v2\/media\/8002"}],"wp:attachment":[{"href":"https:\/\/www.multicasa.com.br\/cuiaba\/wp-json\/wp\/v2\/media?parent=7938"}],"wp:term":[{"taxonomy":"product_brand","embeddable":true,"href":"https:\/\/www.multicasa.com.br\/cuiaba\/wp-json\/wp\/v2\/product_brand?post=7938"},{"taxonomy":"product_cat","embeddable":true,"href":"https:\/\/www.multicasa.com.br\/cuiaba\/wp-json\/wp\/v2\/product_cat?post=7938"},{"taxonomy":"product_tag","embeddable":true,"href":"https:\/\/www.multicasa.com.br\/cuiaba\/wp-json\/wp\/v2\/product_tag?post=7938"}],"curies":[{"name":"wp","href":"https:\/\/api.w.org\/{rel}","templated":true}]}}