{"id":7978,"date":"2025-06-20T17:28:03","date_gmt":"2025-06-20T21:28:03","guid":{"rendered":"http:\/\/www.multicasa.com.br\/cuiaba\/?post_type=product&#038;p=7978"},"modified":"2026-04-11T09:50:23","modified_gmt":"2026-04-11T13:50:23","slug":"broca-para-concreto-videa-tramontina-10mm","status":"publish","type":"product","link":"https:\/\/www.multicasa.com.br\/cuiaba\/produto\/broca-para-concreto-videa-tramontina-10mm\/","title":{"rendered":"Broca para Concreto V\u00eddea Tramontina 10mm<br>SKU: 1000359"},"content":{"rendered":"<p>A Broca para Concreto de 10x150mm da Tramontina \u00e9 feita em a\u00e7o especial com acabamento jateado DIN 8039. Ela \u00e9 ideal para perfura\u00e7\u00f5es em materiais de concreto. A broca deve ser utilizada juntamente com uma furadeira de impacto no modo martelete. As brocas de concreto da Tramontina s\u00e3o de qualidade, resistentes e dur\u00e1veis, para voc\u00ea obter resultados ainda melhores.<\/p>\n","protected":false},"excerpt":{"rendered":"<h4 style=\"margin: 0px;padding: 0px 0px 16px;font-family: Lato, sans-serif;font-weight: bold;line-height: 3rem;color: var(--dark-grey3);font-size: 22px;font-style: normal;letter-spacing: normal;text-align: start;text-indent: 0px;text-transform: none\">Informa\u00e7\u00f5es t\u00e9cnicas<\/h4>\n<p><span style=\"margin: 0px;padding: 0px;font-weight: 450;font-size: 14px;line-height: 21px;color: var(--dark-grey2);font-family: Lato, sans-serif;font-style: normal;letter-spacing: normal;text-align: start;text-indent: 0px;text-transform: none\">Produto: Broca V\u00eddea<br \/>\nMarca: Tramontina<br \/>\nMaterial: A\u00e7o especial<br \/>\nCaracter\u00edsticas: acabamento jateado, ponta em carboneto de tungst\u00eanio (metal duro), t\u00eampera total no corpo<br \/>\nItens Inclusos: 1 Broca<br \/>\nDi\u00e2metro do produto: 10mm<br \/>\nDimens\u00f5es do produto (A x L): 150 x 10mm<br \/>\nPeso: 0,06kg<\/span><\/p>\n","protected":false},"featured_media":8055,"template":"","meta":{"_joinchat":[]},"product_brand":[],"product_cat":[152],"product_tag":[],"class_list":{"0":"post-7978","1":"product","2":"type-product","3":"status-publish","4":"has-post-thumbnail","6":"product_cat-ferramentas-eletricas","8":"first","9":"instock","10":"shipping-taxable","11":"purchasable","12":"product-type-simple"},"_links":{"self":[{"href":"https:\/\/www.multicasa.com.br\/cuiaba\/wp-json\/wp\/v2\/product\/7978","targetHints":{"allow":["GET"]}}],"collection":[{"href":"https:\/\/www.multicasa.com.br\/cuiaba\/wp-json\/wp\/v2\/product"}],"about":[{"href":"https:\/\/www.multicasa.com.br\/cuiaba\/wp-json\/wp\/v2\/types\/product"}],"wp:featuredmedia":[{"embeddable":true,"href":"https:\/\/www.multicasa.com.br\/cuiaba\/wp-json\/wp\/v2\/media\/8055"}],"wp:attachment":[{"href":"https:\/\/www.multicasa.com.br\/cuiaba\/wp-json\/wp\/v2\/media?parent=7978"}],"wp:term":[{"taxonomy":"product_brand","embeddable":true,"href":"https:\/\/www.multicasa.com.br\/cuiaba\/wp-json\/wp\/v2\/product_brand?post=7978"},{"taxonomy":"product_cat","embeddable":true,"href":"https:\/\/www.multicasa.com.br\/cuiaba\/wp-json\/wp\/v2\/product_cat?post=7978"},{"taxonomy":"product_tag","embeddable":true,"href":"https:\/\/www.multicasa.com.br\/cuiaba\/wp-json\/wp\/v2\/product_tag?post=7978"}],"curies":[{"name":"wp","href":"https:\/\/api.w.org\/{rel}","templated":true}]}}