{"id":8008,"date":"2025-06-20T17:28:25","date_gmt":"2025-06-20T21:28:25","guid":{"rendered":"http:\/\/www.multicasa.com.br\/cuiaba\/?post_type=product&#038;p=8008"},"modified":"2025-12-23T16:31:07","modified_gmt":"2025-12-23T20:31:07","slug":"cabide-de-plastico-preto-para-roupa-cinquetti-leve-5-pague-4","status":"publish","type":"product","link":"https:\/\/www.multicasa.com.br\/cuiaba\/produto\/cabide-de-plastico-preto-para-roupa-cinquetti-leve-5-pague-4\/","title":{"rendered":"Cabide de Pl\u00e1stico Preto para Roupa Cinquetti Leve 5 Pague 4<br>SKU: 2025837"},"content":{"rendered":"<p>Use o Cabide de Pl\u00e1stico Preto para Roupas da Cinquetti e organize roupas em geral. S\u00e3o 5 unidades feitas em pl\u00e1stico que disp\u00f5em de engates internos para que pe\u00e7as de al\u00e7a n\u00e3o escorreguem e amassem. Na uni\u00e3o do gancho com a pe\u00e7a, existe espa\u00e7o dispon\u00edvel para eventuais acess\u00f3rios. O cabide de roupas em geral mede 40, 8 x 19 x 8 cm e, nesta embalagem promocional, leve 5 pague 4.<\/p>\n","protected":false},"excerpt":{"rendered":"<h4 style=\"margin: 0px;padding: 0px 0px 16px;font-family: Lato, sans-serif;font-weight: bold;line-height: 3rem;color: var(--dark-grey3);font-size: 22px;font-style: normal;letter-spacing: normal;text-align: start;text-indent: 0px;text-transform: none\">Informa\u00e7\u00f5es t\u00e9cnicas<\/h4>\n<p><span style=\"margin: 0px;padding: 0px;font-weight: 450;font-size: 14px;line-height: 21px;color: var(--dark-grey2);font-family: Lato, sans-serif;font-style: normal;letter-spacing: normal;text-align: start;text-indent: 0px;text-transform: none\">Produto: Cabide para Roupas<br \/>\nMarca: Cinquetti<br \/>\nMaterial: Pl\u00e1stico<br \/>\nCor: preto<br \/>\nItens Inclusos: 5 Cabides para roupas<br \/>\nDimens\u00f5es do produto (A x L x P): 40,8 x 19 x 8 cm<\/span><\/p>\n","protected":false},"featured_media":24741,"template":"","meta":{"_joinchat":[]},"product_brand":[],"product_cat":[95],"product_tag":[],"class_list":{"0":"post-8008","1":"product","2":"type-product","3":"status-publish","4":"has-post-thumbnail","6":"product_cat-lavanderia","8":"first","9":"instock","10":"shipping-taxable","11":"purchasable","12":"product-type-simple"},"_links":{"self":[{"href":"https:\/\/www.multicasa.com.br\/cuiaba\/wp-json\/wp\/v2\/product\/8008","targetHints":{"allow":["GET"]}}],"collection":[{"href":"https:\/\/www.multicasa.com.br\/cuiaba\/wp-json\/wp\/v2\/product"}],"about":[{"href":"https:\/\/www.multicasa.com.br\/cuiaba\/wp-json\/wp\/v2\/types\/product"}],"wp:featuredmedia":[{"embeddable":true,"href":"https:\/\/www.multicasa.com.br\/cuiaba\/wp-json\/wp\/v2\/media\/24741"}],"wp:attachment":[{"href":"https:\/\/www.multicasa.com.br\/cuiaba\/wp-json\/wp\/v2\/media?parent=8008"}],"wp:term":[{"taxonomy":"product_brand","embeddable":true,"href":"https:\/\/www.multicasa.com.br\/cuiaba\/wp-json\/wp\/v2\/product_brand?post=8008"},{"taxonomy":"product_cat","embeddable":true,"href":"https:\/\/www.multicasa.com.br\/cuiaba\/wp-json\/wp\/v2\/product_cat?post=8008"},{"taxonomy":"product_tag","embeddable":true,"href":"https:\/\/www.multicasa.com.br\/cuiaba\/wp-json\/wp\/v2\/product_tag?post=8008"}],"curies":[{"name":"wp","href":"https:\/\/api.w.org\/{rel}","templated":true}]}}