{"id":8038,"date":"2025-06-20T17:28:46","date_gmt":"2025-06-20T21:28:46","guid":{"rendered":"http:\/\/www.multicasa.com.br\/cuiaba\/?post_type=product&#038;p=8038"},"modified":"2026-02-24T17:30:23","modified_gmt":"2026-02-24T21:30:23","slug":"cabo-hdmi-2-0-90-graus-ultra-hd-pix-chipsce-2m","status":"publish","type":"product","link":"https:\/\/www.multicasa.com.br\/cuiaba\/produto\/cabo-hdmi-2-0-90-graus-ultra-hd-pix-chipsce-2m\/","title":{"rendered":"Cabo HDMI 2.0 90 Graus Ultra HD Pix ChipSCE 2m<br>SKU: 2027156"},"content":{"rendered":"<p>Use o cabo HDMI 2.0 90 Graus Ultra HD Pix ChipSCE para garantir transmiss\u00f5es de excelente qualidade. Com 2 metros, possui uma ponta HDMI 90 graus e outra ponta em \u00e2ngulo reto e conta com tecnologia que garante fidelidade do \u00e1udio com frequ\u00eancia m\u00e1xima da amostragem de at\u00e9 1536khz. Com frequ\u00eancia de at\u00e9 60 quadros, o cabo HDMI ChipSCE entrega maior gama de cores, proporcionando experi\u00eancias ainda mais incr\u00edveis com jogos, sendo compat\u00edvel com resolu\u00e7\u00f5es de 576I\/P 720I\/P 1080I\/P e 2160P. Al\u00e9m disso, possui fun\u00e7\u00e3o CEC que permite controlar todos os aparelhos compat\u00edveis que estejam com a fun\u00e7\u00e3o habilitada e conectados via HDMI por um \u00fanico controle remoto. Nesta vers\u00e3o, h\u00e1 largura de banda de 18gbits e pontas banhadas a ouro. <\/p>\n","protected":false},"excerpt":{"rendered":"<h4 style=\"margin: 0px;padding: 0px 0px 16px;font-family: Lato, sans-serif;font-weight: bold;line-height: 3rem;color: var(--dark-grey3);font-size: 22px;font-style: normal;letter-spacing: normal;text-align: start;text-indent: 0px;text-transform: none\">Informa\u00e7\u00f5es t\u00e9cnicas<\/h4>\n<p><span style=\"margin: 0px;padding: 0px;font-weight: 450;font-size: 14px;line-height: 21px;color: var(--dark-grey2);font-family: Lato, sans-serif;font-style: normal;letter-spacing: normal;text-align: start;text-indent: 0px;text-transform: none\">Produto: Cabo HDMI<br \/>\nMarca: ChipSCE<br \/>\nMaterial: Banhado a ouro<br \/>\nCor: Preto<br \/>\nUso indicado: TV, led, lcd, plasma, monitores digitais, v\u00eddeo games, notebook, projetores e etc.<br \/>\nVers\u00f5es compat\u00edveis: 2.0<br \/>\nCaracter\u00edsticas: Uma ponta HDMI de 90 graus<br \/>\nOutra ponta \u00e2ngulo reto<br \/>\nTransfer\u00eancia digital de \u00e1udio e v\u00eddeo V1.4 4K 3D UltraHD<br \/>\nCompat\u00edvel com resolu\u00e7\u00f5es de 576I\/P 720I\/P 1080I\/P e 2160P<br \/>\nSuporta e transmite HDR<br \/>\nAtinge 60 quadros por segundo<br \/>\nAmostragem de \u00e1udio de at\u00e9 1536KHZ<br \/>\nLargura da banda de 18gb por segundo<br \/>\nItens inclusos: 1 Cabo HDMI<br \/>\nDimens\u00f5es do produto (C): 2m<br \/>\n<\/span><\/p>\n","protected":false},"featured_media":8072,"template":"","meta":{"_joinchat":[]},"product_brand":[],"product_cat":[153],"product_tag":[],"class_list":{"0":"post-8038","1":"product","2":"type-product","3":"status-publish","4":"has-post-thumbnail","6":"product_cat-eletronica-e-cia","8":"first","9":"instock","10":"shipping-taxable","11":"purchasable","12":"product-type-simple"},"_links":{"self":[{"href":"https:\/\/www.multicasa.com.br\/cuiaba\/wp-json\/wp\/v2\/product\/8038","targetHints":{"allow":["GET"]}}],"collection":[{"href":"https:\/\/www.multicasa.com.br\/cuiaba\/wp-json\/wp\/v2\/product"}],"about":[{"href":"https:\/\/www.multicasa.com.br\/cuiaba\/wp-json\/wp\/v2\/types\/product"}],"wp:featuredmedia":[{"embeddable":true,"href":"https:\/\/www.multicasa.com.br\/cuiaba\/wp-json\/wp\/v2\/media\/8072"}],"wp:attachment":[{"href":"https:\/\/www.multicasa.com.br\/cuiaba\/wp-json\/wp\/v2\/media?parent=8038"}],"wp:term":[{"taxonomy":"product_brand","embeddable":true,"href":"https:\/\/www.multicasa.com.br\/cuiaba\/wp-json\/wp\/v2\/product_brand?post=8038"},{"taxonomy":"product_cat","embeddable":true,"href":"https:\/\/www.multicasa.com.br\/cuiaba\/wp-json\/wp\/v2\/product_cat?post=8038"},{"taxonomy":"product_tag","embeddable":true,"href":"https:\/\/www.multicasa.com.br\/cuiaba\/wp-json\/wp\/v2\/product_tag?post=8038"}],"curies":[{"name":"wp","href":"https:\/\/api.w.org\/{rel}","templated":true}]}}