{"id":8045,"date":"2025-06-20T17:28:46","date_gmt":"2025-06-20T21:28:46","guid":{"rendered":"http:\/\/www.multicasa.com.br\/cuiaba\/?post_type=product&#038;p=8045"},"modified":"2026-03-05T13:50:54","modified_gmt":"2026-03-05T17:50:54","slug":"cabo-usb-lightning-de-nylon-trancado-reforcado-prata-geonav-15m","status":"publish","type":"product","link":"https:\/\/www.multicasa.com.br\/cuiaba\/produto\/cabo-usb-lightning-de-nylon-trancado-reforcado-prata-geonav-15m\/","title":{"rendered":"Cabo USB Lightning de Nylon Tran\u00e7ado Refor\u00e7ado Prata Geonav 1,5m<br>SKU: 2021971"},"content":{"rendered":"<p>O Cabo USB Lightning Geonav possui a homologa\u00e7\u00e3o (certificado) da apple, no qual utilizam a mesma tecnologia mfi made for iphone dos cabos originais da apple, n\u00e3o correndo risco de incompatibilidade e nem perda das fun\u00e7\u00f5es por atualiza\u00e7\u00e3o dos aparelhos. O cabo \u00e9 confeccionado em nylon tran\u00e7ado refor\u00e7ado na cor prata com 1,5 m de comprimento, indicado para carregar bateria e sincronizar dados.<br \/>\nO cabo usb \u00e9 compat\u00edvel com iphone, ipad e ipod, possui conector usb 2.0 macho e lightning de 8 pinos macho. <\/p>\n","protected":false},"excerpt":{"rendered":"<h4 style=\"margin: 0px;padding: 0px 0px 16px;font-family: Lato, sans-serif;font-weight: bold;line-height: 3rem;color: var(--dark-grey3);font-size: 22px;font-style: normal;letter-spacing: normal;text-align: start;text-indent: 0px;text-transform: none\">Informa\u00e7\u00f5es t\u00e9cnicas<\/h4>\n<p><span style=\"margin: 0px;padding: 0px;font-weight: 450;font-size: 14px;line-height: 21px;color: var(--dark-grey2);font-family: Lato, sans-serif;font-style: normal;letter-spacing: normal;text-align: start;text-indent: 0px;text-transform: none\">Produto: Cabo USB<br \/>\nTIpo: Lightning<br \/>\nMarca: Geonav<br \/>\nMaterial: Nylon Tran\u00e7ado<br \/>\nCor: Prata<br \/>\nVers\u00f5es compat\u00edveis: 2.0<br \/>\nCaracter\u00edsticas: Faz Transfer\u00eancia de dados e carga<br \/>\nCompat\u00edvel com iphone, ipad e ipod<br \/>\nCertificado pela apple<br \/>\nConex\u00e3o USB macho<br \/>\nConex\u00e3o USB lightning de 8 pinos macho<br \/>\nCabo Ultra Resistente<br \/>\nItens inclusos: 1 Cabo USB<br \/>\nDimens\u00f5es do produto (C): 1,5m<br \/>\nGarantia: 6 meses pelo fornecedor<\/span><\/p>\n","protected":false},"featured_media":24830,"template":"","meta":{"_joinchat":[]},"product_brand":[],"product_cat":[130],"product_tag":[],"class_list":{"0":"post-8045","1":"product","2":"type-product","3":"status-publish","4":"has-post-thumbnail","6":"product_cat-informatica","8":"first","9":"instock","10":"shipping-taxable","11":"purchasable","12":"product-type-simple"},"_links":{"self":[{"href":"https:\/\/www.multicasa.com.br\/cuiaba\/wp-json\/wp\/v2\/product\/8045","targetHints":{"allow":["GET"]}}],"collection":[{"href":"https:\/\/www.multicasa.com.br\/cuiaba\/wp-json\/wp\/v2\/product"}],"about":[{"href":"https:\/\/www.multicasa.com.br\/cuiaba\/wp-json\/wp\/v2\/types\/product"}],"wp:featuredmedia":[{"embeddable":true,"href":"https:\/\/www.multicasa.com.br\/cuiaba\/wp-json\/wp\/v2\/media\/24830"}],"wp:attachment":[{"href":"https:\/\/www.multicasa.com.br\/cuiaba\/wp-json\/wp\/v2\/media?parent=8045"}],"wp:term":[{"taxonomy":"product_brand","embeddable":true,"href":"https:\/\/www.multicasa.com.br\/cuiaba\/wp-json\/wp\/v2\/product_brand?post=8045"},{"taxonomy":"product_cat","embeddable":true,"href":"https:\/\/www.multicasa.com.br\/cuiaba\/wp-json\/wp\/v2\/product_cat?post=8045"},{"taxonomy":"product_tag","embeddable":true,"href":"https:\/\/www.multicasa.com.br\/cuiaba\/wp-json\/wp\/v2\/product_tag?post=8045"}],"curies":[{"name":"wp","href":"https:\/\/api.w.org\/{rel}","templated":true}]}}