{"id":8122,"date":"2025-06-20T17:29:32","date_gmt":"2025-06-20T21:29:32","guid":{"rendered":"http:\/\/www.multicasa.com.br\/cuiaba\/?post_type=product&#038;p=8122"},"modified":"2026-03-10T11:55:31","modified_gmt":"2026-03-10T15:55:31","slug":"chuveiro-bella-ducha-ultra-4-temperaturas-lorenzetti-6800w-220v","status":"publish","type":"product","link":"https:\/\/www.multicasa.com.br\/cuiaba\/produto\/chuveiro-bella-ducha-ultra-4-temperaturas-lorenzetti-6800w-220v\/","title":{"rendered":"Chuveiro Bella Ducha Ultra 4 Temperaturas Lorenzetti 6800W &#8211; 220V<br>SKU: 3280640"},"content":{"rendered":"<p>Para um banho relaxante depois de dias longos e cansativos, use o Chuveiro Bella Ducha Ultra da Lorenzetti. Com design moderno que deixa seu banheiro ainda mais bonito, possui 4 temperaturas, pot\u00eancia de 6800w e 220v de tens\u00e3o. Al\u00e9m disso, o a ducha Lorenzetti proporciona aquecimento e economia com grande espalhador que garante mais conforto na hora do banho. Compat\u00edvel com dispositivo DR e aquecedores solares, recomenda-se o uso de disjuntor 50A e bitola de fio de 10mm\u00b2. Com resist\u00eancia Loren Ultra de alta performance que tem longa dura\u00e7\u00e3o em compara\u00e7\u00e3o \u00e0s resist\u00eancias comuns.<\/p>\n","protected":false},"excerpt":{"rendered":"<h4 style=\"margin: 0px;padding: 0px 0px 16px;font-family: Lato, sans-serif;font-weight: bold;line-height: 3rem;color: var(--dark-grey3);font-size: 22px;font-style: normal;letter-spacing: normal;text-align: start;text-indent: 0px;text-transform: none\">Informa\u00e7\u00f5es t\u00e9cnicas<\/h4>\n<p><span style=\"margin: 0px;padding: 0px;font-weight: 450;font-size: 14px;line-height: 21px;color: var(--dark-grey2);font-family: Lato, sans-serif;font-style: normal;letter-spacing: normal;text-align: start;text-indent: 0px;text-transform: none\">Produto: Chuveiro<br \/>\nMarca: Lorenzetti<br \/>\nModelo: Bella Ducha Ultra<br \/>\nMaterial: Termopl\u00e1stico<br \/>\nCor: Branco<br \/>\nPot\u00eancia: 6800w<br \/>\nTens\u00e3o el\u00e9trica: 220v<br \/>\nCaracter\u00edsticas: 4 Temperaturas; Press\u00e3o de funcionamento: 10 a 400kPa (1 a 40mca ); grau de prote\u00e7\u00e3o: IP 24<br \/>\nItens Inclusos: 1 Chuveiro<br \/>\nDimens\u00f5es do produto (A x L): 10,86 x 17,4cm; di\u00e2metro: 16,5cm<\/span><\/p>\n","protected":false},"featured_media":8206,"template":"","meta":{"_joinchat":[]},"product_brand":[],"product_cat":[71],"product_tag":[],"class_list":{"0":"post-8122","1":"product","2":"type-product","3":"status-publish","4":"has-post-thumbnail","6":"product_cat-chuveiros","8":"first","9":"instock","10":"shipping-taxable","11":"purchasable","12":"product-type-simple"},"_links":{"self":[{"href":"https:\/\/www.multicasa.com.br\/cuiaba\/wp-json\/wp\/v2\/product\/8122","targetHints":{"allow":["GET"]}}],"collection":[{"href":"https:\/\/www.multicasa.com.br\/cuiaba\/wp-json\/wp\/v2\/product"}],"about":[{"href":"https:\/\/www.multicasa.com.br\/cuiaba\/wp-json\/wp\/v2\/types\/product"}],"wp:featuredmedia":[{"embeddable":true,"href":"https:\/\/www.multicasa.com.br\/cuiaba\/wp-json\/wp\/v2\/media\/8206"}],"wp:attachment":[{"href":"https:\/\/www.multicasa.com.br\/cuiaba\/wp-json\/wp\/v2\/media?parent=8122"}],"wp:term":[{"taxonomy":"product_brand","embeddable":true,"href":"https:\/\/www.multicasa.com.br\/cuiaba\/wp-json\/wp\/v2\/product_brand?post=8122"},{"taxonomy":"product_cat","embeddable":true,"href":"https:\/\/www.multicasa.com.br\/cuiaba\/wp-json\/wp\/v2\/product_cat?post=8122"},{"taxonomy":"product_tag","embeddable":true,"href":"https:\/\/www.multicasa.com.br\/cuiaba\/wp-json\/wp\/v2\/product_tag?post=8122"}],"curies":[{"name":"wp","href":"https:\/\/api.w.org\/{rel}","templated":true}]}}