{"id":8123,"date":"2025-06-20T17:29:32","date_gmt":"2025-06-20T21:29:32","guid":{"rendered":"http:\/\/www.multicasa.com.br\/cuiaba\/?post_type=product&#038;p=8123"},"modified":"2026-04-09T14:51:25","modified_gmt":"2026-04-09T18:51:25","slug":"chuveiro-ducha-advanced-eletronico-lorenzetti-7500w-220v","status":"publish","type":"product","link":"https:\/\/www.multicasa.com.br\/cuiaba\/produto\/chuveiro-ducha-advanced-eletronico-lorenzetti-7500w-220v\/","title":{"rendered":"Chuveiro Ducha Advanced Eletr\u00f4nico Lorenzetti 7500W &#8211; 220V<br>SKU: 3417700"},"content":{"rendered":"<p>Depois de um longo dia, chegar em casa e tomar um banho relaxante \u00e9 o que voc\u00ea mais precisa. O Chuveiro Ducha Advanced Eletr\u00f4nico da Lorenzetti \u00e9 ideal para te ajudar a descansar. Funciona com pot\u00eancia de 7500w e 220v e possui tecnologia de ponta que est\u00e1 em todos os detalhes, desde a fia\u00e7\u00e3o at\u00e9 o cano incorporado. Atrav\u00e9s de seu controle eletr\u00f4nico de temperaturas, permite a sele\u00e7\u00e3o gradual e precisa. Feito em termopl\u00e1stico, sua resist\u00eancia tipo refil facilita a troca em caso da queima do aparelho. Para melhor funcionamento, recomenda-se dispositivo DR compat\u00edvel e uso de disjuntor 40A.<\/p>\n","protected":false},"excerpt":{"rendered":"<h4 style=\"margin: 0px;padding: 0px 0px 16px;font-family: Lato, sans-serif;font-weight: bold;line-height: 3rem;color: var(--dark-grey3);font-size: 22px;font-style: normal;letter-spacing: normal;text-align: start;text-indent: 0px;text-transform: none\">Informa\u00e7\u00f5es t\u00e9cnicas<\/h4>\n<p><span style=\"margin: 0px;padding: 0px;font-weight: 450;font-size: 14px;line-height: 21px;color: var(--dark-grey2);font-family: Lato, sans-serif;font-style: normal;letter-spacing: normal;text-align: start;text-indent: 0px;text-transform: none\">Produto: Chuveiro<br \/>\nMarca: Lorenzetti<br \/>\nModelo: Advanced<br \/>\nMaterial: Termopl\u00e1stico<br \/>\nCor: Branco<br \/>\nPot\u00eancia: 7500w<br \/>\nTens\u00e3o el\u00e9trica: 220v<br \/>\nCaracter\u00edsticas: 4 Temperaturas; com controle de temperatura eletr\u00f4nico<br \/>\nItens Inclusos: 1 Chuveiro<br \/>\nDimens\u00f5es do produto (L x P): 11 x 49,8cm; di\u00e2metro: 23cm<\/span><\/p>\n","protected":false},"featured_media":8207,"template":"","meta":{"_joinchat":[]},"product_brand":[],"product_cat":[71],"product_tag":[],"class_list":{"0":"post-8123","1":"product","2":"type-product","3":"status-publish","4":"has-post-thumbnail","6":"product_cat-chuveiros","8":"first","9":"instock","10":"shipping-taxable","11":"purchasable","12":"product-type-simple"},"_links":{"self":[{"href":"https:\/\/www.multicasa.com.br\/cuiaba\/wp-json\/wp\/v2\/product\/8123","targetHints":{"allow":["GET"]}}],"collection":[{"href":"https:\/\/www.multicasa.com.br\/cuiaba\/wp-json\/wp\/v2\/product"}],"about":[{"href":"https:\/\/www.multicasa.com.br\/cuiaba\/wp-json\/wp\/v2\/types\/product"}],"wp:featuredmedia":[{"embeddable":true,"href":"https:\/\/www.multicasa.com.br\/cuiaba\/wp-json\/wp\/v2\/media\/8207"}],"wp:attachment":[{"href":"https:\/\/www.multicasa.com.br\/cuiaba\/wp-json\/wp\/v2\/media?parent=8123"}],"wp:term":[{"taxonomy":"product_brand","embeddable":true,"href":"https:\/\/www.multicasa.com.br\/cuiaba\/wp-json\/wp\/v2\/product_brand?post=8123"},{"taxonomy":"product_cat","embeddable":true,"href":"https:\/\/www.multicasa.com.br\/cuiaba\/wp-json\/wp\/v2\/product_cat?post=8123"},{"taxonomy":"product_tag","embeddable":true,"href":"https:\/\/www.multicasa.com.br\/cuiaba\/wp-json\/wp\/v2\/product_tag?post=8123"}],"curies":[{"name":"wp","href":"https:\/\/api.w.org\/{rel}","templated":true}]}}