{"id":8152,"date":"2025-06-20T17:29:54","date_gmt":"2025-06-20T21:29:54","guid":{"rendered":"http:\/\/www.multicasa.com.br\/cuiaba\/?post_type=product&#038;p=8152"},"modified":"2026-03-17T15:51:31","modified_gmt":"2026-03-17T19:51:31","slug":"cola-de-pvc-tigre-75g","status":"publish","type":"product","link":"https:\/\/www.multicasa.com.br\/cuiaba\/produto\/cola-de-pvc-tigre-75g\/","title":{"rendered":"Cola de PVC Tigre 75g<br>SKU: 21911"},"content":{"rendered":"<p>Use a cola de PVC da Tigre para unir tubos \u00e0 conex\u00f5es atrav\u00e9s de soldagem a frio. Com embalagem de 75g, o adesivo de PVC \u00e9 indispens\u00e1vel para manuten\u00e7\u00f5es simples e dispensa o uso de ferramentas. Produto inflam\u00e1vel e libera vapores t\u00f3xicos.<\/p>\n","protected":false},"excerpt":{"rendered":"<h4 style=\"margin: 0px;padding: 0px 0px 16px;font-family: Lato, sans-serif;font-weight: bold;line-height: 3rem;color: var(--dark-grey3);font-size: 22px;font-style: normal;letter-spacing: normal;text-align: start;text-indent: 0px;text-transform: none\">Informa\u00e7\u00f5es t\u00e9cnicas<\/h4>\n<p><span style=\"margin: 0px;padding: 0px;font-weight: 450;font-size: 14px;line-height: 21px;color: var(--dark-grey2);font-family: Lato, sans-serif;font-style: normal;letter-spacing: normal;text-align: start;text-indent: 0px;text-transform: none\">Produto: Adesivo PVC<br \/>\nMarca: Tigre<br \/>\nCaracter\u00edsticas: Promove a uni\u00e3o entre tubos e conex\u00f5es PVC<br \/>\nSoldagem a frio<br \/>\nProduto inflam\u00e1vel<br \/>\nItens inclusos: 1 Adesivo pvc<br \/>\nDimens\u00e3o do Produto(A x L x P): 18,5 x 4,9 x 3,5cm<br \/>\n<\/span><\/p>\n","protected":false},"featured_media":8224,"template":"","meta":{"_joinchat":[]},"product_brand":[],"product_cat":[73],"product_tag":[],"class_list":{"0":"post-8152","1":"product","2":"type-product","3":"status-publish","4":"has-post-thumbnail","6":"product_cat-tubos-e-conexoes","8":"first","9":"instock","10":"shipping-taxable","11":"purchasable","12":"product-type-simple"},"_links":{"self":[{"href":"https:\/\/www.multicasa.com.br\/cuiaba\/wp-json\/wp\/v2\/product\/8152","targetHints":{"allow":["GET"]}}],"collection":[{"href":"https:\/\/www.multicasa.com.br\/cuiaba\/wp-json\/wp\/v2\/product"}],"about":[{"href":"https:\/\/www.multicasa.com.br\/cuiaba\/wp-json\/wp\/v2\/types\/product"}],"wp:featuredmedia":[{"embeddable":true,"href":"https:\/\/www.multicasa.com.br\/cuiaba\/wp-json\/wp\/v2\/media\/8224"}],"wp:attachment":[{"href":"https:\/\/www.multicasa.com.br\/cuiaba\/wp-json\/wp\/v2\/media?parent=8152"}],"wp:term":[{"taxonomy":"product_brand","embeddable":true,"href":"https:\/\/www.multicasa.com.br\/cuiaba\/wp-json\/wp\/v2\/product_brand?post=8152"},{"taxonomy":"product_cat","embeddable":true,"href":"https:\/\/www.multicasa.com.br\/cuiaba\/wp-json\/wp\/v2\/product_cat?post=8152"},{"taxonomy":"product_tag","embeddable":true,"href":"https:\/\/www.multicasa.com.br\/cuiaba\/wp-json\/wp\/v2\/product_tag?post=8152"}],"curies":[{"name":"wp","href":"https:\/\/api.w.org\/{rel}","templated":true}]}}