{"id":8154,"date":"2025-06-20T17:29:55","date_gmt":"2025-06-20T21:29:55","guid":{"rendered":"http:\/\/www.multicasa.com.br\/cuiaba\/?post_type=product&#038;p=8154"},"modified":"2026-04-22T11:00:23","modified_gmt":"2026-04-22T15:00:23","slug":"conjunto-para-irrigacao-tramontina-4-pecas","status":"publish","type":"product","link":"https:\/\/www.multicasa.com.br\/cuiaba\/produto\/conjunto-para-irrigacao-tramontina-4-pecas\/","title":{"rendered":"Conjunto para Irriga\u00e7\u00e3o Tramontina 4 Pe\u00e7as<br>SKU: 1908219"},"content":{"rendered":"<p>O Conjunto para Irriga\u00e7\u00e3o Tramontina proporciona uma irriga\u00e7\u00e3o precisa, de f\u00e1cil manuseio, e ainda possui pr\u00e1tico sistema de regulagem do fluxo de \u00e1gua, atrav\u00e9s do regulador frontal.<br \/>\nConfeccionado em polipropeno nas cores verde e laranja e com 3 pe\u00e7as, sendo elas 2 engates, 1 adaptador e 1 esguicho.<\/p>\n","protected":false},"excerpt":{"rendered":"<h4 style=\"margin: 0px;padding: 0px 0px 16px;font-family: Lato, sans-serif;font-weight: bold;line-height: 3rem;color: var(--dark-grey3);font-size: 22px;font-style: normal;letter-spacing: normal;text-align: start;text-indent: 0px;text-transform: none\">Informa\u00e7\u00f5es t\u00e9cnicas<\/h4>\n<p><span style=\"margin: 0px;padding: 0px;font-weight: 450;font-size: 14px;line-height: 21px;color: var(--dark-grey2);font-family: Lato, sans-serif;font-style: normal;letter-spacing: normal;text-align: start;text-indent: 0px;text-transform: none\">Produto: Kit Irriga\u00e7\u00e3o<br \/>\nMarca: Tramontina<br \/>\nMaterial: Polipropileno<br \/>\nCor: Verde e laranja<br \/>\nCaracter\u00edsticas: F\u00e1cil manuseio<br \/>\nQuantidade de pe\u00e7as: 4<br \/>\nItens Inclusos: 1 adaptador<br \/>\n1 esguicho<br \/>\n2 engates<br \/>\nDimens\u00f5es do produto (A X L X P): 25,5 x 15,5 x 4cm<br \/>\n<\/span><\/p>\n","protected":false},"featured_media":8230,"template":"","meta":{"_joinchat":[]},"product_brand":[],"product_cat":[76],"product_tag":[],"class_list":{"0":"post-8154","1":"product","2":"type-product","3":"status-publish","4":"has-post-thumbnail","6":"product_cat-jardinagem","8":"first","9":"instock","10":"shipping-taxable","11":"purchasable","12":"product-type-simple"},"_links":{"self":[{"href":"https:\/\/www.multicasa.com.br\/cuiaba\/wp-json\/wp\/v2\/product\/8154","targetHints":{"allow":["GET"]}}],"collection":[{"href":"https:\/\/www.multicasa.com.br\/cuiaba\/wp-json\/wp\/v2\/product"}],"about":[{"href":"https:\/\/www.multicasa.com.br\/cuiaba\/wp-json\/wp\/v2\/types\/product"}],"wp:featuredmedia":[{"embeddable":true,"href":"https:\/\/www.multicasa.com.br\/cuiaba\/wp-json\/wp\/v2\/media\/8230"}],"wp:attachment":[{"href":"https:\/\/www.multicasa.com.br\/cuiaba\/wp-json\/wp\/v2\/media?parent=8154"}],"wp:term":[{"taxonomy":"product_brand","embeddable":true,"href":"https:\/\/www.multicasa.com.br\/cuiaba\/wp-json\/wp\/v2\/product_brand?post=8154"},{"taxonomy":"product_cat","embeddable":true,"href":"https:\/\/www.multicasa.com.br\/cuiaba\/wp-json\/wp\/v2\/product_cat?post=8154"},{"taxonomy":"product_tag","embeddable":true,"href":"https:\/\/www.multicasa.com.br\/cuiaba\/wp-json\/wp\/v2\/product_tag?post=8154"}],"curies":[{"name":"wp","href":"https:\/\/api.w.org\/{rel}","templated":true}]}}