{"id":8158,"date":"2025-06-20T17:29:55","date_gmt":"2025-06-20T21:29:55","guid":{"rendered":"http:\/\/www.multicasa.com.br\/cuiaba\/?post_type=product&#038;p=8158"},"modified":"2026-04-18T10:22:11","modified_gmt":"2026-04-18T14:22:11","slug":"conjunto-interruptor-vertical-1-posto-liz-branco-tramontina-4x2","status":"publish","type":"product","link":"https:\/\/www.multicasa.com.br\/cuiaba\/produto\/conjunto-interruptor-vertical-1-posto-liz-branco-tramontina-4x2\/","title":{"rendered":"Conjunto Interruptor Vertical 1 Posto Liz Branco Tramontina 4&#215;2<br>SKU: 3122859"},"content":{"rendered":"<p>Garanta excel\u00eancia na hora de finalizar o acabamento de reformas. Use o conjunto interruptor vertical 1 posto Liz Tramontina 4&#215;2 que possui tampas polidas com encaixe simples e manual. S\u00e3o ideais para tomadas, produzidas em termopl\u00e1stico de alto brilho que n\u00e3o ret\u00e9m poeira e dispensam o uso de ferramentas sofisticadas. Dispon\u00edvel na cor branca.<\/p>\n","protected":false},"excerpt":{"rendered":"<h4 style=\"margin: 0px; padding: 0px 0px 16px; font-family: Lato, sans-serif; font-weight: bold; line-height: 3rem; color: var(--dark-grey3); font-size: 22px; font-style: normal; letter-spacing: normal; text-align: start; text-indent: 0px; text-transform: none;\">Informa\u00e7\u00f5es t\u00e9cnicas<\/h4>\n<p><span style=\"margin: 0px; padding: 0px; font-weight: 450; font-size: 14px; line-height: 21px; color: var(--dark-grey2); font-family: Lato, sans-serif; font-style: normal; letter-spacing: normal; text-align: start; text-indent: 0px; text-transform: none;\">Produto: Conjunto Interruptor<br \/>\nMarca: Tramontina<br \/>\nMaterial: Pl\u00e1stico Abs<br \/>\nAcabamento: Brilhoso<br \/>\nCor: Branco<br \/>\nCaracter\u00edsticas: Para corrente de 10A<br \/>\nTens\u00e3o m\u00e1xima de 250v<br \/>\nAcompanha parafusos<br \/>\nSuporte pass\u00edvel de regulagem<br \/>\nItens inclusos: 1 Conjunto Interruptor<br \/>\nDimens\u00f5es em polegadas: 4&#215;2<br \/>\nDimens\u00f5es do produto (A X L): 20 x 10,5cm<br \/>\n<\/span><\/p>\n","protected":false},"featured_media":8239,"template":"","meta":{"_joinchat":[]},"product_brand":[],"product_cat":[171,144],"product_tag":[],"class_list":{"0":"post-8158","1":"product","2":"type-product","3":"status-publish","4":"has-post-thumbnail","6":"product_cat-ofertas","7":"product_cat-tomadas-e-cia","9":"first","10":"instock","11":"shipping-taxable","12":"purchasable","13":"product-type-simple"},"_links":{"self":[{"href":"https:\/\/www.multicasa.com.br\/cuiaba\/wp-json\/wp\/v2\/product\/8158","targetHints":{"allow":["GET"]}}],"collection":[{"href":"https:\/\/www.multicasa.com.br\/cuiaba\/wp-json\/wp\/v2\/product"}],"about":[{"href":"https:\/\/www.multicasa.com.br\/cuiaba\/wp-json\/wp\/v2\/types\/product"}],"wp:featuredmedia":[{"embeddable":true,"href":"https:\/\/www.multicasa.com.br\/cuiaba\/wp-json\/wp\/v2\/media\/8239"}],"wp:attachment":[{"href":"https:\/\/www.multicasa.com.br\/cuiaba\/wp-json\/wp\/v2\/media?parent=8158"}],"wp:term":[{"taxonomy":"product_brand","embeddable":true,"href":"https:\/\/www.multicasa.com.br\/cuiaba\/wp-json\/wp\/v2\/product_brand?post=8158"},{"taxonomy":"product_cat","embeddable":true,"href":"https:\/\/www.multicasa.com.br\/cuiaba\/wp-json\/wp\/v2\/product_cat?post=8158"},{"taxonomy":"product_tag","embeddable":true,"href":"https:\/\/www.multicasa.com.br\/cuiaba\/wp-json\/wp\/v2\/product_tag?post=8158"}],"curies":[{"name":"wp","href":"https:\/\/api.w.org\/{rel}","templated":true}]}}