{"id":8212,"date":"2025-06-20T17:30:39","date_gmt":"2025-06-20T21:30:39","guid":{"rendered":"http:\/\/www.multicasa.com.br\/cuiaba\/?post_type=product&#038;p=8212"},"modified":"2026-04-10T15:50:19","modified_gmt":"2026-04-10T19:50:19","slug":"desentupidor-tufao-para-tubulacoes-overtime-5m","status":"publish","type":"product","link":"https:\/\/www.multicasa.com.br\/cuiaba\/produto\/desentupidor-tufao-para-tubulacoes-overtime-5m\/","title":{"rendered":"Desentupidor Tuf\u00e3o para Tubula\u00e7\u00f5es Overtime 5m<br>SKU: 235920"},"content":{"rendered":"<p>Use o Desentupidor Tuf\u00e3o da Overtime para desentupir pias, lavat\u00f3rios, ralos, tanques e sa\u00eddas de lavadoras com tubula\u00e7\u00f5es de at\u00e9 5,8 metros. Resistente e de f\u00e1cil manuseio, \u00e9 eficiente, econ\u00f4mico e auxilia voc\u00ea nas tarefas do dia-a-dia para que n\u00e3o interrompa o andamento da sua rotina. Agilidade e independ\u00eancia para os servi\u00e7os de limpeza.<\/p>\n","protected":false},"excerpt":{"rendered":"<h4 style=\"margin: 0px;padding: 0px 0px 16px;font-family: Lato, sans-serif;font-weight: bold;line-height: 3rem;color: var(--dark-grey3);font-size: 22px;font-style: normal;letter-spacing: normal;text-align: start;text-indent: 0px;text-transform: none\">Informa\u00e7\u00f5es t\u00e9cnicas<\/h4>\n<p><span style=\"margin: 0px;padding: 0px;font-weight: 450;font-size: 14px;line-height: 21px;color: var(--dark-grey2);font-family: Lato, sans-serif;font-style: normal;letter-spacing: normal;text-align: start;text-indent: 0px;text-transform: none\">Produto: Desentupidor para Tubula\u00e7\u00f5es<br \/>\nTipo: Manual<br \/>\nMarca: Overtime<br \/>\nMaterial: A\u00e7o<br \/>\nPl\u00e1stico<br \/>\nCor: Preto<br \/>\nCaracter\u00edsicas: Para tubula\u00e7\u00f5es de 2&#8243;<br \/>\nItens Inclusos: 1 Desentupidor para tubula\u00e7\u00f5es<br \/>\nDimens\u00f5es do produto (A): 5m<\/p>\n<p><\/span><\/p>\n","protected":false},"featured_media":8264,"template":"","meta":{"_joinchat":[]},"product_brand":[],"product_cat":[137],"product_tag":[],"class_list":{"0":"post-8212","1":"product","2":"type-product","3":"status-publish","4":"has-post-thumbnail","6":"product_cat-ferramentas-manuais","8":"first","9":"instock","10":"shipping-taxable","11":"purchasable","12":"product-type-simple"},"_links":{"self":[{"href":"https:\/\/www.multicasa.com.br\/cuiaba\/wp-json\/wp\/v2\/product\/8212","targetHints":{"allow":["GET"]}}],"collection":[{"href":"https:\/\/www.multicasa.com.br\/cuiaba\/wp-json\/wp\/v2\/product"}],"about":[{"href":"https:\/\/www.multicasa.com.br\/cuiaba\/wp-json\/wp\/v2\/types\/product"}],"wp:featuredmedia":[{"embeddable":true,"href":"https:\/\/www.multicasa.com.br\/cuiaba\/wp-json\/wp\/v2\/media\/8264"}],"wp:attachment":[{"href":"https:\/\/www.multicasa.com.br\/cuiaba\/wp-json\/wp\/v2\/media?parent=8212"}],"wp:term":[{"taxonomy":"product_brand","embeddable":true,"href":"https:\/\/www.multicasa.com.br\/cuiaba\/wp-json\/wp\/v2\/product_brand?post=8212"},{"taxonomy":"product_cat","embeddable":true,"href":"https:\/\/www.multicasa.com.br\/cuiaba\/wp-json\/wp\/v2\/product_cat?post=8212"},{"taxonomy":"product_tag","embeddable":true,"href":"https:\/\/www.multicasa.com.br\/cuiaba\/wp-json\/wp\/v2\/product_tag?post=8212"}],"curies":[{"name":"wp","href":"https:\/\/api.w.org\/{rel}","templated":true}]}}