{"id":8292,"date":"2025-06-20T17:31:25","date_gmt":"2025-06-20T21:31:25","guid":{"rendered":"http:\/\/www.multicasa.com.br\/cuiaba\/?post_type=product&#038;p=8292"},"modified":"2026-03-13T15:50:34","modified_gmt":"2026-03-13T19:50:34","slug":"fixador-de-porta-de-pressao-para-rodape-vonder","status":"publish","type":"product","link":"https:\/\/www.multicasa.com.br\/cuiaba\/produto\/fixador-de-porta-de-pressao-para-rodape-vonder\/","title":{"rendered":"Fixador de Porta de Press\u00e3o para Rodap\u00e9 Vonder<br>SKU: 2004426"},"content":{"rendered":"<p>O Fixador de Porta de Press\u00e3o para Rodap\u00e9 Vonder produzido em a\u00e7o carbono niquelado, \u00e9 ideal para travar a porta aberta. Com 25x75mm sua fixa\u00e7\u00e3o \u00e9 no rodap\u00e9 da porta e no rodap\u00e9 da parede, assim evitando que a porta se feche ou bata danificando a parede.<\/p>\n","protected":false},"excerpt":{"rendered":"<h4 style=\"margin: 0px;padding: 0px 0px 16px;font-family: Lato, sans-serif;font-weight: bold;line-height: 3rem;color: var(--dark-grey3);font-size: 22px;font-style: normal;letter-spacing: normal;text-align: start;text-indent: 0px;text-transform: none\">Informa\u00e7\u00f5es t\u00e9cnicas<\/h4>\n<p><span style=\"margin: 0px;padding: 0px;font-weight: 450;font-size: 14px;line-height: 21px;color: var(--dark-grey2);font-family: Lato, sans-serif;font-style: normal;letter-spacing: normal;text-align: start;text-indent: 0px;text-transform: none\"><\/p>\n<p>Produto: Fixador de Porta<br \/>\nMarca: Vonder<br \/>\nMaterial: A\u00e7o carbono<br \/>\nAcabamento: Niquelado<br \/>\nCor: Prata<br \/>\nCaracter\u00edsticas: De press\u00e3o<br \/>\nMaior resist\u00eancia \u00e0 oxida\u00e7\u00e3o\/corros\u00e3o<br \/>\nItens inclusos: 1 Fixador de Porta<br \/>\nDimens\u00f5es do produto (A X L X P): 25 x 75mm<br \/>\nGarantia: 3 meses pelo fabricante<\/span><\/p>\n","protected":false},"featured_media":8375,"template":"","meta":{"_joinchat":[]},"product_brand":[],"product_cat":[141],"product_tag":[],"class_list":{"0":"post-8292","1":"product","2":"type-product","3":"status-publish","4":"has-post-thumbnail","6":"product_cat-marcenaria","8":"first","9":"instock","10":"shipping-taxable","11":"purchasable","12":"product-type-simple"},"_links":{"self":[{"href":"https:\/\/www.multicasa.com.br\/cuiaba\/wp-json\/wp\/v2\/product\/8292","targetHints":{"allow":["GET"]}}],"collection":[{"href":"https:\/\/www.multicasa.com.br\/cuiaba\/wp-json\/wp\/v2\/product"}],"about":[{"href":"https:\/\/www.multicasa.com.br\/cuiaba\/wp-json\/wp\/v2\/types\/product"}],"wp:featuredmedia":[{"embeddable":true,"href":"https:\/\/www.multicasa.com.br\/cuiaba\/wp-json\/wp\/v2\/media\/8375"}],"wp:attachment":[{"href":"https:\/\/www.multicasa.com.br\/cuiaba\/wp-json\/wp\/v2\/media?parent=8292"}],"wp:term":[{"taxonomy":"product_brand","embeddable":true,"href":"https:\/\/www.multicasa.com.br\/cuiaba\/wp-json\/wp\/v2\/product_brand?post=8292"},{"taxonomy":"product_cat","embeddable":true,"href":"https:\/\/www.multicasa.com.br\/cuiaba\/wp-json\/wp\/v2\/product_cat?post=8292"},{"taxonomy":"product_tag","embeddable":true,"href":"https:\/\/www.multicasa.com.br\/cuiaba\/wp-json\/wp\/v2\/product_tag?post=8292"}],"curies":[{"name":"wp","href":"https:\/\/api.w.org\/{rel}","templated":true}]}}