{"id":8326,"date":"2025-06-20T17:31:49","date_gmt":"2025-06-20T21:31:49","guid":{"rendered":"http:\/\/www.multicasa.com.br\/cuiaba\/?post_type=product&#038;p=8326"},"modified":"2026-04-24T10:50:12","modified_gmt":"2026-04-24T14:50:12","slug":"gancho-com-bucha-8mm-bemfixa-4-unidades","status":"publish","type":"product","link":"https:\/\/www.multicasa.com.br\/cuiaba\/produto\/gancho-com-bucha-8mm-bemfixa-4-unidades\/","title":{"rendered":"Gancho com Bucha 8mm Bemfixa 4 unidades<br>SKU: 349410"},"content":{"rendered":"<p>O Gancho Bemfixa \u00e9 produzido em a\u00e7o carbono com acabamento zincado, acompanhado de bucha produzida em nylon com 8 mm e s\u00e3o indicados para trabalhos variados de fixa\u00e7\u00e3o, objetos suspensos, entre outros. O kit conta com 4 buchas e 4 ganchos que individualmente suportam carga de at\u00e9 60kgf.<\/p>\n","protected":false},"excerpt":{"rendered":"<h4 style=\"margin: 0px;padding: 0px 0px 16px;font-family: Lato, sans-serif;font-weight: bold;line-height: 3rem;color: var(--dark-grey3);font-size: 22px;font-style: normal;letter-spacing: normal;text-align: start;text-indent: 0px;text-transform: none\">Informa\u00e7\u00f5es t\u00e9cnicas<\/h4>\n<p><span style=\"margin: 0px;padding: 0px;font-weight: 450;font-size: 14px;line-height: 21px;color: var(--dark-grey2);font-family: Lato, sans-serif;font-style: normal;letter-spacing: normal;text-align: start;text-indent: 0px;text-transform: none\"><br \/>\nProduto: Gancho com Bucha<br \/>\nMarca: Bemfixa<br \/>\nMaterial: Bucha em nylon<br \/>\nGancho em a\u00e7o carbono<br \/>\nCor: Prata, cinza<br \/>\nCaracter\u00edsticas: Carga suportada de 60kgf<br \/>\nQuantidade de pe\u00e7as: 8<br \/>\nItens inclusos: 4 Ganchos<br \/>\n4 Buchas<br \/>\nDi\u00e2metro do produto: Bucha &#8211; 8mm<br \/>\nDimens\u00f5es do produto (A X L): Gancho &#8211; 70 x 4,4mm<br \/>\n<\/span><\/p>\n","protected":false},"featured_media":8400,"template":"","meta":{"_joinchat":[]},"product_brand":[],"product_cat":[135],"product_tag":[],"class_list":{"0":"post-8326","1":"product","2":"type-product","3":"status-publish","4":"has-post-thumbnail","6":"product_cat-parafusos-e-buchas","8":"first","9":"instock","10":"shipping-taxable","11":"purchasable","12":"product-type-simple"},"_links":{"self":[{"href":"https:\/\/www.multicasa.com.br\/cuiaba\/wp-json\/wp\/v2\/product\/8326","targetHints":{"allow":["GET"]}}],"collection":[{"href":"https:\/\/www.multicasa.com.br\/cuiaba\/wp-json\/wp\/v2\/product"}],"about":[{"href":"https:\/\/www.multicasa.com.br\/cuiaba\/wp-json\/wp\/v2\/types\/product"}],"wp:featuredmedia":[{"embeddable":true,"href":"https:\/\/www.multicasa.com.br\/cuiaba\/wp-json\/wp\/v2\/media\/8400"}],"wp:attachment":[{"href":"https:\/\/www.multicasa.com.br\/cuiaba\/wp-json\/wp\/v2\/media?parent=8326"}],"wp:term":[{"taxonomy":"product_brand","embeddable":true,"href":"https:\/\/www.multicasa.com.br\/cuiaba\/wp-json\/wp\/v2\/product_brand?post=8326"},{"taxonomy":"product_cat","embeddable":true,"href":"https:\/\/www.multicasa.com.br\/cuiaba\/wp-json\/wp\/v2\/product_cat?post=8326"},{"taxonomy":"product_tag","embeddable":true,"href":"https:\/\/www.multicasa.com.br\/cuiaba\/wp-json\/wp\/v2\/product_tag?post=8326"}],"curies":[{"name":"wp","href":"https:\/\/api.w.org\/{rel}","templated":true}]}}