{"id":8356,"date":"2025-06-20T17:32:11","date_gmt":"2025-06-20T21:32:11","guid":{"rendered":"http:\/\/www.multicasa.com.br\/cuiaba\/?post_type=product&#038;p=8356"},"modified":"2026-03-17T15:52:45","modified_gmt":"2026-03-17T19:52:45","slug":"joelho-90-soldavel-em-pvc-com-bucha-de-latao-azul-tigre-25mmx3-4","status":"publish","type":"product","link":"https:\/\/www.multicasa.com.br\/cuiaba\/produto\/joelho-90-soldavel-em-pvc-com-bucha-de-latao-azul-tigre-25mmx3-4\/","title":{"rendered":"Joelho 90\u00b0 Sold\u00e1vel em PVC com Bucha de Lat\u00e3o Azul Tigre 25mmx3\/4&#8243;<br>SKU: 384216"},"content":{"rendered":"<p>O Joelho 90\u00b0 Sold\u00e1vel Tigre faz transi\u00e7\u00e3o entre tubula\u00e7\u00f5es de PVC e conex\u00f5es met\u00e1licas destinadas para a condu\u00e7\u00e3o de \u00e1gua fria. Produzido em PVC azul e bucha em lat\u00e3o, com bitola de canos e conex\u00f5es em 25 mm x 3\/4&#8243; \u00e9 indicado para uso de \u00e1gua fria. Pode ser aplicado em acoplamentos com registro, torneiras, v\u00e1lvulas, chuveiros e hidr\u00f4metros. N\u00e3o aperte com chave e evite o uso de veda rosca.<\/p>\n","protected":false},"excerpt":{"rendered":"<h4 style=\"margin: 0px;padding: 0px 0px 16px;font-family: Lato, sans-serif;font-weight: bold;line-height: 3rem;color: var(--dark-grey3);font-size: 22px;font-style: normal;letter-spacing: normal;text-align: start;text-indent: 0px;text-transform: none\">Informa\u00e7\u00f5es t\u00e9cnicas<\/h4>\n<p><span style=\"margin: 0px;padding: 0px;font-weight: 450;font-size: 14px;line-height: 21px;color: var(--dark-grey2);font-family: Lato, sans-serif;font-style: normal;letter-spacing: normal;text-align: start;text-indent: 0px;text-transform: none\">Produto: Joelho<br \/>\nMarca: Tigre<br \/>\nMaterial: PVC<br \/>\nBucha de lat\u00e3o<br \/>\nCor: Azul<br \/>\nCaracter\u00edsticas: 90\u00b0C sold\u00e1vel<br \/>\nConex\u00e3o com guia met\u00e1lico<br \/>\nIndicado para \u00e1gua fria<br \/>\nItens inclusos: 1 Joelho<br \/>\nDicas de uso e preserva\u00e7\u00e3o: Evite excesso de veda rosca<br \/>\nN\u00e3o apertar com chave<br \/>\nDi\u00e2metro: do produto: 3\/4? (25mm)<br \/>\n<\/span><\/p>\n","protected":false},"featured_media":8411,"template":"","meta":{"_joinchat":[]},"product_brand":[],"product_cat":[73],"product_tag":[],"class_list":{"0":"post-8356","1":"product","2":"type-product","3":"status-publish","4":"has-post-thumbnail","6":"product_cat-tubos-e-conexoes","8":"first","9":"instock","10":"shipping-taxable","11":"purchasable","12":"product-type-simple"},"_links":{"self":[{"href":"https:\/\/www.multicasa.com.br\/cuiaba\/wp-json\/wp\/v2\/product\/8356","targetHints":{"allow":["GET"]}}],"collection":[{"href":"https:\/\/www.multicasa.com.br\/cuiaba\/wp-json\/wp\/v2\/product"}],"about":[{"href":"https:\/\/www.multicasa.com.br\/cuiaba\/wp-json\/wp\/v2\/types\/product"}],"wp:featuredmedia":[{"embeddable":true,"href":"https:\/\/www.multicasa.com.br\/cuiaba\/wp-json\/wp\/v2\/media\/8411"}],"wp:attachment":[{"href":"https:\/\/www.multicasa.com.br\/cuiaba\/wp-json\/wp\/v2\/media?parent=8356"}],"wp:term":[{"taxonomy":"product_brand","embeddable":true,"href":"https:\/\/www.multicasa.com.br\/cuiaba\/wp-json\/wp\/v2\/product_brand?post=8356"},{"taxonomy":"product_cat","embeddable":true,"href":"https:\/\/www.multicasa.com.br\/cuiaba\/wp-json\/wp\/v2\/product_cat?post=8356"},{"taxonomy":"product_tag","embeddable":true,"href":"https:\/\/www.multicasa.com.br\/cuiaba\/wp-json\/wp\/v2\/product_tag?post=8356"}],"curies":[{"name":"wp","href":"https:\/\/api.w.org\/{rel}","templated":true}]}}