{"id":8430,"date":"2025-06-20T17:32:57","date_gmt":"2025-06-20T21:32:57","guid":{"rendered":"http:\/\/www.multicasa.com.br\/cuiaba\/?post_type=product&#038;p=8430"},"modified":"2026-04-20T11:21:02","modified_gmt":"2026-04-20T15:21:02","slug":"lampada-de-led-bulbo-branca-taschibra-9w-bivolt","status":"publish","type":"product","link":"https:\/\/www.multicasa.com.br\/cuiaba\/produto\/lampada-de-led-bulbo-branca-taschibra-9w-bivolt\/","title":{"rendered":"L\u00e2mpada de Led Bulbo Branca Taschibra 9W Bivolt<br>SKU: 2013649"},"content":{"rendered":"<p>Voc\u00ea pode iluminar com maior efici\u00eancia qualquer tipo de ambiente usando a l\u00e2mpada de LED bulbo amarela Taschibra. Garante at\u00e9 85% de economia, alta durabilidade e pode ser usado em salas, cozinhas, banheiros, quartos e outros c\u00f4modos, transmitindo sensa\u00e7\u00e3o de relaxamento. Bivolt, possui 9w de pot\u00eancia e temperatura da cor em 6500k. Compat\u00edvel com soquete E27.<\/p>\n","protected":false},"excerpt":{"rendered":"<h4 style=\"margin: 0px;padding: 0px 0px 16px;font-family: Lato, sans-serif;font-weight: bold;line-height: 3rem;color: var(--dark-grey3);font-size: 22px;font-style: normal;letter-spacing: normal;text-align: start;text-indent: 0px;text-transform: none\">Informa\u00e7\u00f5es t\u00e9cnicas<\/h4>\n<p><span style=\"margin: 0px;padding: 0px;font-weight: 450;font-size: 14px;line-height: 21px;color: var(--dark-grey2);font-family: Lato, sans-serif;font-style: normal;letter-spacing: normal;text-align: start;text-indent: 0px;text-transform: none\">Produto: L\u00e2mpada<br \/>\nMarca: Taschibra<br \/>\nMaterial: Policarbonato<br \/>\nAlum\u00ednio<br \/>\nCor: Branca<br \/>\nCor da Luz: Branco<br \/>\nPot\u00eancia: 9w<br \/>\nTens\u00e3o El\u00e9trica: 100 &#8211; 240v<br \/>\nFrequ\u00eancia 50\/60HZ<br \/>\nTemperatura de cor: 6500K<br \/>\nCaracter\u00edsticas: Soquete E27<br \/>\nEquival\u00eancia Incandescente 60w<br \/>\nEquival\u00eancia Fluorescente 16w<br \/>\n\u00c2ngulo de abertura 200\u00b0<br \/>\nFluxo Luminoso 803LM<br \/>\nEfici\u00eancia Luminosa 98LM\/W<br \/>\nFator de pot\u00eancia 0,7<br \/>\n\u00cdndice de prote\u00e7\u00e3o IP20<br \/>\nVida \u00fatil 25000H<br \/>\nN\u00e3o emite raios infravermelhos<br \/>\nN\u00e3o contem merc\u00fario<br \/>\nItens Inclusos: 1 L\u00e2mpada<br \/>\nDimens\u00f5es do produto (A X L): 10,7 x 6,2cm<br \/>\nGarantia: 3 anos<br \/>\n<\/span><\/p>\n","protected":false},"featured_media":8488,"template":"","meta":{"_joinchat":[]},"product_brand":[],"product_cat":[80],"product_tag":[],"class_list":{"0":"post-8430","1":"product","2":"type-product","3":"status-publish","4":"has-post-thumbnail","6":"product_cat-lampadas","8":"first","9":"instock","10":"shipping-taxable","11":"purchasable","12":"product-type-simple"},"_links":{"self":[{"href":"https:\/\/www.multicasa.com.br\/cuiaba\/wp-json\/wp\/v2\/product\/8430","targetHints":{"allow":["GET"]}}],"collection":[{"href":"https:\/\/www.multicasa.com.br\/cuiaba\/wp-json\/wp\/v2\/product"}],"about":[{"href":"https:\/\/www.multicasa.com.br\/cuiaba\/wp-json\/wp\/v2\/types\/product"}],"wp:featuredmedia":[{"embeddable":true,"href":"https:\/\/www.multicasa.com.br\/cuiaba\/wp-json\/wp\/v2\/media\/8488"}],"wp:attachment":[{"href":"https:\/\/www.multicasa.com.br\/cuiaba\/wp-json\/wp\/v2\/media?parent=8430"}],"wp:term":[{"taxonomy":"product_brand","embeddable":true,"href":"https:\/\/www.multicasa.com.br\/cuiaba\/wp-json\/wp\/v2\/product_brand?post=8430"},{"taxonomy":"product_cat","embeddable":true,"href":"https:\/\/www.multicasa.com.br\/cuiaba\/wp-json\/wp\/v2\/product_cat?post=8430"},{"taxonomy":"product_tag","embeddable":true,"href":"https:\/\/www.multicasa.com.br\/cuiaba\/wp-json\/wp\/v2\/product_tag?post=8430"}],"curies":[{"name":"wp","href":"https:\/\/api.w.org\/{rel}","templated":true}]}}