{"id":8437,"date":"2025-06-20T17:32:58","date_gmt":"2025-06-20T21:32:58","guid":{"rendered":"http:\/\/www.multicasa.com.br\/cuiaba\/?post_type=product&#038;p=8437"},"modified":"2026-04-10T15:50:32","modified_gmt":"2026-04-10T19:50:32","slug":"lampada-led-tubular-t8-luz-branca-taschibra-205w-bivolt","status":"publish","type":"product","link":"https:\/\/www.multicasa.com.br\/cuiaba\/produto\/lampada-led-tubular-t8-luz-branca-taschibra-205w-bivolt\/","title":{"rendered":"L\u00e2mpada Led Tubular T8 Luz Branca Taschibra 20,5W Bivolt<br>SKU: 2004801"},"content":{"rendered":"<p>A L\u00e2mpada Led Tubular T8 Luz Branca Taschibra modelo tubo 40 \u00e9 ideal para a ilumina\u00e7\u00e3o decorativa de salas, restaurantes e lojas. Com 20,5w de pot\u00eancia e alimenta\u00e7\u00e3o bivolt, \u00e9 altamente sustent\u00e1vel e oferece baixo custo de manuten\u00e7\u00e3o, com baixa emiss\u00e3o de carbono e zero emiss\u00e3o de raios UV. Com soquete G13 e temperatura de cor de 4000 &#8211; 6500k, \u00e9 perfeita para ilumina\u00e7\u00e3o de objetos sens\u00edveis ao calor. Produzida em vidro e alum\u00ednio, com garantia de 3 anos e com vida \u00fatil de 25000 horas.<\/p>\n","protected":false},"excerpt":{"rendered":"<h4 style=\"margin: 0px;padding: 0px 0px 16px;font-family: Lato, sans-serif;font-weight: bold;line-height: 3rem;color: var(--dark-grey3);font-size: 22px;font-style: normal;letter-spacing: normal;text-align: start;text-indent: 0px;text-transform: none\">Informa\u00e7\u00f5es t\u00e9cnicas<\/h4>\n<p><span style=\"margin: 0px;padding: 0px;font-weight: 450;font-size: 14px;line-height: 21px;color: var(--dark-grey2);font-family: Lato, sans-serif;font-style: normal;letter-spacing: normal;text-align: start;text-indent: 0px;text-transform: none\">Produto: L\u00e2mpada<br \/>\nMarca: Taschibra<br \/>\nModelo: Tubo 40<br \/>\nMaterial: Vidro<br \/>\nAlum\u00ednio<br \/>\nCor: Branca<br \/>\nCor da Luz:Branca<br \/>\nPot\u00eancia: 20,5w<br \/>\nTens\u00e3o El\u00e9trica: 100v &#8211; 240v<br \/>\nFrequ\u00eancia: 50\/60hz<br \/>\nTemperatura de cor: 4000K &#8211; 6500K<br \/>\nCaracter\u00edsticas: Bulbo T8<br \/>\nBase\/Soquete G13<br \/>\nFluxo Luminosa 1850LM<br \/>\nEquival\u00eancia Fluorescente 36w<br \/>\nEfici\u00eancia Luminosa 90LM\/W,<br \/>\nFator de pot\u00eancia 0,92<br \/>\n\u00c2ngulo de abertura 200 graus<br \/>\n\u00cdndice de prote\u00e7\u00e3o IP20<br \/>\nVida \u00fatil 25.000 horas<br \/>\nItens Inclusos: 1 L\u00e2mpada<br \/>\nDimens\u00f5es do produto (A X L): 25,4 x 120cm<br \/>\nGarantia: 3 anos<br \/>\n<\/span><\/p>\n","protected":false},"featured_media":8514,"template":"","meta":{"_joinchat":[]},"product_brand":[],"product_cat":[80],"product_tag":[],"class_list":{"0":"post-8437","1":"product","2":"type-product","3":"status-publish","4":"has-post-thumbnail","6":"product_cat-lampadas","8":"first","9":"instock","10":"shipping-taxable","11":"purchasable","12":"product-type-simple"},"_links":{"self":[{"href":"https:\/\/www.multicasa.com.br\/cuiaba\/wp-json\/wp\/v2\/product\/8437","targetHints":{"allow":["GET"]}}],"collection":[{"href":"https:\/\/www.multicasa.com.br\/cuiaba\/wp-json\/wp\/v2\/product"}],"about":[{"href":"https:\/\/www.multicasa.com.br\/cuiaba\/wp-json\/wp\/v2\/types\/product"}],"wp:featuredmedia":[{"embeddable":true,"href":"https:\/\/www.multicasa.com.br\/cuiaba\/wp-json\/wp\/v2\/media\/8514"}],"wp:attachment":[{"href":"https:\/\/www.multicasa.com.br\/cuiaba\/wp-json\/wp\/v2\/media?parent=8437"}],"wp:term":[{"taxonomy":"product_brand","embeddable":true,"href":"https:\/\/www.multicasa.com.br\/cuiaba\/wp-json\/wp\/v2\/product_brand?post=8437"},{"taxonomy":"product_cat","embeddable":true,"href":"https:\/\/www.multicasa.com.br\/cuiaba\/wp-json\/wp\/v2\/product_cat?post=8437"},{"taxonomy":"product_tag","embeddable":true,"href":"https:\/\/www.multicasa.com.br\/cuiaba\/wp-json\/wp\/v2\/product_tag?post=8437"}],"curies":[{"name":"wp","href":"https:\/\/api.w.org\/{rel}","templated":true}]}}