{"id":8597,"date":"2025-06-20T17:34:49","date_gmt":"2025-06-20T21:34:49","guid":{"rendered":"http:\/\/www.multicasa.com.br\/cuiaba\/?post_type=product&#038;p=8597"},"modified":"2026-01-26T10:52:28","modified_gmt":"2026-01-26T14:52:28","slug":"lampada-de-led-dicroica-branca-taschibra-7w-bivolt","status":"publish","type":"product","link":"https:\/\/www.multicasa.com.br\/cuiaba\/produto\/lampada-de-led-dicroica-branca-taschibra-7w-bivolt\/","title":{"rendered":"L\u00e2mpada de Led Dicr\u00f3ica Branca Taschibra 7W Bivolt<br>SKU: 2015830"},"content":{"rendered":"<p>D\u00ea um toque especial \u00e0 ilumina\u00e7\u00e3o decorativa com a l\u00e2mpada de LED dicr\u00f3ica branca da Taschibra. Proporciona at\u00e9 80% de economia na conta de luz, tem baixa emiss\u00e3o de carbono e zero emiss\u00e3o de UV. Bivolt e com 7w de pot\u00eancia, a temperatura da cor \u00e9 de 6500k. Ideal para usar em objetos sens\u00edveis ao calor, \u00e9 compat\u00edvel com soquete GU10 e possui fluxo luminoso de 525 lumens.<\/p>\n","protected":false},"excerpt":{"rendered":"<h4 style=\"margin: 0px;padding: 0px 0px 16px;font-family: Lato, sans-serif;font-weight: bold;line-height: 3rem;color: var(--dark-grey3);font-size: 22px;font-style: normal;letter-spacing: normal;text-align: start;text-indent: 0px;text-transform: none\">Informa\u00e7\u00f5es t\u00e9cnicas<\/h4>\n<p><span style=\"margin: 0px;padding: 0px;font-weight: 450;font-size: 14px;line-height: 21px;color: var(--dark-grey2);font-family: Lato, sans-serif;font-style: normal;letter-spacing: normal;text-align: start;text-indent: 0px;text-transform: none\">Produto: L\u00e2mpada<br \/>\nMarca: Taschibra<br \/>\nModelo: TDL 50<br \/>\nMaterial: Policarbonato<br \/>\nAlum\u00ednio<br \/>\nCor: Branca<br \/>\nCor da Luz: Branco<br \/>\nPot\u00eancia: 7w<br \/>\nTens\u00e3o El\u00e9trica: 100-240v<br \/>\nFrequ\u00eancia 50\/60HZ<br \/>\nTemperatura de cor: 6500K<br \/>\nCaracter\u00edsticas: Formato MR16<br \/>\nSoquete GU10<br \/>\nEquival\u00eancia 50w<br \/>\nFluxo Luminoso 525LM<br \/>\nEfici\u00eancia Luminosa 75LM\/W<br \/>\nCandela 1100<br \/>\nFator de pot\u00eancia 0,7<br \/>\n\u00c2ngulo da abertura 36\u00b0<br \/>\nVida \u00datil 25000H<br \/>\nIRC 80<br \/>\n\u00cdndice de prote\u00e7\u00e3o IP20<br \/>\nItens Inclusos: 1 L\u00e2mpada<br \/>\nDimens\u00f5es do produto (A X L): 13 x 10cm<br \/>\nGarantia: 3 anos<br \/>\n<\/span><\/p>\n","protected":false},"featured_media":8648,"template":"","meta":{"_joinchat":[]},"product_brand":[],"product_cat":[80],"product_tag":[],"class_list":{"0":"post-8597","1":"product","2":"type-product","3":"status-publish","4":"has-post-thumbnail","6":"product_cat-lampadas","8":"first","9":"instock","10":"shipping-taxable","11":"purchasable","12":"product-type-simple"},"_links":{"self":[{"href":"https:\/\/www.multicasa.com.br\/cuiaba\/wp-json\/wp\/v2\/product\/8597","targetHints":{"allow":["GET"]}}],"collection":[{"href":"https:\/\/www.multicasa.com.br\/cuiaba\/wp-json\/wp\/v2\/product"}],"about":[{"href":"https:\/\/www.multicasa.com.br\/cuiaba\/wp-json\/wp\/v2\/types\/product"}],"wp:featuredmedia":[{"embeddable":true,"href":"https:\/\/www.multicasa.com.br\/cuiaba\/wp-json\/wp\/v2\/media\/8648"}],"wp:attachment":[{"href":"https:\/\/www.multicasa.com.br\/cuiaba\/wp-json\/wp\/v2\/media?parent=8597"}],"wp:term":[{"taxonomy":"product_brand","embeddable":true,"href":"https:\/\/www.multicasa.com.br\/cuiaba\/wp-json\/wp\/v2\/product_brand?post=8597"},{"taxonomy":"product_cat","embeddable":true,"href":"https:\/\/www.multicasa.com.br\/cuiaba\/wp-json\/wp\/v2\/product_cat?post=8597"},{"taxonomy":"product_tag","embeddable":true,"href":"https:\/\/www.multicasa.com.br\/cuiaba\/wp-json\/wp\/v2\/product_tag?post=8597"}],"curies":[{"name":"wp","href":"https:\/\/api.w.org\/{rel}","templated":true}]}}