{"id":8633,"date":"2025-06-20T17:35:11","date_gmt":"2025-06-20T21:35:11","guid":{"rendered":"http:\/\/www.multicasa.com.br\/cuiaba\/?post_type=product&#038;p=8633"},"modified":"2026-02-12T15:50:07","modified_gmt":"2026-02-12T19:50:07","slug":"suporte-articulado-3-niveis-para-tv-lcd-led-plasma-de-14-a-56-multivisao","status":"publish","type":"product","link":"https:\/\/www.multicasa.com.br\/cuiaba\/produto\/suporte-articulado-3-niveis-para-tv-lcd-led-plasma-de-14-a-56-multivisao\/","title":{"rendered":"Suporte Articulado 3 N\u00edveis para TV LCD\/LED\/Plasma de 14&#8243; a 56&#8243; Multivis\u00e3o<br>SKU: 2096068"},"content":{"rendered":"<p>O Suporte Articulado Multivis\u00e3o para TVs de LCD\/LED\/Plasma de 14&#8243; a 56&#8243; possui sistema de encaixe da tv no suporte que facilita e permite que a instala\u00e7\u00e3o seja realizada por apenas uma pessoa com facilidade, al\u00e9m de oferecer ajuste de n\u00edvel com 3 n\u00edveis diferentes de inclina\u00e7\u00e3o: 0,6 ou 15 graus. Recuada, a tv fica a 6,5cm e pode articular at\u00e9 21,5cm da parede. Produzido em a\u00e7o carbono e revestido com pintura ep\u00f3xi de alta resist\u00eancia na cor preto, tem compatibilidade vesa &#8211; horizontal x vertical &#8211; mm de at\u00e9 400 x 400, capacidade de peso de at\u00e9 25kg e \u00e9 compat\u00edvel com TV curved.<\/p>\n","protected":false},"excerpt":{"rendered":"<h4 style=\"margin: 0px;padding: 0px 0px 16px;font-family: Lato, sans-serif;font-weight: bold;line-height: 3rem;color: var(--dark-grey3);font-size: 22px;font-style: normal;letter-spacing: normal;text-align: start;text-indent: 0px;text-transform: none\">Informa\u00e7\u00f5es t\u00e9cnicas<\/h4>\n<p><span style=\"margin: 0px;padding: 0px;font-weight: 450;font-size: 14px;line-height: 21px;color: var(--dark-grey2);font-family: Lato, sans-serif;font-style: normal;letter-spacing: normal;text-align: start;text-indent: 0px;text-transform: none\">Produto: Suporte para TV<br \/>\nTipo: Articul\u00e1vel<br \/>\nMarca: Multivis\u00e3o<br \/>\nMaterial: A\u00e7o<br \/>\nCor: Preto<br \/>\nUso indicado: Fixar TV?s de 14 a 56 polegadas<br \/>\nCaracter\u00edsticas: Art\u00edculavel<br \/>\nSuporta at\u00e9 25kg<br \/>\nPara TV Led\/LCD\/Plasma<br \/>\nCompat\u00edvel com TV Curved<br \/>\nRota\u00e7\u00e3o da articula\u00e7\u00e3o de 180\u00ba<br \/>\n3 n\u00edveis de inclina\u00e7\u00e3o<br \/>\nInclina\u00e7\u00e3o 15 graus<br \/>\nPadr\u00e3o vesa 75 &#8211; 400<br \/>\nCompatibilidade vesa -horizontal x vertical-mm at\u00e9 400 x 400<br \/>\nQuantidade de itens: 41<br \/>\nItens Inclusos: 2 parafusos 3 4&#215;2 1-4,<br \/>\n1 ponteira 40&#215;20<br \/>\n4 arruelas 3-8<br \/>\n4 porcas -14<br \/>\n2 porcas 3-8<br \/>\n1 porca m8<br \/>\n4 arruelas 1-4<br \/>\n3 buchas 10mm<br \/>\n3 parafusos 5-16&#215;55<br \/>\n4 parafusos 4&#215;16<br \/>\n4 parafusos m8x25<br \/>\n4 parafusos m6x16<br \/>\n1 arruela pl\u00e1stica 3mm<br \/>\n4 prolongadores<br \/>\n4 parafusos 1-4&#215;3-8<br \/>\nDimens\u00f5es do produto (A X L X P): 12,5 x 22,5 x 22cm<br \/>\n<\/span><\/p>\n","protected":false},"featured_media":26000,"template":"","meta":{"_joinchat":[]},"product_brand":[],"product_cat":[150],"product_tag":[],"class_list":{"0":"post-8633","1":"product","2":"type-product","3":"status-publish","4":"has-post-thumbnail","6":"product_cat-antenas-e-cia","8":"first","9":"instock","10":"shipping-taxable","11":"purchasable","12":"product-type-simple"},"_links":{"self":[{"href":"https:\/\/www.multicasa.com.br\/cuiaba\/wp-json\/wp\/v2\/product\/8633","targetHints":{"allow":["GET"]}}],"collection":[{"href":"https:\/\/www.multicasa.com.br\/cuiaba\/wp-json\/wp\/v2\/product"}],"about":[{"href":"https:\/\/www.multicasa.com.br\/cuiaba\/wp-json\/wp\/v2\/types\/product"}],"wp:featuredmedia":[{"embeddable":true,"href":"https:\/\/www.multicasa.com.br\/cuiaba\/wp-json\/wp\/v2\/media\/26000"}],"wp:attachment":[{"href":"https:\/\/www.multicasa.com.br\/cuiaba\/wp-json\/wp\/v2\/media?parent=8633"}],"wp:term":[{"taxonomy":"product_brand","embeddable":true,"href":"https:\/\/www.multicasa.com.br\/cuiaba\/wp-json\/wp\/v2\/product_brand?post=8633"},{"taxonomy":"product_cat","embeddable":true,"href":"https:\/\/www.multicasa.com.br\/cuiaba\/wp-json\/wp\/v2\/product_cat?post=8633"},{"taxonomy":"product_tag","embeddable":true,"href":"https:\/\/www.multicasa.com.br\/cuiaba\/wp-json\/wp\/v2\/product_tag?post=8633"}],"curies":[{"name":"wp","href":"https:\/\/api.w.org\/{rel}","templated":true}]}}