{"id":8637,"date":"2025-06-20T17:35:12","date_gmt":"2025-06-20T21:35:12","guid":{"rendered":"http:\/\/www.multicasa.com.br\/cuiaba\/?post_type=product&#038;p=8637"},"modified":"2026-04-01T17:00:56","modified_gmt":"2026-04-01T21:00:56","slug":"varal-de-teto-parede-em-aco-innovar-max-1m","status":"publish","type":"product","link":"https:\/\/www.multicasa.com.br\/cuiaba\/produto\/varal-de-teto-parede-em-aco-innovar-max-1m\/","title":{"rendered":"Varal de Teto\/Parede em A\u00e7o Innovar Max 1m<br>SKU: 2719916"},"content":{"rendered":"<p>Varal de Teto\/Parede Innovar Max com 1m e estrutura em tubo de a\u00e7o com pintura branca, material resistente que suporta at\u00e9 10kg de roupa \u00famida. Possui 5 varetas independentes e \u00e9 de f\u00e1cil instala\u00e7\u00e3o e manuseio simples. Pode ser usado tanto na parede quanto no teto, trazendo mais praticidade e conveni\u00eancia no uso. As varetas descem individualmente tornando f\u00e1cil o processo de pendurar e retirar roupas do varal. Acompanha manual de instru\u00e7\u00f5es &#8220;passo a passo&#8221;, buchas e parafusos para instala\u00e7\u00e3o.<\/p>\n","protected":false},"excerpt":{"rendered":"<h4 style=\"margin: 0px;padding: 0px 0px 16px;font-family: Lato, sans-serif;font-weight: bold;line-height: 3rem;color: var(--dark-grey3);font-size: 22px;font-style: normal;letter-spacing: normal;text-align: start;text-indent: 0px;text-transform: none\">Informa\u00e7\u00f5es t\u00e9cnicas<\/h4>\n<p><span style=\"margin: 0px;padding: 0px;font-weight: 450;font-size: 14px;line-height: 21px;color: var(--dark-grey2);font-family: Lato, sans-serif;font-style: normal;letter-spacing: normal;text-align: start;text-indent: 0px;text-transform: none\">Produto: Varal de teto<br \/>\nMarca: Innovar Max<br \/>\nMaterial: A\u00e7o<br \/>\nCor: Branco<br \/>\nCaracter\u00edsticas: Suporta at\u00e9 10kg<br \/>\n5 varetas independentes<br \/>\nItens Inclusoss: 1 varal de teto<br \/>\nAcess\u00f3rios para a instala\u00e7\u00e3o<br \/>\nDimens\u00f5es do produto (A X L): 100 x 33cm<br \/>\n<\/span><\/p>\n","protected":false},"featured_media":8691,"template":"","meta":{"_joinchat":[]},"product_brand":[],"product_cat":[95],"product_tag":[],"class_list":{"0":"post-8637","1":"product","2":"type-product","3":"status-publish","4":"has-post-thumbnail","6":"product_cat-lavanderia","8":"first","9":"instock","10":"shipping-taxable","11":"purchasable","12":"product-type-simple"},"_links":{"self":[{"href":"https:\/\/www.multicasa.com.br\/cuiaba\/wp-json\/wp\/v2\/product\/8637","targetHints":{"allow":["GET"]}}],"collection":[{"href":"https:\/\/www.multicasa.com.br\/cuiaba\/wp-json\/wp\/v2\/product"}],"about":[{"href":"https:\/\/www.multicasa.com.br\/cuiaba\/wp-json\/wp\/v2\/types\/product"}],"wp:featuredmedia":[{"embeddable":true,"href":"https:\/\/www.multicasa.com.br\/cuiaba\/wp-json\/wp\/v2\/media\/8691"}],"wp:attachment":[{"href":"https:\/\/www.multicasa.com.br\/cuiaba\/wp-json\/wp\/v2\/media?parent=8637"}],"wp:term":[{"taxonomy":"product_brand","embeddable":true,"href":"https:\/\/www.multicasa.com.br\/cuiaba\/wp-json\/wp\/v2\/product_brand?post=8637"},{"taxonomy":"product_cat","embeddable":true,"href":"https:\/\/www.multicasa.com.br\/cuiaba\/wp-json\/wp\/v2\/product_cat?post=8637"},{"taxonomy":"product_tag","embeddable":true,"href":"https:\/\/www.multicasa.com.br\/cuiaba\/wp-json\/wp\/v2\/product_tag?post=8637"}],"curies":[{"name":"wp","href":"https:\/\/api.w.org\/{rel}","templated":true}]}}