{"id":8646,"date":"2025-06-20T17:35:13","date_gmt":"2025-06-20T21:35:13","guid":{"rendered":"http:\/\/www.multicasa.com.br\/cuiaba\/?post_type=product&#038;p=8646"},"modified":"2026-01-09T12:20:08","modified_gmt":"2026-01-09T16:20:08","slug":"modulo-tomada-2pt-pialplus-branco-pial-10a","status":"publish","type":"product","link":"https:\/\/www.multicasa.com.br\/cuiaba\/produto\/modulo-tomada-2pt-pialplus-branco-pial-10a\/","title":{"rendered":"M\u00f3dulo Tomada 2P+T Pialplus Branco Pial 10A<br>SKU: 3061531"},"content":{"rendered":"<p>O M\u00f3dulo Tomada Pialplus Branco Pial \u00e9 produzido em pl\u00e1stico branco com componentes em metal. O miolo tem encaixe manual com 1 tomada 2P+T e \u00e9 indicado para correntes nominais de 10a. Instale tomadas com seguran\u00e7a e qualidade.<\/p>\n","protected":false},"excerpt":{"rendered":"<h4 style=\"margin: 0px;padding: 0px 0px 16px;font-family: Lato, sans-serif;font-weight: bold;line-height: 3rem;color: var(--dark-grey3);font-size: 22px;font-style: normal;letter-spacing: normal;text-align: start;text-indent: 0px;text-transform: none\">Informa\u00e7\u00f5es t\u00e9cnicas<\/h4>\n<p><span style=\"margin: 0px;padding: 0px;font-weight: 450;font-size: 14px;line-height: 21px;color: var(--dark-grey2);font-family: Lato, sans-serif;font-style: normal;letter-spacing: normal;text-align: start;text-indent: 0px;text-transform: none\">Produto: M\u00f3dulo Tomada<br \/>\nMarca: Pial<br \/>\nMaterial: Pl\u00e1stico<br \/>\nMetal<br \/>\nCor: Branco<br \/>\nCaracter\u00edsticas: Corrente de 10A<br \/>\nTomada 2P+T<br \/>\nItens inclusos: 1m\u00f3dulo Tomada<br \/>\nDimens\u00f5es do produto (A X L): 3,8 x 4,2cm<br \/>\n<\/span><\/p>\n","protected":false},"featured_media":8722,"template":"","meta":{"_joinchat":[]},"product_brand":[],"product_cat":[144],"product_tag":[],"class_list":{"0":"post-8646","1":"product","2":"type-product","3":"status-publish","4":"has-post-thumbnail","6":"product_cat-tomadas-e-cia","8":"first","9":"instock","10":"shipping-taxable","11":"purchasable","12":"product-type-simple"},"_links":{"self":[{"href":"https:\/\/www.multicasa.com.br\/cuiaba\/wp-json\/wp\/v2\/product\/8646","targetHints":{"allow":["GET"]}}],"collection":[{"href":"https:\/\/www.multicasa.com.br\/cuiaba\/wp-json\/wp\/v2\/product"}],"about":[{"href":"https:\/\/www.multicasa.com.br\/cuiaba\/wp-json\/wp\/v2\/types\/product"}],"wp:featuredmedia":[{"embeddable":true,"href":"https:\/\/www.multicasa.com.br\/cuiaba\/wp-json\/wp\/v2\/media\/8722"}],"wp:attachment":[{"href":"https:\/\/www.multicasa.com.br\/cuiaba\/wp-json\/wp\/v2\/media?parent=8646"}],"wp:term":[{"taxonomy":"product_brand","embeddable":true,"href":"https:\/\/www.multicasa.com.br\/cuiaba\/wp-json\/wp\/v2\/product_brand?post=8646"},{"taxonomy":"product_cat","embeddable":true,"href":"https:\/\/www.multicasa.com.br\/cuiaba\/wp-json\/wp\/v2\/product_cat?post=8646"},{"taxonomy":"product_tag","embeddable":true,"href":"https:\/\/www.multicasa.com.br\/cuiaba\/wp-json\/wp\/v2\/product_tag?post=8646"}],"curies":[{"name":"wp","href":"https:\/\/api.w.org\/{rel}","templated":true}]}}