{"id":8674,"date":"2025-06-20T17:35:36","date_gmt":"2025-06-20T21:35:36","guid":{"rendered":"http:\/\/www.multicasa.com.br\/cuiaba\/?post_type=product&#038;p=8674"},"modified":"2025-08-18T00:16:00","modified_gmt":"2025-08-18T04:16:00","slug":"cabide-de-plastico-para-tenis-cinquetti","status":"publish","type":"product","link":"https:\/\/www.multicasa.com.br\/cuiaba\/produto\/cabide-de-plastico-para-tenis-cinquetti\/","title":{"rendered":"Cabide de Pl\u00e1stico para T\u00eanis Cinquetti<br>SKU: 3316866"},"content":{"rendered":"<p>O Cabide de Pl\u00e1stico para T\u00eanis da Cinquetti \u00e9 ideal para que voc\u00ea pendure e organize seus cal\u00e7ados dentro do arm\u00e1rio ou sapateira ou para que sequem por inteiro depois de lavados. Possui argola na parte inferior que pode servir para pendurar os cadar\u00e7os ou encaixar, na sequ\u00eancia, outro cabide e otimizar a organiza\u00e7\u00e3o. Pr\u00e1tico, o uso do cabide para cal\u00e7ados \u00e9 indicado para facilitar a visualiza\u00e7\u00e3o dos pares sem dificuldades.<\/p>\n","protected":false},"excerpt":{"rendered":"<h4 style=\"margin: 0px;padding: 0px 0px 16px;font-family: Lato, sans-serif;font-weight: bold;line-height: 3rem;color: var(--dark-grey3);font-size: 22px;font-style: normal;letter-spacing: normal;text-align: start;text-indent: 0px;text-transform: none\">Informa\u00e7\u00f5es t\u00e9cnicas<\/h4>\n<p><span style=\"margin: 0px;padding: 0px;font-weight: 450;font-size: 14px;line-height: 21px;color: var(--dark-grey2);font-family: Lato, sans-serif;font-style: normal;letter-spacing: normal;text-align: start;text-indent: 0px;text-transform: none\">Produto: Cabide para T\u00eanis<br \/>\nMarca: Cinquentti<br \/>\nMaterial: Pl\u00e1stico<br \/>\nCor: preto<br \/>\nItens Inclusos: 1 Cabide para T\u00eanis<br \/>\nDimens\u00f5es do produto (A x L x P): 21 x 23 x 2,7cm<\/span><\/p>\n","protected":false},"featured_media":8733,"template":"","meta":{"_joinchat":[]},"product_brand":[],"product_cat":[95],"product_tag":[],"class_list":{"0":"post-8674","1":"product","2":"type-product","3":"status-publish","4":"has-post-thumbnail","6":"product_cat-lavanderia","8":"first","9":"instock","10":"shipping-taxable","11":"purchasable","12":"product-type-simple"},"_links":{"self":[{"href":"https:\/\/www.multicasa.com.br\/cuiaba\/wp-json\/wp\/v2\/product\/8674","targetHints":{"allow":["GET"]}}],"collection":[{"href":"https:\/\/www.multicasa.com.br\/cuiaba\/wp-json\/wp\/v2\/product"}],"about":[{"href":"https:\/\/www.multicasa.com.br\/cuiaba\/wp-json\/wp\/v2\/types\/product"}],"wp:featuredmedia":[{"embeddable":true,"href":"https:\/\/www.multicasa.com.br\/cuiaba\/wp-json\/wp\/v2\/media\/8733"}],"wp:attachment":[{"href":"https:\/\/www.multicasa.com.br\/cuiaba\/wp-json\/wp\/v2\/media?parent=8674"}],"wp:term":[{"taxonomy":"product_brand","embeddable":true,"href":"https:\/\/www.multicasa.com.br\/cuiaba\/wp-json\/wp\/v2\/product_brand?post=8674"},{"taxonomy":"product_cat","embeddable":true,"href":"https:\/\/www.multicasa.com.br\/cuiaba\/wp-json\/wp\/v2\/product_cat?post=8674"},{"taxonomy":"product_tag","embeddable":true,"href":"https:\/\/www.multicasa.com.br\/cuiaba\/wp-json\/wp\/v2\/product_tag?post=8674"}],"curies":[{"name":"wp","href":"https:\/\/api.w.org\/{rel}","templated":true}]}}