{"id":8677,"date":"2025-06-20T17:35:36","date_gmt":"2025-06-20T21:35:36","guid":{"rendered":"http:\/\/www.multicasa.com.br\/cuiaba\/?post_type=product&#038;p=8677"},"modified":"2026-04-09T10:20:38","modified_gmt":"2026-04-09T14:20:38","slug":"lampada-para-micro-ondas-geladeira-clara-e14-brasfort-15w-127v","status":"publish","type":"product","link":"https:\/\/www.multicasa.com.br\/cuiaba\/produto\/lampada-para-micro-ondas-geladeira-clara-e14-brasfort-15w-127v\/","title":{"rendered":"L\u00e2mpada para Micro-ondas \/ Geladeira Clara E14 Brasfort 15W &#8211; 127V<br>SKU: 3343286"},"content":{"rendered":"<p>L\u00e2mpada para Micro-ondas \/ Geladeira Clara E14 Brasfort 15W &#8211; 127V. Utilizada em geladeiras, micro-ondas e fog\u00f5es. Bulbo de vidro com filamento em tungst\u00eanio e soquete de material n\u00e3o ferroso.<\/p>\n","protected":false},"excerpt":{"rendered":"<h4 style=\"margin: 0px;padding: 0px 0px 16px;font-family: Lato, sans-serif;font-weight: bold;line-height: 3rem;color: var(--dark-grey3);font-size: 22px;font-style: normal;letter-spacing: normal;text-align: start;text-indent: 0px;text-transform: none\">Informa\u00e7\u00f5es t\u00e9cnicas<\/h4>\n<p><span style=\"margin: 0px;padding: 0px;font-weight: 450;font-size: 14px;line-height: 21px;color: var(--dark-grey2);font-family: Lato, sans-serif;font-style: normal;letter-spacing: normal;text-align: start;text-indent: 0px;text-transform: none\">Produto: L\u00e2mpada Geladeira\/Micro-ondas<br \/>\nMarca: Brasfort<br \/>\nMaterial: Vidro e tungst\u00eanio<br \/>\nCor: Clara<br \/>\nPot\u00eancia: 15w<br \/>\nTens\u00e3o El\u00e9trica: 127v<br \/>\nCaracter\u00edsticas: Soquete E14<br \/>\nItens Inclusos: 1 L\u00e2mpada geladeira\/micro-ondas<br \/>\nDimens\u00f5es do produto (A X L X ): 5,5 x 2,5 x 2,5cm<\/span><\/p>\n","protected":false},"featured_media":8738,"template":"","meta":{"_joinchat":[]},"product_brand":[],"product_cat":[80],"product_tag":[],"class_list":{"0":"post-8677","1":"product","2":"type-product","3":"status-publish","4":"has-post-thumbnail","6":"product_cat-lampadas","8":"first","9":"instock","10":"shipping-taxable","11":"purchasable","12":"product-type-simple"},"_links":{"self":[{"href":"https:\/\/www.multicasa.com.br\/cuiaba\/wp-json\/wp\/v2\/product\/8677","targetHints":{"allow":["GET"]}}],"collection":[{"href":"https:\/\/www.multicasa.com.br\/cuiaba\/wp-json\/wp\/v2\/product"}],"about":[{"href":"https:\/\/www.multicasa.com.br\/cuiaba\/wp-json\/wp\/v2\/types\/product"}],"wp:featuredmedia":[{"embeddable":true,"href":"https:\/\/www.multicasa.com.br\/cuiaba\/wp-json\/wp\/v2\/media\/8738"}],"wp:attachment":[{"href":"https:\/\/www.multicasa.com.br\/cuiaba\/wp-json\/wp\/v2\/media?parent=8677"}],"wp:term":[{"taxonomy":"product_brand","embeddable":true,"href":"https:\/\/www.multicasa.com.br\/cuiaba\/wp-json\/wp\/v2\/product_brand?post=8677"},{"taxonomy":"product_cat","embeddable":true,"href":"https:\/\/www.multicasa.com.br\/cuiaba\/wp-json\/wp\/v2\/product_cat?post=8677"},{"taxonomy":"product_tag","embeddable":true,"href":"https:\/\/www.multicasa.com.br\/cuiaba\/wp-json\/wp\/v2\/product_tag?post=8677"}],"curies":[{"name":"wp","href":"https:\/\/api.w.org\/{rel}","templated":true}]}}