{"id":8705,"date":"2025-06-20T17:35:58","date_gmt":"2025-06-20T21:35:58","guid":{"rendered":"http:\/\/www.multicasa.com.br\/cuiaba\/?post_type=product&#038;p=8705"},"modified":"2025-12-23T16:10:10","modified_gmt":"2025-12-23T20:10:10","slug":"divisor-de-sinal-de-antena-1x3-fc-fios","status":"publish","type":"product","link":"https:\/\/www.multicasa.com.br\/cuiaba\/produto\/divisor-de-sinal-de-antena-1x3-fc-fios\/","title":{"rendered":"Divisor de Sinal de Antena 1&#215;3 Fc Fios<br>SKU: 3678377"},"content":{"rendered":"<p>O Divisor de Sinal de Antena 1&#215;3 Fc Fios liga e divide sinal para Tvs\/V\u00eddeo, anal\u00f3gico e digital. Produzido em zinco resistente com aproximadamente 7x12cm, possui uma entrada e tr\u00eas sa\u00eddas.<\/p>\n","protected":false},"excerpt":{"rendered":"<h4 style=\"margin: 0px;padding: 0px 0px 16px;font-family: Lato, sans-serif;font-weight: bold;line-height: 3rem;color: var(--dark-grey3);font-size: 22px;font-style: normal;letter-spacing: normal;text-align: start;text-indent: 0px;text-transform: none\">Informa\u00e7\u00f5es t\u00e9cnicas<\/h4>\n<p><span style=\"margin: 0px;padding: 0px;font-weight: 450;font-size: 14px;line-height: 21px;color: var(--dark-grey2);font-family: Lato, sans-serif;font-style: normal;letter-spacing: normal;text-align: start;text-indent: 0px;text-transform: none\">Produto: Divisor de Sinal de Antena<br \/>\nMarca: FC Fios<br \/>\nMaterial: Zinco<br \/>\nCor: Dourada<br \/>\nCaracter\u00edsticas: 1 entrada<br \/>\n3 sa\u00eddas<br \/>\nItens inclusos: 1 Divisor de Sinal de Antena<br \/>\nDimens\u00f5es do produto (A X L X P): 7 x 12 x 3cm<br \/>\nPeso do produto: 37g<br \/>\n<\/span><\/p>\n","protected":false},"featured_media":8765,"template":"","meta":{"_joinchat":[]},"product_brand":[],"product_cat":[150],"product_tag":[],"class_list":{"0":"post-8705","1":"product","2":"type-product","3":"status-publish","4":"has-post-thumbnail","6":"product_cat-antenas-e-cia","8":"first","9":"instock","10":"shipping-taxable","11":"purchasable","12":"product-type-simple"},"_links":{"self":[{"href":"https:\/\/www.multicasa.com.br\/cuiaba\/wp-json\/wp\/v2\/product\/8705","targetHints":{"allow":["GET"]}}],"collection":[{"href":"https:\/\/www.multicasa.com.br\/cuiaba\/wp-json\/wp\/v2\/product"}],"about":[{"href":"https:\/\/www.multicasa.com.br\/cuiaba\/wp-json\/wp\/v2\/types\/product"}],"wp:featuredmedia":[{"embeddable":true,"href":"https:\/\/www.multicasa.com.br\/cuiaba\/wp-json\/wp\/v2\/media\/8765"}],"wp:attachment":[{"href":"https:\/\/www.multicasa.com.br\/cuiaba\/wp-json\/wp\/v2\/media?parent=8705"}],"wp:term":[{"taxonomy":"product_brand","embeddable":true,"href":"https:\/\/www.multicasa.com.br\/cuiaba\/wp-json\/wp\/v2\/product_brand?post=8705"},{"taxonomy":"product_cat","embeddable":true,"href":"https:\/\/www.multicasa.com.br\/cuiaba\/wp-json\/wp\/v2\/product_cat?post=8705"},{"taxonomy":"product_tag","embeddable":true,"href":"https:\/\/www.multicasa.com.br\/cuiaba\/wp-json\/wp\/v2\/product_tag?post=8705"}],"curies":[{"name":"wp","href":"https:\/\/api.w.org\/{rel}","templated":true}]}}