{"id":8707,"date":"2025-06-20T17:35:58","date_gmt":"2025-06-20T21:35:58","guid":{"rendered":"http:\/\/www.multicasa.com.br\/cuiaba\/?post_type=product&#038;p=8707"},"modified":"2025-10-08T11:14:10","modified_gmt":"2025-10-08T15:14:10","slug":"plugue-macho-reto-para-extensao-2pt-preto-tramontina-10a","status":"publish","type":"product","link":"https:\/\/www.multicasa.com.br\/cuiaba\/produto\/plugue-macho-reto-para-extensao-2pt-preto-tramontina-10a\/","title":{"rendered":"Plugue Macho Reto para Extens\u00e3o 2P+T Preto Tramontina 10A<br>SKU: 3678636"},"content":{"rendered":"<p>Com o plugue macho reto para extens\u00e3o 2P+T preto Tramontina voc\u00ea usa, sem preocup\u00e7\u00f5es, seus aparelhos e dispositivos que precisam de adaptadores para serem ligados \u00e0 tomada com corrente m\u00e1xima de 10a. Os produtos da linha Priscus s\u00e3o ideiais para adequa\u00e7\u00e3o ao novo padr\u00e3o brasileiro de plugues, garantindo efici\u00eancia e seguran\u00e7a durante o uso e fabricados em nylon antichama.<\/p>\n","protected":false},"excerpt":{"rendered":"<h4 style=\"margin: 0px;padding: 0px 0px 16px;font-family: Lato, sans-serif;font-weight: bold;line-height: 3rem;color: var(--dark-grey3);font-size: 22px;font-style: normal;letter-spacing: normal;text-align: start;text-indent: 0px;text-transform: none\">Informa\u00e7\u00f5es t\u00e9cnicas<\/h4>\n<p><span style=\"margin: 0px;padding: 0px;font-weight: 450;font-size: 14px;line-height: 21px;color: var(--dark-grey2);font-family: Lato, sans-serif;font-style: normal;letter-spacing: normal;text-align: start;text-indent: 0px;text-transform: none\">Produto: Plugue Macho Reto<br \/>\nMarca: Tramontina<br \/>\nMaterial: Termopl\u00e1stico antichama<br \/>\nCondutores e pino em liga de cobre<br \/>\nCor: Preto<br \/>\nCaracter\u00edsticas: Para correntes de 10a<br \/>\nTens\u00e3o m\u00e1xima de 250v<br \/>\n2P+t<br \/>\nNorma NBR 14136<br \/>\nItens inclusos: 1 Plugue Macho Reto<\/span><\/p>\n","protected":false},"featured_media":8768,"template":"","meta":{"_joinchat":[]},"product_brand":[],"product_cat":[144],"product_tag":[],"class_list":{"0":"post-8707","1":"product","2":"type-product","3":"status-publish","4":"has-post-thumbnail","6":"product_cat-tomadas-e-cia","8":"first","9":"instock","10":"shipping-taxable","11":"purchasable","12":"product-type-simple"},"_links":{"self":[{"href":"https:\/\/www.multicasa.com.br\/cuiaba\/wp-json\/wp\/v2\/product\/8707","targetHints":{"allow":["GET"]}}],"collection":[{"href":"https:\/\/www.multicasa.com.br\/cuiaba\/wp-json\/wp\/v2\/product"}],"about":[{"href":"https:\/\/www.multicasa.com.br\/cuiaba\/wp-json\/wp\/v2\/types\/product"}],"wp:featuredmedia":[{"embeddable":true,"href":"https:\/\/www.multicasa.com.br\/cuiaba\/wp-json\/wp\/v2\/media\/8768"}],"wp:attachment":[{"href":"https:\/\/www.multicasa.com.br\/cuiaba\/wp-json\/wp\/v2\/media?parent=8707"}],"wp:term":[{"taxonomy":"product_brand","embeddable":true,"href":"https:\/\/www.multicasa.com.br\/cuiaba\/wp-json\/wp\/v2\/product_brand?post=8707"},{"taxonomy":"product_cat","embeddable":true,"href":"https:\/\/www.multicasa.com.br\/cuiaba\/wp-json\/wp\/v2\/product_cat?post=8707"},{"taxonomy":"product_tag","embeddable":true,"href":"https:\/\/www.multicasa.com.br\/cuiaba\/wp-json\/wp\/v2\/product_tag?post=8707"}],"curies":[{"name":"wp","href":"https:\/\/api.w.org\/{rel}","templated":true}]}}