{"id":8778,"date":"2025-06-20T17:36:44","date_gmt":"2025-06-20T21:36:44","guid":{"rendered":"http:\/\/www.multicasa.com.br\/cuiaba\/?post_type=product&#038;p=8778"},"modified":"2026-04-20T10:20:49","modified_gmt":"2026-04-20T14:20:49","slug":"protetor-para-ralo-plastico-paramax-95mm","status":"publish","type":"product","link":"https:\/\/www.multicasa.com.br\/cuiaba\/produto\/protetor-para-ralo-plastico-paramax-95mm\/","title":{"rendered":"Protetor para Ralo Pl\u00e1stico Paramax 95mm<br>SKU: 4394518"},"content":{"rendered":"<p>O Protetor para Ralo Paramax evita que insetos, bichos e pequenos animais tenham acesso ao interior da resid\u00eancia pelos canos e tubos. Produzido em pl\u00e1stico nas cores branco e vermelho, tem di\u00e2metro de 95mm e acompanha uma chave max. Nos banheiros, ele tem tamb\u00e9m a fun\u00e7\u00e3o de filtro, fazendo com que cabelos e p\u00ealos fiquem retidos no fundo do ralo, evitando por mais tempo a manuten\u00e7\u00e3o das instala\u00e7\u00f5es sanit\u00e1rias pelo acumulo de res\u00edduos.<\/p>\n","protected":false},"excerpt":{"rendered":"<h4 style=\"margin: 0px;padding: 0px 0px 16px;font-family: Lato, sans-serif;font-weight: bold;line-height: 3rem;color: var(--dark-grey3);font-size: 22px;font-style: normal;letter-spacing: normal;text-align: start;text-indent: 0px;text-transform: none\">Informa\u00e7\u00f5es t\u00e9cnicas<\/h4>\n<p><span style=\"margin: 0px;padding: 0px;font-weight: 450;font-size: 14px;line-height: 21px;color: var(--dark-grey2);font-family: Lato, sans-serif;font-style: normal;letter-spacing: normal;text-align: start;text-indent: 0px;text-transform: none\">Produto: Protetor para ralo<br \/>\nMarca: Paramax<br \/>\nMaterial: Pl\u00e1stico<br \/>\nCor: Branco e vermelho<br \/>\nCaracter\u00edsticas: Evita insetos<br \/>\nFun\u00e7\u00e3o filtro<br \/>\nQuantidade de pe\u00e7as: 2<br \/>\nItens inclusos: 1 Protetor para ralo<br \/>\n1 chave max<br \/>\nDi\u00e2metro do produto: 95mm<br \/>\n<\/span><\/p>\n","protected":false},"featured_media":8835,"template":"","meta":{"_joinchat":[]},"product_brand":[],"product_cat":[73],"product_tag":[],"class_list":{"0":"post-8778","1":"product","2":"type-product","3":"status-publish","4":"has-post-thumbnail","6":"product_cat-tubos-e-conexoes","8":"first","9":"instock","10":"shipping-taxable","11":"purchasable","12":"product-type-simple"},"_links":{"self":[{"href":"https:\/\/www.multicasa.com.br\/cuiaba\/wp-json\/wp\/v2\/product\/8778","targetHints":{"allow":["GET"]}}],"collection":[{"href":"https:\/\/www.multicasa.com.br\/cuiaba\/wp-json\/wp\/v2\/product"}],"about":[{"href":"https:\/\/www.multicasa.com.br\/cuiaba\/wp-json\/wp\/v2\/types\/product"}],"wp:featuredmedia":[{"embeddable":true,"href":"https:\/\/www.multicasa.com.br\/cuiaba\/wp-json\/wp\/v2\/media\/8835"}],"wp:attachment":[{"href":"https:\/\/www.multicasa.com.br\/cuiaba\/wp-json\/wp\/v2\/media?parent=8778"}],"wp:term":[{"taxonomy":"product_brand","embeddable":true,"href":"https:\/\/www.multicasa.com.br\/cuiaba\/wp-json\/wp\/v2\/product_brand?post=8778"},{"taxonomy":"product_cat","embeddable":true,"href":"https:\/\/www.multicasa.com.br\/cuiaba\/wp-json\/wp\/v2\/product_cat?post=8778"},{"taxonomy":"product_tag","embeddable":true,"href":"https:\/\/www.multicasa.com.br\/cuiaba\/wp-json\/wp\/v2\/product_tag?post=8778"}],"curies":[{"name":"wp","href":"https:\/\/api.w.org\/{rel}","templated":true}]}}