{"id":8786,"date":"2025-06-20T17:36:45","date_gmt":"2025-06-20T21:36:45","guid":{"rendered":"http:\/\/www.multicasa.com.br\/cuiaba\/?post_type=product&#038;p=8786"},"modified":"2026-04-11T11:50:43","modified_gmt":"2026-04-11T15:50:43","slug":"suporte-para-papel-higienico-com-ventosa-branco-daivak","status":"publish","type":"product","link":"https:\/\/www.multicasa.com.br\/cuiaba\/produto\/suporte-para-papel-higienico-com-ventosa-branco-daivak\/","title":{"rendered":"Suporte para Papel Higi\u00eanico com Ventosa Branco Daivak<br>SKU: 4444310"},"content":{"rendered":"<p>O suporte para papel higi\u00eanico com ventosa da Daivak \u00e9 ideal para usar na caixa acoplada ou diretamente no azulejo do seu banheiro, otimizando espa\u00e7os. Sem necessidade de furar a parede, \u00e9 pr\u00e1tico. Na cor branca, possui espa\u00e7o para 1 rolo e deve estar pr\u00f3ximo ao seu vaso sanit\u00e1rio. Proporciona estilo e eleg\u00e2ncia para o ambiente. Porta-papel higi\u00eanico de alta resist\u00eancia e durabilidade.<\/p>\n","protected":false},"excerpt":{"rendered":"<h4 style=\"margin: 0px;padding: 0px 0px 16px;font-family: Lato, sans-serif;font-weight: bold;line-height: 3rem;color: var(--dark-grey3);font-size: 22px;font-style: normal;letter-spacing: normal;text-align: start;text-indent: 0px;text-transform: none\">Informa\u00e7\u00f5es t\u00e9cnicas<\/h4>\n<p><span style=\"margin: 0px;padding: 0px;font-weight: 450;font-size: 14px;line-height: 21px;color: var(--dark-grey2);font-family: Lato, sans-serif;font-style: normal;letter-spacing: normal;text-align: start;text-indent: 0px;text-transform: none\">Produto: Porta papel higi\u00eanico<br \/>\nMarca: Daivak<br \/>\nMaterial: Pl\u00e1stico<br \/>\nCor: Branco<br \/>\nCaracter\u00edsticas: Comporta 1 rolo<br \/>\nFixa\u00e7\u00e3o por ventosa<br \/>\nN\u00e3o enferruja<br \/>\nItens inclusos: 1 porta papel higi\u00eanico<br \/>\nDimens\u00f5es do produto (A X L): 14 x 11cm<br \/>\n<\/span><\/p>\n","protected":false},"featured_media":8863,"template":"","meta":{"_joinchat":[]},"product_brand":[],"product_cat":[69],"product_tag":[],"class_list":{"0":"post-8786","1":"product","2":"type-product","3":"status-publish","4":"has-post-thumbnail","6":"product_cat-acessorios-para-banheiro","8":"first","9":"instock","10":"shipping-taxable","11":"purchasable","12":"product-type-simple"},"_links":{"self":[{"href":"https:\/\/www.multicasa.com.br\/cuiaba\/wp-json\/wp\/v2\/product\/8786","targetHints":{"allow":["GET"]}}],"collection":[{"href":"https:\/\/www.multicasa.com.br\/cuiaba\/wp-json\/wp\/v2\/product"}],"about":[{"href":"https:\/\/www.multicasa.com.br\/cuiaba\/wp-json\/wp\/v2\/types\/product"}],"wp:featuredmedia":[{"embeddable":true,"href":"https:\/\/www.multicasa.com.br\/cuiaba\/wp-json\/wp\/v2\/media\/8863"}],"wp:attachment":[{"href":"https:\/\/www.multicasa.com.br\/cuiaba\/wp-json\/wp\/v2\/media?parent=8786"}],"wp:term":[{"taxonomy":"product_brand","embeddable":true,"href":"https:\/\/www.multicasa.com.br\/cuiaba\/wp-json\/wp\/v2\/product_brand?post=8786"},{"taxonomy":"product_cat","embeddable":true,"href":"https:\/\/www.multicasa.com.br\/cuiaba\/wp-json\/wp\/v2\/product_cat?post=8786"},{"taxonomy":"product_tag","embeddable":true,"href":"https:\/\/www.multicasa.com.br\/cuiaba\/wp-json\/wp\/v2\/product_tag?post=8786"}],"curies":[{"name":"wp","href":"https:\/\/api.w.org\/{rel}","templated":true}]}}