{"id":8814,"date":"2025-06-20T17:37:06","date_gmt":"2025-06-20T21:37:06","guid":{"rendered":"http:\/\/www.multicasa.com.br\/cuiaba\/?post_type=product&#038;p=8814"},"modified":"2026-04-24T13:00:27","modified_gmt":"2026-04-24T17:00:27","slug":"pilha-zinco-pequena-aa-amarelinha-rayovac-4-unidades","status":"publish","type":"product","link":"https:\/\/www.multicasa.com.br\/cuiaba\/produto\/pilha-zinco-pequena-aa-amarelinha-rayovac-4-unidades\/","title":{"rendered":"Pilha Zinco Pequena AA Amarelinha Rayovac 4 Unidades<br>SKU: 4585356"},"content":{"rendered":"<p>A pilha de zinco pequena AA Amarelinha Rayovac lidera o mercado brasileiro e latino-americano com a tecnologia zinc-chloride que garante mais energia do que as pilhas de zinco-carv\u00e3o comuns. Ideal para ser usada em equipamentos que exigem descargas de energia mais leves e cont\u00ednuas como controles remotos, rel\u00f3gios de parede, radio port\u00e1til e brinquedos. N\u00e3o cont\u00e9m merc\u00fario e c\u00e1dmio, por isso podem ser descartadas no lixo dom\u00e9stico. Embalagem com 4 unidades.<\/p>\n","protected":false},"excerpt":{"rendered":"<h4 style=\"margin: 0px;padding: 0px 0px 16px;font-family: Lato, sans-serif;font-weight: bold;line-height: 3rem;color: var(--dark-grey3);font-size: 22px;font-style: normal;letter-spacing: normal;text-align: start;text-indent: 0px;text-transform: none\">Informa\u00e7\u00f5es t\u00e9cnicas<\/h4>\n<p><span style=\"margin: 0px;padding: 0px;font-weight: 450;font-size: 14px;line-height: 21px;color: var(--dark-grey2);font-family: Lato, sans-serif;font-style: normal;letter-spacing: normal;text-align: start;text-indent: 0px;text-transform: none\">Produto: Pilha<br \/>\nTipo: Zinco<br \/>\nMarca: Rayovac<br \/>\nTamanho: AA<br \/>\nVoltagem: 1,5v<br \/>\nCaracter\u00edsticas: Possui a tecnologia zinc-chloride<br \/>\nMais energia do que as pilhas de zinco-carv\u00e3o comuns<br \/>\nSua f\u00f3rmula n\u00e3o cont\u00e9m merc\u00fario e c\u00e1dmo<br \/>\nAp\u00f3s o uso, as pilhas podem ser descartadas em lixo dom\u00e9stico<br \/>\nItens inclusos: 4 pilhas<br \/>\n<\/span><\/p>\n","protected":false},"featured_media":8871,"template":"","meta":{"_joinchat":[]},"product_brand":[],"product_cat":[151],"product_tag":[],"class_list":{"0":"post-8814","1":"product","2":"type-product","3":"status-publish","4":"has-post-thumbnail","6":"product_cat-pilhas","8":"first","9":"instock","10":"shipping-taxable","11":"purchasable","12":"product-type-simple"},"_links":{"self":[{"href":"https:\/\/www.multicasa.com.br\/cuiaba\/wp-json\/wp\/v2\/product\/8814","targetHints":{"allow":["GET"]}}],"collection":[{"href":"https:\/\/www.multicasa.com.br\/cuiaba\/wp-json\/wp\/v2\/product"}],"about":[{"href":"https:\/\/www.multicasa.com.br\/cuiaba\/wp-json\/wp\/v2\/types\/product"}],"wp:featuredmedia":[{"embeddable":true,"href":"https:\/\/www.multicasa.com.br\/cuiaba\/wp-json\/wp\/v2\/media\/8871"}],"wp:attachment":[{"href":"https:\/\/www.multicasa.com.br\/cuiaba\/wp-json\/wp\/v2\/media?parent=8814"}],"wp:term":[{"taxonomy":"product_brand","embeddable":true,"href":"https:\/\/www.multicasa.com.br\/cuiaba\/wp-json\/wp\/v2\/product_brand?post=8814"},{"taxonomy":"product_cat","embeddable":true,"href":"https:\/\/www.multicasa.com.br\/cuiaba\/wp-json\/wp\/v2\/product_cat?post=8814"},{"taxonomy":"product_tag","embeddable":true,"href":"https:\/\/www.multicasa.com.br\/cuiaba\/wp-json\/wp\/v2\/product_tag?post=8814"}],"curies":[{"name":"wp","href":"https:\/\/api.w.org\/{rel}","templated":true}]}}