{"id":8959,"date":"2025-06-20T17:38:39","date_gmt":"2025-06-20T21:38:39","guid":{"rendered":"http:\/\/www.multicasa.com.br\/cuiaba\/?post_type=product&#038;p=8959"},"modified":"2026-04-06T17:51:07","modified_gmt":"2026-04-06T21:51:07","slug":"mouse-optico-sem-fio-wireless-m0251-preto-multilaser","status":"publish","type":"product","link":"https:\/\/www.multicasa.com.br\/cuiaba\/produto\/mouse-optico-sem-fio-wireless-m0251-preto-multilaser\/","title":{"rendered":"Mouse \u00d3ptico sem Fio Wireless M0251 Preto Multilaser<br>SKU: 2042459"},"content":{"rendered":"<p>O Mouse \u00d3ptico sem Fio Wireless Preto Multilaser modelo M0251, com seu alcance de 10 metros, proporciona conforto e mobilidade para voc\u00ea. Seu design \u00e9 anat\u00f4mico, possui scroll que facilita a rolagem e seu sistema \u00e9 plug &amp; play, basta conectar e usar.<\/p>\n","protected":false},"excerpt":{"rendered":"<h4 style=\"margin: 0px;padding: 0px 0px 16px;font-family: Lato, sans-serif;font-weight: bold;line-height: 3rem;color: var(--dark-grey3);font-size: 22px;font-style: normal;letter-spacing: normal;text-align: start;text-indent: 0px;text-transform: none\">Informa\u00e7\u00f5es t\u00e9cnicas<\/h4>\n<p><span style=\"margin: 0px;padding: 0px;font-weight: 450;font-size: 14px;line-height: 21px;color: var(--dark-grey2);font-family: Lato, sans-serif;font-style: normal;letter-spacing: normal;text-align: start;text-indent: 0px;text-transform: none\">Produto: Mouse sem fio<br \/>\nMarca: Multilaser<br \/>\nModelo: MO251<br \/>\nCor: Preto<br \/>\nCaracter\u00edsticas: \u00d3ptico<br \/>\nDesign anat\u00f4mico<br \/>\nAlcance de 10 metros<br \/>\nPlug &amp; Play<br \/>\nVelocidade sensibilidade de movimento<br \/>\nItens Inclusos: 1 mouse sem fio<br \/>\nDimens\u00f5es do produto (A X L X P): 3,1 x 9,8 x 5,2cm<br \/>\n<\/span><\/p>\n","protected":false},"featured_media":25612,"template":"","meta":{"_joinchat":[]},"product_brand":[],"product_cat":[130],"product_tag":[],"class_list":{"0":"post-8959","1":"product","2":"type-product","3":"status-publish","4":"has-post-thumbnail","6":"product_cat-informatica","8":"first","9":"instock","10":"shipping-taxable","11":"purchasable","12":"product-type-simple"},"_links":{"self":[{"href":"https:\/\/www.multicasa.com.br\/cuiaba\/wp-json\/wp\/v2\/product\/8959","targetHints":{"allow":["GET"]}}],"collection":[{"href":"https:\/\/www.multicasa.com.br\/cuiaba\/wp-json\/wp\/v2\/product"}],"about":[{"href":"https:\/\/www.multicasa.com.br\/cuiaba\/wp-json\/wp\/v2\/types\/product"}],"wp:featuredmedia":[{"embeddable":true,"href":"https:\/\/www.multicasa.com.br\/cuiaba\/wp-json\/wp\/v2\/media\/25612"}],"wp:attachment":[{"href":"https:\/\/www.multicasa.com.br\/cuiaba\/wp-json\/wp\/v2\/media?parent=8959"}],"wp:term":[{"taxonomy":"product_brand","embeddable":true,"href":"https:\/\/www.multicasa.com.br\/cuiaba\/wp-json\/wp\/v2\/product_brand?post=8959"},{"taxonomy":"product_cat","embeddable":true,"href":"https:\/\/www.multicasa.com.br\/cuiaba\/wp-json\/wp\/v2\/product_cat?post=8959"},{"taxonomy":"product_tag","embeddable":true,"href":"https:\/\/www.multicasa.com.br\/cuiaba\/wp-json\/wp\/v2\/product_tag?post=8959"}],"curies":[{"name":"wp","href":"https:\/\/api.w.org\/{rel}","templated":true}]}}