{"id":9048,"date":"2025-06-20T17:39:26","date_gmt":"2025-06-20T21:39:26","guid":{"rendered":"http:\/\/www.multicasa.com.br\/cuiaba\/?post_type=product&#038;p=9048"},"modified":"2026-03-24T15:22:56","modified_gmt":"2026-03-24T19:22:56","slug":"valvula-esfera-para-gas-espiga-3-8-blukit-1-2x1-2","status":"publish","type":"product","link":"https:\/\/www.multicasa.com.br\/cuiaba\/produto\/valvula-esfera-para-gas-espiga-3-8-blukit-1-2x1-2\/","title":{"rendered":"V\u00e1lvula Esfera para G\u00e1s Espiga 3\/8&#8243; Blukit 1\/2&#215;1\/2&#8243;<br>SKU: 2060967"},"content":{"rendered":"<p>A V\u00e1lvula Esfera para G\u00e1s Blukit \u00e9 resistente a baixas e altas press\u00f5es, suportando ambientes salinos. Produzida em liga de cobre e elast\u00f4meros com acabamento niquelado, conduz gases do tipo GLP, GN e GF. Com rosca de 1\/2 x 1\/2? e espiga de 3\/8&#8243;, \u00e9 testada e aprovada em testes de estanqueidade e torque.<\/p>\n","protected":false},"excerpt":{"rendered":"<h4 style=\"margin: 0px;padding: 0px 0px 16px;font-family: Lato, sans-serif;font-weight: bold;line-height: 3rem;color: var(--dark-grey3);font-size: 22px;font-style: normal;letter-spacing: normal;text-align: start;text-indent: 0px;text-transform: none\">Informa\u00e7\u00f5es t\u00e9cnicas<\/h4>\n<p><span style=\"margin: 0px;padding: 0px;font-weight: 450;font-size: 14px;line-height: 21px;color: var(--dark-grey2);font-family: Lato, sans-serif;font-style: normal;letter-spacing: normal;text-align: start;text-indent: 0px;text-transform: none\">Produto: V\u00e1lvula Esfera<br \/>\nMarca: Blukit<br \/>\nMaterial: Liga de cobre<br \/>\nElast\u00f4meros<br \/>\nAcabamento: Niquelado<br \/>\nCor: Prata e amarelo<br \/>\nCaracter\u00edsticas: Roscas:1\/2? bsp (m) x 1\/2? (m)<br \/>\nPress\u00e3o m\u00e1xima de trabalho: 7,5 bar<br \/>\nTemperatura m\u00e1xima de trabalho: 80 \u00b0c<br \/>\nCondu\u00e7\u00e3o de gases tipo glp, gn e gnf<br \/>\nEspig\u00e3o TM 3\/8&#8243;<br \/>\nItens inclusos: 1 V\u00e1lvula Esfera<br \/>\nDimens\u00f5es do produto em polegadas: 1\/2&#8243;<br \/>\n<\/span><\/p>\n","protected":false},"featured_media":9125,"template":"","meta":{"_joinchat":[]},"product_brand":[],"product_cat":[94],"product_tag":[],"class_list":{"0":"post-9048","1":"product","2":"type-product","3":"status-publish","4":"has-post-thumbnail","6":"product_cat-gas","8":"first","9":"instock","10":"shipping-taxable","11":"purchasable","12":"product-type-simple"},"_links":{"self":[{"href":"https:\/\/www.multicasa.com.br\/cuiaba\/wp-json\/wp\/v2\/product\/9048","targetHints":{"allow":["GET"]}}],"collection":[{"href":"https:\/\/www.multicasa.com.br\/cuiaba\/wp-json\/wp\/v2\/product"}],"about":[{"href":"https:\/\/www.multicasa.com.br\/cuiaba\/wp-json\/wp\/v2\/types\/product"}],"wp:featuredmedia":[{"embeddable":true,"href":"https:\/\/www.multicasa.com.br\/cuiaba\/wp-json\/wp\/v2\/media\/9125"}],"wp:attachment":[{"href":"https:\/\/www.multicasa.com.br\/cuiaba\/wp-json\/wp\/v2\/media?parent=9048"}],"wp:term":[{"taxonomy":"product_brand","embeddable":true,"href":"https:\/\/www.multicasa.com.br\/cuiaba\/wp-json\/wp\/v2\/product_brand?post=9048"},{"taxonomy":"product_cat","embeddable":true,"href":"https:\/\/www.multicasa.com.br\/cuiaba\/wp-json\/wp\/v2\/product_cat?post=9048"},{"taxonomy":"product_tag","embeddable":true,"href":"https:\/\/www.multicasa.com.br\/cuiaba\/wp-json\/wp\/v2\/product_tag?post=9048"}],"curies":[{"name":"wp","href":"https:\/\/api.w.org\/{rel}","templated":true}]}}