{"id":9113,"date":"2025-06-20T17:40:11","date_gmt":"2025-06-20T21:40:11","guid":{"rendered":"http:\/\/www.multicasa.com.br\/cuiaba\/?post_type=product&#038;p=9113"},"modified":"2026-03-17T09:50:22","modified_gmt":"2026-03-17T13:50:22","slug":"grelha-redonda-de-inox-overtime-150mm","status":"publish","type":"product","link":"https:\/\/www.multicasa.com.br\/cuiaba\/produto\/grelha-redonda-de-inox-overtime-150mm\/","title":{"rendered":"Grelha Redonda de Inox Overtime 150mm<br>SKU: 2065658"},"content":{"rendered":"<p>A grelha redonda de inox da Overtime \u00e9 ideal para ralos com 150 mm de di\u00e2metro. Com design moderno, tem sistema de veda\u00e7\u00e3o rotativo que pode ser acionado para evitar a entrada de \u00e1gua e a sa\u00edda de insetos. <\/p>\n","protected":false},"excerpt":{"rendered":"<h4 style=\"margin: 0px;padding: 0px 0px 16px;font-family: Lato, sans-serif;font-weight: bold;line-height: 3rem;color: var(--dark-grey3);font-size: 22px;font-style: normal;letter-spacing: normal;text-align: start;text-indent: 0px;text-transform: none\">Informa\u00e7\u00f5es t\u00e9cnicas<\/h4>\n<p><span style=\"margin: 0px;padding: 0px;font-weight: 450;font-size: 14px;line-height: 21px;color: var(--dark-grey2);font-family: Lato, sans-serif;font-style: normal;letter-spacing: normal;text-align: start;text-indent: 0px;text-transform: none\">Produto: Grelha para banheiro<br \/>\nTipo: Redonda<br \/>\nMarca: Overtime<br \/>\nMaterial: A\u00e7o Inox<br \/>\nCor: prata<br \/>\nCaracter\u00edsticas: ideal para ralos com 150mm de di\u00e2metro<br \/>\nPossui sistema de veda\u00e7\u00e3o rotativo<br \/>\nItens inclusos: 1 Grelha para banheiro<br \/>\nDimens\u00e3o do Produto (D): 15cm<br \/>\n<\/span><\/p>\n","protected":false},"featured_media":9169,"template":"","meta":{"_joinchat":[]},"product_brand":[],"product_cat":[69],"product_tag":[],"class_list":{"0":"post-9113","1":"product","2":"type-product","3":"status-publish","4":"has-post-thumbnail","6":"product_cat-acessorios-para-banheiro","8":"first","9":"instock","10":"shipping-taxable","11":"purchasable","12":"product-type-simple"},"_links":{"self":[{"href":"https:\/\/www.multicasa.com.br\/cuiaba\/wp-json\/wp\/v2\/product\/9113","targetHints":{"allow":["GET"]}}],"collection":[{"href":"https:\/\/www.multicasa.com.br\/cuiaba\/wp-json\/wp\/v2\/product"}],"about":[{"href":"https:\/\/www.multicasa.com.br\/cuiaba\/wp-json\/wp\/v2\/types\/product"}],"wp:featuredmedia":[{"embeddable":true,"href":"https:\/\/www.multicasa.com.br\/cuiaba\/wp-json\/wp\/v2\/media\/9169"}],"wp:attachment":[{"href":"https:\/\/www.multicasa.com.br\/cuiaba\/wp-json\/wp\/v2\/media?parent=9113"}],"wp:term":[{"taxonomy":"product_brand","embeddable":true,"href":"https:\/\/www.multicasa.com.br\/cuiaba\/wp-json\/wp\/v2\/product_brand?post=9113"},{"taxonomy":"product_cat","embeddable":true,"href":"https:\/\/www.multicasa.com.br\/cuiaba\/wp-json\/wp\/v2\/product_cat?post=9113"},{"taxonomy":"product_tag","embeddable":true,"href":"https:\/\/www.multicasa.com.br\/cuiaba\/wp-json\/wp\/v2\/product_tag?post=9113"}],"curies":[{"name":"wp","href":"https:\/\/api.w.org\/{rel}","templated":true}]}}