{"id":9180,"date":"2025-06-20T17:40:55","date_gmt":"2025-06-20T21:40:55","guid":{"rendered":"http:\/\/www.multicasa.com.br\/cuiaba\/?post_type=product&#038;p=9180"},"modified":"2026-03-13T15:51:03","modified_gmt":"2026-03-13T19:51:03","slug":"pano-de-microfibra-multiuso-flashlimp-3-unidades","status":"publish","type":"product","link":"https:\/\/www.multicasa.com.br\/cuiaba\/produto\/pano-de-microfibra-multiuso-flashlimp-3-unidades\/","title":{"rendered":"Pano de Microfibra Multiuso Flashlimp 3 unidades<br>SKU: 2067722"},"content":{"rendered":"<p>O Pano de Microfibra Multiuso da Flashlimp pode ser usado seco ou molhado em diversas superf\u00edcies. N\u00e3o risca, n\u00e3o solta fiapos e n\u00e3o ret\u00e9m sujeira. S\u00e3o 3 unidades feitas de fibras que possuem alto poder de limpeza e Absor\u00e7\u00e3o, podendo ser usados para limpar, secar e dar brilho aos mais diversos utens\u00edlios e superf\u00edcies. Mede 30 x 30 cm e tem composi\u00e7\u00e3o de 88% em poli\u00e9ster e 12% em poliamida. Atura temperatura m\u00e1xima de 40 graus e n\u00e3o deve ser lavado a seco, levado \u00e0 secadora, passado a ferro e higienizado com alvejantes.<\/p>\n","protected":false},"excerpt":{"rendered":"<h4 style=\"margin: 0px;padding: 0px 0px 16px;font-family: Lato, sans-serif;font-weight: bold;line-height: 3rem;color: var(--dark-grey3);font-size: 22px;font-style: normal;letter-spacing: normal;text-align: start;text-indent: 0px;text-transform: none\">Informa\u00e7\u00f5es t\u00e9cnicas<\/h4>\n<p><span style=\"margin: 0px;padding: 0px;font-weight: 450;font-size: 14px;line-height: 21px;color: var(--dark-grey2);font-family: Lato, sans-serif;font-style: normal;letter-spacing: normal;text-align: start;text-indent: 0px;text-transform: none\">Produto: Pano Multiusso<br \/>\nMarca: Flashlimp<br \/>\nMaterial: 88% poliester e 12% Poliamida<br \/>\nCor: Sortidas<br \/>\nItens Inclusos: 3 Pano multiuso<br \/>\nDimens\u00f5es do produto (A X L): 30 x 30cm<\/span><\/p>\n","protected":false},"featured_media":25661,"template":"","meta":{"_joinchat":[]},"product_brand":[],"product_cat":[96],"product_tag":[],"class_list":{"0":"post-9180","1":"product","2":"type-product","3":"status-publish","4":"has-post-thumbnail","6":"product_cat-limpeza-e-cia","8":"first","9":"instock","10":"shipping-taxable","11":"purchasable","12":"product-type-simple"},"_links":{"self":[{"href":"https:\/\/www.multicasa.com.br\/cuiaba\/wp-json\/wp\/v2\/product\/9180","targetHints":{"allow":["GET"]}}],"collection":[{"href":"https:\/\/www.multicasa.com.br\/cuiaba\/wp-json\/wp\/v2\/product"}],"about":[{"href":"https:\/\/www.multicasa.com.br\/cuiaba\/wp-json\/wp\/v2\/types\/product"}],"wp:featuredmedia":[{"embeddable":true,"href":"https:\/\/www.multicasa.com.br\/cuiaba\/wp-json\/wp\/v2\/media\/25661"}],"wp:attachment":[{"href":"https:\/\/www.multicasa.com.br\/cuiaba\/wp-json\/wp\/v2\/media?parent=9180"}],"wp:term":[{"taxonomy":"product_brand","embeddable":true,"href":"https:\/\/www.multicasa.com.br\/cuiaba\/wp-json\/wp\/v2\/product_brand?post=9180"},{"taxonomy":"product_cat","embeddable":true,"href":"https:\/\/www.multicasa.com.br\/cuiaba\/wp-json\/wp\/v2\/product_cat?post=9180"},{"taxonomy":"product_tag","embeddable":true,"href":"https:\/\/www.multicasa.com.br\/cuiaba\/wp-json\/wp\/v2\/product_tag?post=9180"}],"curies":[{"name":"wp","href":"https:\/\/api.w.org\/{rel}","templated":true}]}}