{"id":9511,"date":"2025-06-20T17:44:44","date_gmt":"2025-06-20T21:44:44","guid":{"rendered":"http:\/\/www.multicasa.com.br\/cuiaba\/?post_type=product&#038;p=9511"},"modified":"2026-01-06T10:20:12","modified_gmt":"2026-01-06T14:20:12","slug":"caixa-termica-azul-paramount-17l","status":"publish","type":"product","link":"https:\/\/www.multicasa.com.br\/cuiaba\/produto\/caixa-termica-azul-paramount-17l\/","title":{"rendered":"Caixa T\u00e9rmica Azul Paramount 17L<br>SKU: 2107854"},"content":{"rendered":"<p>A caixa t\u00e9rmica da Paramount garante praticidade e alimentos sempre conservados em qualquer lugar. Com capacidade para 17 litros, este cooler azul \u00e9 ideal para voc\u00ea levar \u00e0 praia, piscina, pescarias, acampamentos e viagens. Seu design moderno foi desenvolvido para ser \u00fatil e funcional. Possui isolamento em EPD e demais pe\u00e7as em pl\u00e1stico. Aten\u00e7\u00e3o, n\u00e3o limpe sua caixa t\u00e9rmica com esponja de a\u00e7o.<\/p>\n","protected":false},"excerpt":{"rendered":"<h4 style=\"margin: 0px;padding: 0px 0px 16px;font-family: Lato, sans-serif;font-weight: bold;line-height: 3rem;color: var(--dark-grey3);font-size: 22px;font-style: normal;letter-spacing: normal;text-align: start;text-indent: 0px;text-transform: none\">Informa\u00e7\u00f5es t\u00e9cnicas<\/h4>\n<p><span style=\"margin: 0px;padding: 0px;font-weight: 450;font-size: 14px;line-height: 21px;color: var(--dark-grey2);font-family: Lato, sans-serif;font-style: normal;letter-spacing: normal;text-align: start;text-indent: 0px;text-transform: none\">Produto: Caixa T\u00e9rmica<br \/>\nMarca: Paramount<br \/>\nMaterial: Pl\u00e1stico<br \/>\nIsolamento em EPD<br \/>\nCor: Azul<br \/>\nCapacidade: 17L<br \/>\nItens inclusos: 1 caixa t\u00e9rmica<br \/>\nDicas de uso e preserva\u00e7\u00e3o: N\u00e3o usar esponja de a\u00e7o para limpeza<br \/>\nDimens\u00f5es do produto (A X L X P): 25,5 x 31 x 39,5cm<br \/>\n<\/span><\/p>\n","protected":false},"featured_media":9592,"template":"","meta":{"_joinchat":[]},"product_brand":[],"product_cat":[136],"product_tag":[],"class_list":{"0":"post-9511","1":"product","2":"type-product","3":"status-publish","4":"has-post-thumbnail","6":"product_cat-lazer","8":"first","9":"instock","10":"featured","11":"shipping-taxable","12":"purchasable","13":"product-type-simple"},"_links":{"self":[{"href":"https:\/\/www.multicasa.com.br\/cuiaba\/wp-json\/wp\/v2\/product\/9511","targetHints":{"allow":["GET"]}}],"collection":[{"href":"https:\/\/www.multicasa.com.br\/cuiaba\/wp-json\/wp\/v2\/product"}],"about":[{"href":"https:\/\/www.multicasa.com.br\/cuiaba\/wp-json\/wp\/v2\/types\/product"}],"wp:featuredmedia":[{"embeddable":true,"href":"https:\/\/www.multicasa.com.br\/cuiaba\/wp-json\/wp\/v2\/media\/9592"}],"wp:attachment":[{"href":"https:\/\/www.multicasa.com.br\/cuiaba\/wp-json\/wp\/v2\/media?parent=9511"}],"wp:term":[{"taxonomy":"product_brand","embeddable":true,"href":"https:\/\/www.multicasa.com.br\/cuiaba\/wp-json\/wp\/v2\/product_brand?post=9511"},{"taxonomy":"product_cat","embeddable":true,"href":"https:\/\/www.multicasa.com.br\/cuiaba\/wp-json\/wp\/v2\/product_cat?post=9511"},{"taxonomy":"product_tag","embeddable":true,"href":"https:\/\/www.multicasa.com.br\/cuiaba\/wp-json\/wp\/v2\/product_tag?post=9511"}],"curies":[{"name":"wp","href":"https:\/\/api.w.org\/{rel}","templated":true}]}}