{"id":9536,"date":"2025-06-20T17:45:05","date_gmt":"2025-06-20T21:45:05","guid":{"rendered":"http:\/\/www.multicasa.com.br\/cuiaba\/?post_type=product&#038;p=9536"},"modified":"2025-08-17T23:43:45","modified_gmt":"2025-08-18T03:43:45","slug":"saboneteira-de-parede-com-ventosa-aco-future","status":"publish","type":"product","link":"https:\/\/www.multicasa.com.br\/cuiaba\/produto\/saboneteira-de-parede-com-ventosa-aco-future\/","title":{"rendered":"Saboneteira de Parede com Ventosa A\u00e7o Future<br>SKU: 2108671"},"content":{"rendered":"<p>A Saboneteira de Parede Future utiliza um sistema de suc\u00e7\u00e3o por ventosas, eliminando os furos, sujeira e o uso de ferramentas para a coloca\u00e7\u00e3o das pe\u00e7as na parede. Confeccionada em a\u00e7o carbono, combina perfeitamente com a decora\u00e7\u00e3o do seu banheiro. Sua fixa\u00e7\u00e3o por ventosa deve ser feita em superf\u00edcies lisas e n\u00e3o porosas como vidros e azulejos, sendo extra fortes suportando at\u00e9 2kg. Al\u00e9m do tradicional tratamento superficial da Future, onde s\u00e3o aplicadas at\u00e9 4 camadas de metal e os produtos s\u00e3o revestidos com uma camada extra do protetivo especial Rust Free, garantindo cores vivas e brilhantes, al\u00e9m de maior resist\u00eancia contra ferrugem. Para limpeza recomenda o uso de pano macio, \u00e1gua e sab\u00e3o neutro, nunca utilize materiais abrasivos ou produtos qu\u00edmicos corrosivos.<\/p>\n","protected":false},"excerpt":{"rendered":"<h4 style=\"margin: 0px;padding: 0px 0px 16px;font-family: Lato, sans-serif;font-weight: bold;line-height: 3rem;color: var(--dark-grey3);font-size: 22px;font-style: normal;letter-spacing: normal;text-align: start;text-indent: 0px;text-transform: none\">Informa\u00e7\u00f5es t\u00e9cnicas<\/h4>\n<p><span style=\"margin: 0px;padding: 0px;font-weight: 450;font-size: 14px;line-height: 21px;color: var(--dark-grey2);font-family: Lato, sans-serif;font-style: normal;letter-spacing: normal;text-align: start;text-indent: 0px;text-transform: none\">Produto: Saboneteira<br \/>\nMarca: Future<br \/>\nMaterial: A\u00e7o carbono; pl\u00e1stico; borracha<br \/>\nCor: Prata<br \/>\nCapacidade: 2Kg<br \/>\nCaracter\u00edsticas: Fixa\u00e7\u00e3o por ventosa<br \/>\nItens inclusos: 1 saboneteira<br \/>\nDimens\u00f5es do produto (A x L x P): 9,3 x 11 x 9,5cm<\/span><\/p>\n","protected":false},"featured_media":9595,"template":"","meta":{"_joinchat":[]},"product_brand":[],"product_cat":[69],"product_tag":[],"class_list":{"0":"post-9536","1":"product","2":"type-product","3":"status-publish","4":"has-post-thumbnail","6":"product_cat-acessorios-para-banheiro","8":"first","9":"instock","10":"shipping-taxable","11":"purchasable","12":"product-type-simple"},"_links":{"self":[{"href":"https:\/\/www.multicasa.com.br\/cuiaba\/wp-json\/wp\/v2\/product\/9536","targetHints":{"allow":["GET"]}}],"collection":[{"href":"https:\/\/www.multicasa.com.br\/cuiaba\/wp-json\/wp\/v2\/product"}],"about":[{"href":"https:\/\/www.multicasa.com.br\/cuiaba\/wp-json\/wp\/v2\/types\/product"}],"wp:featuredmedia":[{"embeddable":true,"href":"https:\/\/www.multicasa.com.br\/cuiaba\/wp-json\/wp\/v2\/media\/9595"}],"wp:attachment":[{"href":"https:\/\/www.multicasa.com.br\/cuiaba\/wp-json\/wp\/v2\/media?parent=9536"}],"wp:term":[{"taxonomy":"product_brand","embeddable":true,"href":"https:\/\/www.multicasa.com.br\/cuiaba\/wp-json\/wp\/v2\/product_brand?post=9536"},{"taxonomy":"product_cat","embeddable":true,"href":"https:\/\/www.multicasa.com.br\/cuiaba\/wp-json\/wp\/v2\/product_cat?post=9536"},{"taxonomy":"product_tag","embeddable":true,"href":"https:\/\/www.multicasa.com.br\/cuiaba\/wp-json\/wp\/v2\/product_tag?post=9536"}],"curies":[{"name":"wp","href":"https:\/\/api.w.org\/{rel}","templated":true}]}}