{"id":9643,"date":"2025-06-20T17:46:16","date_gmt":"2025-06-20T21:46:16","guid":{"rendered":"http:\/\/www.multicasa.com.br\/cuiaba\/?post_type=product&#038;p=9643"},"modified":"2026-04-22T13:20:24","modified_gmt":"2026-04-22T17:20:24","slug":"revitalizador-limpa-farois-proauto-60ml","status":"publish","type":"product","link":"https:\/\/www.multicasa.com.br\/cuiaba\/produto\/revitalizador-limpa-farois-proauto-60ml\/","title":{"rendered":"Revitalizador Limpa Far\u00f3is Proauto 60ml<br>SKU: 2121114"},"content":{"rendered":"<p>O Revitalizador Limpa Far\u00f3is Proauto tem a\u00e7\u00e3o instant\u00e2nea que remove o aspecto amarelado e de desgaste, sem a necessidade de polir. Com 60ml ele limpa far\u00f3is e deixa seu carro incr\u00edvel de novo. Acompanha um par de luvas e uma estopa para que voc\u00ea possa fazer a aplica\u00e7\u00e3o.<\/p>\n","protected":false},"excerpt":{"rendered":"<h4 style=\"margin: 0px;padding: 0px 0px 16px;font-family: Lato, sans-serif;font-weight: bold;line-height: 3rem;color: var(--dark-grey3);font-size: 22px;font-style: normal;letter-spacing: normal;text-align: start;text-indent: 0px;text-transform: none\">Informa\u00e7\u00f5es t\u00e9cnicas<\/h4>\n<p><span style=\"margin: 0px;padding: 0px;font-weight: 450;font-size: 14px;line-height: 21px;color: var(--dark-grey2);font-family: Lato, sans-serif;font-style: normal;letter-spacing: normal;text-align: start;text-indent: 0px;text-transform: none\">Produto: Revitalizador automotivo<br \/>\nMarca: Proauto<br \/>\nConte\u00fado: 60ml<br \/>\nCaracter\u00edsticas: Remove amarelado<br \/>\nA\u00e7\u00e3o imediata<br \/>\nN\u00e3o precisa polir<br \/>\nRevitaliza sem esfor\u00e7o<br \/>\nQuantidade de pe\u00e7as: 3<br \/>\nItens inclusos: 1 Revitalizador automotivo<br \/>\n1 par de luvas<br \/>\n1 estopa<br \/>\nDimens\u00f5es do produto (A X L): 12,2 x 11,3cm<br \/>\n<\/span><\/p>\n","protected":false},"featured_media":9721,"template":"","meta":{"_joinchat":[]},"product_brand":[],"product_cat":[142],"product_tag":[],"class_list":{"0":"post-9643","1":"product","2":"type-product","3":"status-publish","4":"has-post-thumbnail","6":"product_cat-utilidades-para-automoveis","8":"first","9":"instock","10":"shipping-taxable","11":"purchasable","12":"product-type-simple"},"_links":{"self":[{"href":"https:\/\/www.multicasa.com.br\/cuiaba\/wp-json\/wp\/v2\/product\/9643","targetHints":{"allow":["GET"]}}],"collection":[{"href":"https:\/\/www.multicasa.com.br\/cuiaba\/wp-json\/wp\/v2\/product"}],"about":[{"href":"https:\/\/www.multicasa.com.br\/cuiaba\/wp-json\/wp\/v2\/types\/product"}],"wp:featuredmedia":[{"embeddable":true,"href":"https:\/\/www.multicasa.com.br\/cuiaba\/wp-json\/wp\/v2\/media\/9721"}],"wp:attachment":[{"href":"https:\/\/www.multicasa.com.br\/cuiaba\/wp-json\/wp\/v2\/media?parent=9643"}],"wp:term":[{"taxonomy":"product_brand","embeddable":true,"href":"https:\/\/www.multicasa.com.br\/cuiaba\/wp-json\/wp\/v2\/product_brand?post=9643"},{"taxonomy":"product_cat","embeddable":true,"href":"https:\/\/www.multicasa.com.br\/cuiaba\/wp-json\/wp\/v2\/product_cat?post=9643"},{"taxonomy":"product_tag","embeddable":true,"href":"https:\/\/www.multicasa.com.br\/cuiaba\/wp-json\/wp\/v2\/product_tag?post=9643"}],"curies":[{"name":"wp","href":"https:\/\/api.w.org\/{rel}","templated":true}]}}