{"id":9713,"date":"2025-06-20T17:47:05","date_gmt":"2025-06-20T21:47:05","guid":{"rendered":"http:\/\/www.multicasa.com.br\/cuiaba\/?post_type=product&#038;p=9713"},"modified":"2026-04-10T13:50:24","modified_gmt":"2026-04-10T17:50:24","slug":"torneira-filtro-acqua-due-branca-lorenzetti","status":"publish","type":"product","link":"https:\/\/www.multicasa.com.br\/cuiaba\/produto\/torneira-filtro-acqua-due-branca-lorenzetti\/","title":{"rendered":"Torneira Filtro Acqua Due Branca Lorenzetti<br>SKU: 2127594"},"content":{"rendered":"<p>Compacto e com design arrojado, a Torneira Filtro Acqua Due da Lorenzetti \u00e9 perfeita para filtrar impurezas e bact\u00e9rias da \u00e1gua. Com design moderno, produzida em pl\u00e1stico polipropileno, sua bica m\u00f3vel com 2 sa\u00eddas proporciona inova\u00e7\u00e3o e modernidade. Deve ser instalada na parede com troca de refil recomendada ap\u00f3s 1.500 litros de \u00e1gua consumidos ou 6 meses em m\u00e9dia de uso. Com alta tecnologia, garante 2 fun\u00e7\u00f5es em um \u00fanico produto, oferecendo \u00e1gua natural e \u00e1gua purificada. A troca de seus refis s\u00e3o f\u00e1ceis, sem necessidade de ferramenta ou t\u00e9cnico. Filtro de \u00e1gua natural.<\/p>\n","protected":false},"excerpt":{"rendered":"<h4 style=\"margin: 0px;padding: 0px 0px 16px;font-family: Lato, sans-serif;font-weight: bold;line-height: 3rem;color: var(--dark-grey3);font-size: 22px;font-style: normal;letter-spacing: normal;text-align: start;text-indent: 0px;text-transform: none\">Informa\u00e7\u00f5es t\u00e9cnicas<\/h4>\n<p><span style=\"margin: 0px;padding: 0px;font-weight: 450;font-size: 14px;line-height: 21px;color: var(--dark-grey2);font-family: Lato, sans-serif;font-style: normal;letter-spacing: normal;text-align: start;text-indent: 0px;text-transform: none\">Produto: Torneira Filtro<br \/>\nMarca: Lorenzetti<br \/>\nMaterial: Pl\u00e1stico polipropileno<br \/>\nCor: Branco<br \/>\nCaracter\u00edsticas: Bica m\u00f3vel; duas sa\u00eddas de \u00e1gua<br \/>\nItens inclusos: 1 Torneira filtro<br \/>\nDimens\u00f5es do produto (A x L x P): 26 x 10,2 x 24,6cm<\/span><\/p>\n","protected":false},"featured_media":26137,"template":"","meta":{"_joinchat":[]},"product_brand":[],"product_cat":[67],"product_tag":[],"class_list":{"0":"post-9713","1":"product","2":"type-product","3":"status-publish","4":"has-post-thumbnail","6":"product_cat-torneiras-e-cia","8":"first","9":"instock","10":"sale","11":"featured","12":"shipping-taxable","13":"purchasable","14":"product-type-simple"},"_links":{"self":[{"href":"https:\/\/www.multicasa.com.br\/cuiaba\/wp-json\/wp\/v2\/product\/9713","targetHints":{"allow":["GET"]}}],"collection":[{"href":"https:\/\/www.multicasa.com.br\/cuiaba\/wp-json\/wp\/v2\/product"}],"about":[{"href":"https:\/\/www.multicasa.com.br\/cuiaba\/wp-json\/wp\/v2\/types\/product"}],"wp:featuredmedia":[{"embeddable":true,"href":"https:\/\/www.multicasa.com.br\/cuiaba\/wp-json\/wp\/v2\/media\/26137"}],"wp:attachment":[{"href":"https:\/\/www.multicasa.com.br\/cuiaba\/wp-json\/wp\/v2\/media?parent=9713"}],"wp:term":[{"taxonomy":"product_brand","embeddable":true,"href":"https:\/\/www.multicasa.com.br\/cuiaba\/wp-json\/wp\/v2\/product_brand?post=9713"},{"taxonomy":"product_cat","embeddable":true,"href":"https:\/\/www.multicasa.com.br\/cuiaba\/wp-json\/wp\/v2\/product_cat?post=9713"},{"taxonomy":"product_tag","embeddable":true,"href":"https:\/\/www.multicasa.com.br\/cuiaba\/wp-json\/wp\/v2\/product_tag?post=9713"}],"curies":[{"name":"wp","href":"https:\/\/api.w.org\/{rel}","templated":true}]}}