{"id":9719,"date":"2025-06-20T17:47:06","date_gmt":"2025-06-20T21:47:06","guid":{"rendered":"http:\/\/www.multicasa.com.br\/cuiaba\/?post_type=product&#038;p=9719"},"modified":"2026-04-10T12:20:56","modified_gmt":"2026-04-10T16:20:56","slug":"refil-para-purificador-de-agua-acqua-due-lorenzetti","status":"publish","type":"product","link":"https:\/\/www.multicasa.com.br\/cuiaba\/produto\/refil-para-purificador-de-agua-acqua-due-lorenzetti\/","title":{"rendered":"Refil para Purificador de \u00c1gua Acqua Due Lorenzetti<br>SKU: 2128428"},"content":{"rendered":"<p>Pr\u00e1tico, o Refil para purificador de \u00e1gua Acqua Due da Lorenzetti garante \u00e1gua pura atrav\u00e9s de um processo com 3 etapas. Respons\u00e1vel por reter part\u00edculas presentes na \u00e1gua, o refil para filtro ajuda a  eliminar o excesso de cloro, gostos e odores desagrad\u00e1veis da \u00e1gua e, assim, evitar a prolifera\u00e7\u00e3o de bact\u00e9rias. Produzido em polipropileno branco, sua troca \u00e9 f\u00e1cil sem necessitar de ferramentas ou de aux\u00edlio t\u00e9cnico. Tem capacidade para purificar 1.500 litros, o equivalente a 75 gal\u00f5es de \u00e1gua de 20 litros. Higiene e economia para voc\u00ea.<\/p>\n","protected":false},"excerpt":{"rendered":"<h4 style=\"margin: 0px;padding: 0px 0px 16px;font-family: Lato, sans-serif;font-weight: bold;line-height: 3rem;color: var(--dark-grey3);font-size: 22px;font-style: normal;letter-spacing: normal;text-align: start;text-indent: 0px;text-transform: none\">Informa\u00e7\u00f5es t\u00e9cnicas<\/h4>\n<p><span style=\"margin: 0px;padding: 0px;font-weight: 450;font-size: 14px;line-height: 21px;color: var(--dark-grey2);font-family: Lato, sans-serif;font-style: normal;letter-spacing: normal;text-align: start;text-indent: 0px;text-transform: none\">Produto: Refil para Filtro de \u00c1gua<br \/>\nMarca: Lorenzetti<br \/>\nMaterial: Polipropileno<br \/>\nCor: Branco<br \/>\nCaracter\u00edsticas: Filtra at\u00e9 1.500 litros<br \/>\nItens Inclusos: 1 Refil para filtro de \u00e1gua<br \/>\nDimens\u00f5es do produto (A x L x P): 22,3 x 7 x 14,8cm<\/span><\/p>\n","protected":false},"featured_media":9792,"template":"","meta":{"_joinchat":[]},"product_brand":[],"product_cat":[74],"product_tag":[],"class_list":{"0":"post-9719","1":"product","2":"type-product","3":"status-publish","4":"has-post-thumbnail","6":"product_cat-reparos-hidraulicos","8":"first","9":"instock","10":"shipping-taxable","11":"purchasable","12":"product-type-simple"},"_links":{"self":[{"href":"https:\/\/www.multicasa.com.br\/cuiaba\/wp-json\/wp\/v2\/product\/9719","targetHints":{"allow":["GET"]}}],"collection":[{"href":"https:\/\/www.multicasa.com.br\/cuiaba\/wp-json\/wp\/v2\/product"}],"about":[{"href":"https:\/\/www.multicasa.com.br\/cuiaba\/wp-json\/wp\/v2\/types\/product"}],"wp:featuredmedia":[{"embeddable":true,"href":"https:\/\/www.multicasa.com.br\/cuiaba\/wp-json\/wp\/v2\/media\/9792"}],"wp:attachment":[{"href":"https:\/\/www.multicasa.com.br\/cuiaba\/wp-json\/wp\/v2\/media?parent=9719"}],"wp:term":[{"taxonomy":"product_brand","embeddable":true,"href":"https:\/\/www.multicasa.com.br\/cuiaba\/wp-json\/wp\/v2\/product_brand?post=9719"},{"taxonomy":"product_cat","embeddable":true,"href":"https:\/\/www.multicasa.com.br\/cuiaba\/wp-json\/wp\/v2\/product_cat?post=9719"},{"taxonomy":"product_tag","embeddable":true,"href":"https:\/\/www.multicasa.com.br\/cuiaba\/wp-json\/wp\/v2\/product_tag?post=9719"}],"curies":[{"name":"wp","href":"https:\/\/api.w.org\/{rel}","templated":true}]}}