{"id":13,"date":"2025-02-28T07:45:40","date_gmt":"2025-02-28T10:45:40","guid":{"rendered":"https:\/\/www.multicasa.com.br\/inicio\/minha-conta\/"},"modified":"2026-03-27T10:23:27","modified_gmt":"2026-03-27T14:23:27","slug":"minha-conta","status":"publish","type":"page","link":"https:\/\/www.multicasa.com.br\/inicio\/minha-conta\/","title":{"rendered":"Minha conta"},"content":{"rendered":"\t\t<div data-elementor-type=\"wp-page\" data-elementor-id=\"13\" class=\"elementor elementor-13\" data-elementor-post-type=\"page\">\n\t\t\t\t<div class=\"elementor-element elementor-element-056cee6 e-con-full e-flex e-con e-parent\" data-id=\"056cee6\" data-element_type=\"container\" data-e-type=\"container\" data-settings=\"{&quot;background_background&quot;:&quot;classic&quot;}\">\n\t\t\t\t<div class=\"elementor-element elementor-element-64c6d5b elementor-widget__width-inherit elementor-widget elementor-widget-image\" data-id=\"64c6d5b\" data-element_type=\"widget\" data-e-type=\"widget\" data-widget_type=\"image.default\">\n\t\t\t\t\t\t\t\t\t\t\t\t\t\t\t<img fetchpriority=\"high\" decoding=\"async\" width=\"1600\" height=\"250\" src=\"https:\/\/www.multicasa.com.br\/inicio\/wp-content\/uploads\/2026\/01\/WhatsApp-Image-2026-01-23-at-16.07.49.jpeg\" class=\"attachment-full size-full wp-image-32424\" alt=\"\" srcset=\"https:\/\/www.multicasa.com.br\/inicio\/wp-content\/uploads\/2026\/01\/WhatsApp-Image-2026-01-23-at-16.07.49.jpeg 1600w, https:\/\/www.multicasa.com.br\/inicio\/wp-content\/uploads\/2026\/01\/WhatsApp-Image-2026-01-23-at-16.07.49-350x55.jpeg 350w, https:\/\/www.multicasa.com.br\/inicio\/wp-content\/uploads\/2026\/01\/WhatsApp-Image-2026-01-23-at-16.07.49-680x106.jpeg 680w, https:\/\/www.multicasa.com.br\/inicio\/wp-content\/uploads\/2026\/01\/WhatsApp-Image-2026-01-23-at-16.07.49-64x10.jpeg 64w, https:\/\/www.multicasa.com.br\/inicio\/wp-content\/uploads\/2026\/01\/WhatsApp-Image-2026-01-23-at-16.07.49-300x47.jpeg 300w, https:\/\/www.multicasa.com.br\/inicio\/wp-content\/uploads\/2026\/01\/WhatsApp-Image-2026-01-23-at-16.07.49-1024x160.jpeg 1024w, https:\/\/www.multicasa.com.br\/inicio\/wp-content\/uploads\/2026\/01\/WhatsApp-Image-2026-01-23-at-16.07.49-768x120.jpeg 768w, https:\/\/www.multicasa.com.br\/inicio\/wp-content\/uploads\/2026\/01\/WhatsApp-Image-2026-01-23-at-16.07.49-1536x240.jpeg 1536w, https:\/\/www.multicasa.com.br\/inicio\/wp-content\/uploads\/2026\/01\/WhatsApp-Image-2026-01-23-at-16.07.49-24x4.jpeg 24w, https:\/\/www.multicasa.com.br\/inicio\/wp-content\/uploads\/2026\/01\/WhatsApp-Image-2026-01-23-at-16.07.49-36x6.jpeg 36w, https:\/\/www.multicasa.com.br\/inicio\/wp-content\/uploads\/2026\/01\/WhatsApp-Image-2026-01-23-at-16.07.49-48x8.jpeg 48w\" sizes=\"(max-width: 1600px) 100vw, 1600px\" \/>\t\t\t\t\t\t\t\t\t\t\t\t\t\t\t<\/div>\n\t\t\t\t<\/div>\n\t\t<div class=\"elementor-element elementor-element-a62ef9d e-flex e-con-boxed e-con e-parent\" data-id=\"a62ef9d\" data-element_type=\"container\" data-e-type=\"container\">\n\t\t\t\t\t<div class=\"e-con-inner\">\n\t\t<div class=\"elementor-element elementor-element-61da1ca e-con-full e-flex e-con e-child\" data-id=\"61da1ca\" data-element_type=\"container\" data-e-type=\"container\">\n\t\t\t\t<\/div>\n\t\t<div class=\"elementor-element elementor-element-769cbb7 e-con-full e-flex e-con e-child\" data-id=\"769cbb7\" data-element_type=\"container\" data-e-type=\"container\">\n\t\t\t\t<div class=\"elementor-element elementor-element-d80999f elementor-widget elementor-widget-shortcode\" data-id=\"d80999f\" data-element_type=\"widget\" data-e-type=\"widget\" data-widget_type=\"shortcode.default\">\n\t\t\t\t\t\t\t<div class=\"elementor-shortcode\"><div class=\"woocommerce\"><form class=\"woocommerce-form woocommerce-form-login login\" method=\"post\" >\n\n\t\n\t\n\t<p class=\"form-row form-row-first\">\n\t\t<label for=\"username\">Nome de usu\u00e1rio ou e-mail&nbsp;<span class=\"required\" aria-hidden=\"true\">*<\/span><span class=\"screen-reader-text\">Obrigat\u00f3rio<\/span><\/label>\n\t\t<input type=\"text\" class=\"input-text\" name=\"username\" id=\"username\" autocomplete=\"username\" required aria-required=\"true\" \/>\n\t<\/p>\n\t<p class=\"form-row form-row-last\">\n\t\t<label for=\"password\">Senha&nbsp;<span class=\"required\" aria-hidden=\"true\">*<\/span><span class=\"screen-reader-text\">Obrigat\u00f3rio<\/span><\/label>\n\t\t<input class=\"input-text woocommerce-Input\" type=\"password\" name=\"password\" id=\"password\" autocomplete=\"current-password\" required aria-required=\"true\" \/>\n\t<\/p>\n\t<div class=\"clear\"><\/div>\n\n\t\n\t<p class=\"form-row\">\n\t\t<label class=\"woocommerce-form__label woocommerce-form__label-for-checkbox woocommerce-form-login__rememberme\">\n\t\t\t<input class=\"woocommerce-form__input woocommerce-form__input-checkbox\" name=\"rememberme\" type=\"checkbox\" id=\"rememberme\" value=\"forever\" \/> <span>Lembre-me<\/span>\n\t\t<\/label>\n\t\t<input type=\"hidden\" id=\"woocommerce-login-nonce\" name=\"woocommerce-login-nonce\" value=\"70157f8cc4\" \/><input type=\"hidden\" name=\"_wp_http_referer\" value=\"\/inicio\/wp-json\/wp\/v2\/pages\/13\" \/>\t\t<input type=\"hidden\" name=\"redirect\" value=\"http:\/\/1\" \/>\n\t\t<button type=\"submit\" class=\"woocommerce-button button woocommerce-form-login__submit\" name=\"login\" value=\"Entrar\">Entrar<\/button>\n\t<\/p>\n\t<p class=\"lost_password\">\n\t\t<a href=\"https:\/\/www.multicasa.com.br\/inicio\/minha-conta\/lost-password\/\">Perdeu sua senha?<\/a>\n\t<\/p>\n\n\t<div class=\"clear\"><\/div>\n\n\t\n<\/form>\n<\/div><\/div>\n\t\t\t\t\t\t<\/div>\n\t\t\t\t<\/div>\n\t\t<div class=\"elementor-element elementor-element-3dd8522 e-con-full e-flex e-con e-child\" data-id=\"3dd8522\" data-element_type=\"container\" data-e-type=\"container\">\n\t\t\t\t<\/div>\n\t\t\t\t\t<\/div>\n\t\t\t\t<\/div>\n\t\t\t\t<\/div>\n\t\t","protected":false},"excerpt":{"rendered":"<p>Painel Principal Meus Pedidos Meus Dados Financeiro SAIR Ol\u00e1, edmar (n\u00e3o \u00e9 edmar? Sair) A partir do painel de controle de sua conta, voc\u00ea pode ver suas compras recentes, gerenciar seus endere\u00e7os de entrega e cobran\u00e7a, e editar sua senha e detalhes da conta. IR PARA AS COMPRAS Espiar o carrinho &gt;&gt; ENVIAR ARQUIVOS<\/p>\n","protected":false},"author":1,"featured_media":0,"parent":0,"menu_order":0,"comment_status":"closed","ping_status":"closed","template":"","meta":{"_joinchat":[],"footnotes":""},"class_list":["post-13","page","type-page","status-publish","hentry"],"_links":{"self":[{"href":"https:\/\/www.multicasa.com.br\/inicio\/wp-json\/wp\/v2\/pages\/13","targetHints":{"allow":["GET"]}}],"collection":[{"href":"https:\/\/www.multicasa.com.br\/inicio\/wp-json\/wp\/v2\/pages"}],"about":[{"href":"https:\/\/www.multicasa.com.br\/inicio\/wp-json\/wp\/v2\/types\/page"}],"author":[{"embeddable":true,"href":"https:\/\/www.multicasa.com.br\/inicio\/wp-json\/wp\/v2\/users\/1"}],"replies":[{"embeddable":true,"href":"https:\/\/www.multicasa.com.br\/inicio\/wp-json\/wp\/v2\/comments?post=13"}],"version-history":[{"count":210,"href":"https:\/\/www.multicasa.com.br\/inicio\/wp-json\/wp\/v2\/pages\/13\/revisions"}],"predecessor-version":[{"id":42201,"href":"https:\/\/www.multicasa.com.br\/inicio\/wp-json\/wp\/v2\/pages\/13\/revisions\/42201"}],"wp:attachment":[{"href":"https:\/\/www.multicasa.com.br\/inicio\/wp-json\/wp\/v2\/media?parent=13"}],"curies":[{"name":"wp","href":"https:\/\/api.w.org\/{rel}","templated":true}]}}