{"id":22498,"date":"2025-06-21T11:41:55","date_gmt":"2025-06-21T15:41:55","guid":{"rendered":"https:\/\/www.multicasa.com.br\/inicio\/?page_id=22498"},"modified":"2025-06-22T10:16:04","modified_gmt":"2025-06-22T14:16:04","slug":"historia","status":"publish","type":"page","link":"https:\/\/www.multicasa.com.br\/inicio\/historia\/","title":{"rendered":"Nossa Hist\u00f3ria:"},"content":{"rendered":"\t\t<div data-elementor-type=\"wp-page\" data-elementor-id=\"22498\" class=\"elementor elementor-22498\" data-elementor-post-type=\"page\">\n\t\t\t\t<div class=\"elementor-element elementor-element-338ffc1 e-flex e-con-boxed e-con e-parent\" data-id=\"338ffc1\" data-element_type=\"container\" data-e-type=\"container\" data-settings=\"{&quot;background_background&quot;:&quot;classic&quot;}\">\n\t\t\t\t\t<div class=\"e-con-inner\">\n\t\t\t\t<div class=\"elementor-element elementor-element-ef2b5d7 elementor-widget elementor-widget-image\" data-id=\"ef2b5d7\" data-element_type=\"widget\" data-e-type=\"widget\" data-widget_type=\"image.default\">\n\t\t\t\t\t\t\t\t\t\t\t\t\t\t\t<img fetchpriority=\"high\" decoding=\"async\" width=\"501\" height=\"566\" src=\"https:\/\/www.multicasa.com.br\/inicio\/wp-content\/uploads\/2025\/06\/sobre-nos-legenda-fundadores-lindolfo-e-elza-martin.jpg\" class=\"attachment-large size-large wp-image-22471\" alt=\"\" srcset=\"https:\/\/www.multicasa.com.br\/inicio\/wp-content\/uploads\/2025\/06\/sobre-nos-legenda-fundadores-lindolfo-e-elza-martin.jpg 501w, https:\/\/www.multicasa.com.br\/inicio\/wp-content\/uploads\/2025\/06\/sobre-nos-legenda-fundadores-lindolfo-e-elza-martin-350x395.jpg 350w, https:\/\/www.multicasa.com.br\/inicio\/wp-content\/uploads\/2025\/06\/sobre-nos-legenda-fundadores-lindolfo-e-elza-martin-64x72.jpg 64w, https:\/\/www.multicasa.com.br\/inicio\/wp-content\/uploads\/2025\/06\/sobre-nos-legenda-fundadores-lindolfo-e-elza-martin-416x470.jpg 416w, https:\/\/www.multicasa.com.br\/inicio\/wp-content\/uploads\/2025\/06\/sobre-nos-legenda-fundadores-lindolfo-e-elza-martin-266x300.jpg 266w, https:\/\/www.multicasa.com.br\/inicio\/wp-content\/uploads\/2025\/06\/sobre-nos-legenda-fundadores-lindolfo-e-elza-martin-21x24.jpg 21w, https:\/\/www.multicasa.com.br\/inicio\/wp-content\/uploads\/2025\/06\/sobre-nos-legenda-fundadores-lindolfo-e-elza-martin-32x36.jpg 32w, https:\/\/www.multicasa.com.br\/inicio\/wp-content\/uploads\/2025\/06\/sobre-nos-legenda-fundadores-lindolfo-e-elza-martin-42x48.jpg 42w\" sizes=\"(max-width: 501px) 100vw, 501px\" \/>\t\t\t\t\t\t\t\t\t\t\t\t\t\t\t<\/div>\n\t\t\t\t\t<\/div>\n\t\t\t\t<\/div>\n\t\t<div class=\"elementor-element elementor-element-8b3f018 e-flex e-con-boxed e-con e-parent\" data-id=\"8b3f018\" data-element_type=\"container\" data-e-type=\"container\">\n\t\t\t\t\t<div class=\"e-con-inner\">\n\t\t<div class=\"elementor-element elementor-element-fc81cf5 e-con-full e-flex e-con e-child\" data-id=\"fc81cf5\" data-element_type=\"container\" data-e-type=\"container\">\n\t\t\t\t<\/div>\n\t\t<div class=\"elementor-element elementor-element-b8757d6 e-con-full e-flex e-con e-child\" data-id=\"b8757d6\" data-element_type=\"container\" data-e-type=\"container\">\n\t\t\t\t<div class=\"elementor-element elementor-element-a3f57c2 elementor-widget elementor-widget-text-editor\" data-id=\"a3f57c2\" data-element_type=\"widget\" data-e-type=\"widget\" data-widget_type=\"text-editor.default\">\n\t\t\t\t\t\t\t\t\t<h2 class=\"core-section-container__title section-title\">Sobre n\u00f3s<\/h2><div class=\"core-section-container__content break-words\"><p class=\"break-words whitespace-pre-wrap text-color-text\" data-test-id=\"about-us__description\">Em 1978 Lindolfo e Elza Martin, jovens rec\u00e9m-casados, p\u00f5em em pr\u00e1tica o projeto de &#8220;criar uma organiza\u00e7\u00e3o que valorizasse o conhecimento e o ser humano&#8221;, baseando-se em bons princ\u00edpios e valores. Com este sonho em mente, mudam-se de Maring\u00e1\/PR para Campo Grande\/MS. Nasce assim, em Campo Grande, a Multicasa, uma &#8220;empresa especializada em materiais de el\u00e9trica e hidr\u00e1ulica&#8221;. O investimento inicial emprestado pela fam\u00edlia significava referencialmente o valor de um &#8220;Fusca&#8221; e este deveria ser devolvido no prazo de um ano. O pr\u00e9dio ficava ao lado da casa onde moravam, na rua Rui Barbosa, 1901. A loja cresce e, em 1980, muda para a rua 13 de Maio, 746. Em 1981, Cuiab\u00e1\/MT ganha uma unidade Multicasa na Av. Coronel Escol\u00e1stico (Sociedade com M\u00e1rio e Tomika Eguni). Em 1994, na cidade onde a hist\u00f3ria da marca Multicasa come\u00e7ou (Campo Grande), mais uma unidade \u00e9 aberta na avenida Bandeirantes. A terceira loja em Campo Grande \u00e9 inaugurada em 28 de novembro de 2014, localizada na avenida Coronel Antonino, 945.<\/p><\/div>\t\t\t\t\t\t\t\t<\/div>\n\t\t\t\t<\/div>\n\t\t<div class=\"elementor-element elementor-element-6bee928 e-con-full e-flex e-con e-child\" data-id=\"6bee928\" data-element_type=\"container\" data-e-type=\"container\">\n\t\t\t\t<\/div>\n\t\t\t\t\t<\/div>\n\t\t\t\t<\/div>\n\t\t\t\t<\/div>\n\t\t","protected":false},"excerpt":{"rendered":"<p>Sobre n\u00f3s Em 1978 Lindolfo e Elza Martin, jovens rec\u00e9m-casados, p\u00f5em em pr\u00e1tica o projeto de &#8220;criar uma organiza\u00e7\u00e3o que valorizasse o conhecimento e o ser humano&#8221;, baseando-se em bons princ\u00edpios e valores. Com este sonho em mente, mudam-se de Maring\u00e1\/PR para Campo Grande\/MS. Nasce assim, em Campo Grande, a Multicasa, uma &#8220;empresa especializada em [&hellip;]<\/p>\n","protected":false},"author":1,"featured_media":0,"parent":0,"menu_order":0,"comment_status":"closed","ping_status":"closed","template":"","meta":{"_joinchat":[],"footnotes":""},"class_list":["post-22498","page","type-page","status-publish","hentry"],"_links":{"self":[{"href":"https:\/\/www.multicasa.com.br\/inicio\/wp-json\/wp\/v2\/pages\/22498","targetHints":{"allow":["GET"]}}],"collection":[{"href":"https:\/\/www.multicasa.com.br\/inicio\/wp-json\/wp\/v2\/pages"}],"about":[{"href":"https:\/\/www.multicasa.com.br\/inicio\/wp-json\/wp\/v2\/types\/page"}],"author":[{"embeddable":true,"href":"https:\/\/www.multicasa.com.br\/inicio\/wp-json\/wp\/v2\/users\/1"}],"replies":[{"embeddable":true,"href":"https:\/\/www.multicasa.com.br\/inicio\/wp-json\/wp\/v2\/comments?post=22498"}],"version-history":[{"count":11,"href":"https:\/\/www.multicasa.com.br\/inicio\/wp-json\/wp\/v2\/pages\/22498\/revisions"}],"predecessor-version":[{"id":22569,"href":"https:\/\/www.multicasa.com.br\/inicio\/wp-json\/wp\/v2\/pages\/22498\/revisions\/22569"}],"wp:attachment":[{"href":"https:\/\/www.multicasa.com.br\/inicio\/wp-json\/wp\/v2\/media?parent=22498"}],"curies":[{"name":"wp","href":"https:\/\/api.w.org\/{rel}","templated":true}]}}