{"id":10023,"date":"2025-06-20T17:50:38","date_gmt":"2025-06-20T21:50:38","guid":{"rendered":"https:\/\/www.multicasa.com.br\/inicio\/?post_type=product&#038;p=10023"},"modified":"2025-08-16T19:16:04","modified_gmt":"2025-08-16T23:16:04","slug":"gancho-tensor-yotto-x2-com-2-pecas","status":"publish","type":"product","link":"https:\/\/www.multicasa.com.br\/inicio\/produto\/gancho-tensor-yotto-x2-com-2-pecas\/","title":{"rendered":"Gancho Tensor Yotto X2 com 2 Pe\u00e7as"},"content":{"rendered":"<p>O Gancho Tensor Yotto em pl\u00e1stico, \u00e9 dur\u00e1vel e forte. Possui um mecanismo de travamento f\u00e1cil de ajustar sem n\u00f3s para apertar e tensionar cargas leves, com carga m\u00e1xima de 50kg. Tamanho X2, carga de trabalho m\u00e1xima: 89kg e carga est\u00e1tica de ruptura: 182kg.<\/p>\n","protected":false},"excerpt":{"rendered":"<h4 style=\"margin: 0px;padding: 0px 0px 16px;font-family: Lato, sans-serif;font-weight: bold;line-height: 3rem;color: var(--dark-grey3);font-size: 22px;font-style: normal;letter-spacing: normal;text-align: start;text-indent: 0px;text-transform: none\">Informa\u00e7\u00f5es t\u00e9cnicas<\/h4>\n<p><span style=\"margin: 0px;padding: 0px;font-weight: 450;font-size: 14px;line-height: 21px;color: var(--dark-grey2);font-family: Lato, sans-serif;font-style: normal;letter-spacing: normal;text-align: start;text-indent: 0px;text-transform: none\">Produto: Gancho Tensor<br \/>\nMarca: Yotto<br \/>\nMaterial: Nylon com fibra, mola em a\u00e7o galvanizado<br \/>\nCor: Preto<br \/>\nUso indicado: Facilitar amarra\u00e7\u00f5es, prender de cargas leves, tensionar cordas                                                  Caracter\u00edsticas: Aceita cordas de 4mm at\u00e9 5mm.<br \/>\nItens Inclusos: 2 ganchos tensor<br \/>\nDimens\u00f5es do produto (A x L x P): 6,64 x 3,4 x 3cm<br \/>\nPeso: 0,04kg                                                                                                                                                       Garantia: 12 meses<\/span><\/p>\n","protected":false},"featured_media":10090,"template":"","meta":{"_joinchat":[]},"product_brand":[],"product_cat":[133],"product_tag":[],"class_list":{"0":"post-10023","1":"product","2":"type-product","3":"status-publish","4":"has-post-thumbnail","6":"product_cat-epis","8":"first","9":"outofstock","10":"shipping-taxable","11":"product-type-simple"},"_links":{"self":[{"href":"https:\/\/www.multicasa.com.br\/inicio\/wp-json\/wp\/v2\/product\/10023","targetHints":{"allow":["GET"]}}],"collection":[{"href":"https:\/\/www.multicasa.com.br\/inicio\/wp-json\/wp\/v2\/product"}],"about":[{"href":"https:\/\/www.multicasa.com.br\/inicio\/wp-json\/wp\/v2\/types\/product"}],"wp:featuredmedia":[{"embeddable":true,"href":"https:\/\/www.multicasa.com.br\/inicio\/wp-json\/wp\/v2\/media\/10090"}],"wp:attachment":[{"href":"https:\/\/www.multicasa.com.br\/inicio\/wp-json\/wp\/v2\/media?parent=10023"}],"wp:term":[{"taxonomy":"product_brand","embeddable":true,"href":"https:\/\/www.multicasa.com.br\/inicio\/wp-json\/wp\/v2\/product_brand?post=10023"},{"taxonomy":"product_cat","embeddable":true,"href":"https:\/\/www.multicasa.com.br\/inicio\/wp-json\/wp\/v2\/product_cat?post=10023"},{"taxonomy":"product_tag","embeddable":true,"href":"https:\/\/www.multicasa.com.br\/inicio\/wp-json\/wp\/v2\/product_tag?post=10023"}],"curies":[{"name":"wp","href":"https:\/\/api.w.org\/{rel}","templated":true}]}}