{"id":10028,"date":"2025-06-20T17:50:39","date_gmt":"2025-06-20T21:50:39","guid":{"rendered":"https:\/\/www.multicasa.com.br\/inicio\/?post_type=product&#038;p=10028"},"modified":"2025-06-20T17:51:42","modified_gmt":"2025-06-20T21:51:42","slug":"plugue-femea-para-extensao-2pt-branco-weg-20a","status":"publish","type":"product","link":"https:\/\/www.multicasa.com.br\/inicio\/produto\/plugue-femea-para-extensao-2pt-branco-weg-20a\/","title":{"rendered":"Plugue F\u00eamea para Extens\u00e3o 2P+T Branco Weg 20A"},"content":{"rendered":"<p>Com o plugue f\u00eamea para extens\u00e3o 2P+T branco Weg voc\u00ea usa, sem preocupa\u00e7\u00f5es, seus aparelhos e dispositivos que precisam de adaptadores para serem conectados \u00e0 tomada como m\u00e1quinas, carregadores de celular, notebook, computadores, geladeiras, monitores, impressoras, l\u00e2mpadas, luzes, luzes de emerg\u00eancia entre outros. Com 20a, trabalha com fun\u00e7\u00e3o m\u00e1xima de 250v e conta com design moderno, vers\u00e1til e utiliz\u00e1vel em diversos ambientes.<\/p>\n","protected":false},"excerpt":{"rendered":"<h4 style=\"margin: 0px;padding: 0px 0px 16px;font-family: Lato, sans-serif;font-weight: bold;line-height: 3rem;color: var(--dark-grey3);font-size: 22px;font-style: normal;letter-spacing: normal;text-align: start;text-indent: 0px;text-transform: none\">Informa\u00e7\u00f5es t\u00e9cnicas<\/h4>\n<p><span style=\"margin: 0px;padding: 0px;font-weight: 450;font-size: 14px;line-height: 21px;color: var(--dark-grey2);font-family: Lato, sans-serif;font-style: normal;letter-spacing: normal;text-align: start;text-indent: 0px;text-transform: none\">Produto: Plugue F\u00eamea<br \/>\nMarca: Weg<br \/>\nMaterial: Pl\u00e1stico<br \/>\nCor: Branco<br \/>\n\u00c2ngulo: 180\u00b0<br \/>\nP\u00f3los: 2P+T<br \/>\nCaracter\u00edsticas: Para correntes de 20a<br \/>\nTens\u00e3o m\u00e1xima de 250v<br \/>\nNorma NBR 14136<br \/>\nItens inclusos: 1 Plugue F\u00eamea<br \/>\nDimens\u00f5es do produto (A X L X P): 2,33 x 4,35 x 6,80<br \/>\nPeso do produto: 0,117<\/span><\/p>\n","protected":false},"featured_media":10117,"template":"","meta":{"_joinchat":[]},"product_brand":[],"product_cat":[144],"product_tag":[],"class_list":{"0":"post-10028","1":"product","2":"type-product","3":"status-publish","4":"has-post-thumbnail","6":"product_cat-tomadas-e-cia","8":"first","9":"outofstock","10":"shipping-taxable","11":"product-type-simple"},"_links":{"self":[{"href":"https:\/\/www.multicasa.com.br\/inicio\/wp-json\/wp\/v2\/product\/10028","targetHints":{"allow":["GET"]}}],"collection":[{"href":"https:\/\/www.multicasa.com.br\/inicio\/wp-json\/wp\/v2\/product"}],"about":[{"href":"https:\/\/www.multicasa.com.br\/inicio\/wp-json\/wp\/v2\/types\/product"}],"wp:featuredmedia":[{"embeddable":true,"href":"https:\/\/www.multicasa.com.br\/inicio\/wp-json\/wp\/v2\/media\/10117"}],"wp:attachment":[{"href":"https:\/\/www.multicasa.com.br\/inicio\/wp-json\/wp\/v2\/media?parent=10028"}],"wp:term":[{"taxonomy":"product_brand","embeddable":true,"href":"https:\/\/www.multicasa.com.br\/inicio\/wp-json\/wp\/v2\/product_brand?post=10028"},{"taxonomy":"product_cat","embeddable":true,"href":"https:\/\/www.multicasa.com.br\/inicio\/wp-json\/wp\/v2\/product_cat?post=10028"},{"taxonomy":"product_tag","embeddable":true,"href":"https:\/\/www.multicasa.com.br\/inicio\/wp-json\/wp\/v2\/product_tag?post=10028"}],"curies":[{"name":"wp","href":"https:\/\/api.w.org\/{rel}","templated":true}]}}