{"id":10059,"date":"2025-06-20T17:51:04","date_gmt":"2025-06-20T21:51:04","guid":{"rendered":"https:\/\/www.multicasa.com.br\/inicio\/?post_type=product&#038;p=10059"},"modified":"2025-06-20T17:51:49","modified_gmt":"2025-06-20T21:51:49","slug":"pino-teste-de-tensao-tipo-chaveiro-weg-127-220v","status":"publish","type":"product","link":"https:\/\/www.multicasa.com.br\/inicio\/produto\/pino-teste-de-tensao-tipo-chaveiro-weg-127-220v\/","title":{"rendered":"Pino Teste de Tens\u00e3o Tipo Chaveiro Weg 127\/220V"},"content":{"rendered":"<p>Pino Teste de Tens\u00e3o Tipo Chaveiro Weg, port\u00e1til e pr\u00e1tico para levar com voc\u00ea e medir a tens\u00e3o el\u00e9trica, garantindo seguran\u00e7a antes de utilizar seus aparelhos. Quando acender apenas a luz verde, indica que a tomada \u00e9 110\/127v e quando acender a luz verde mais a luz vermelha indica que a tomada \u00e9 220v. <\/p>\n","protected":false},"excerpt":{"rendered":"<h4 style=\"margin: 0px;padding: 0px 0px 16px;font-family: Lato, sans-serif;font-weight: bold;line-height: 3rem;color: var(--dark-grey3);font-size: 22px;font-style: normal;letter-spacing: normal;text-align: start;text-indent: 0px;text-transform: none\">Informa\u00e7\u00f5es t\u00e9cnicas<\/h4>\n<p><span style=\"margin: 0px;padding: 0px;font-weight: 450;font-size: 14px;line-height: 21px;color: var(--dark-grey2);font-family: Lato, sans-serif;font-style: normal;letter-spacing: normal;text-align: start;text-indent: 0px;text-transform: none\">Produto: Pino Teste<br \/>\nMarca: Weg<br \/>\nMaterial: Pl\u00e1stico isolante<br \/>\nContato de metal<br \/>\nCor: Incolor<br \/>\nCaracter\u00edsticas: Transparente<br \/>\nCom chaveiro<br \/>\nPara teste em 110v &#8211; 220v<br \/>\nLuz verde a tomada \u00e9 110\/127v<br \/>\nLuz verde e vermelho a tomada \u00e9 220v<br \/>\nItens inclusos: Pino Teste<br \/>\nDimens\u00f5es do produto (A X L X P): 1,90 x 4,10 x 7,27 cm<br \/>\nPeso do produto: 0,026g<\/span><\/p>\n","protected":false},"featured_media":10123,"template":"","meta":{"_joinchat":[]},"product_brand":[],"product_cat":[144],"product_tag":[],"class_list":{"0":"post-10059","1":"product","2":"type-product","3":"status-publish","4":"has-post-thumbnail","6":"product_cat-tomadas-e-cia","8":"first","9":"outofstock","10":"shipping-taxable","11":"product-type-simple"},"_links":{"self":[{"href":"https:\/\/www.multicasa.com.br\/inicio\/wp-json\/wp\/v2\/product\/10059","targetHints":{"allow":["GET"]}}],"collection":[{"href":"https:\/\/www.multicasa.com.br\/inicio\/wp-json\/wp\/v2\/product"}],"about":[{"href":"https:\/\/www.multicasa.com.br\/inicio\/wp-json\/wp\/v2\/types\/product"}],"wp:featuredmedia":[{"embeddable":true,"href":"https:\/\/www.multicasa.com.br\/inicio\/wp-json\/wp\/v2\/media\/10123"}],"wp:attachment":[{"href":"https:\/\/www.multicasa.com.br\/inicio\/wp-json\/wp\/v2\/media?parent=10059"}],"wp:term":[{"taxonomy":"product_brand","embeddable":true,"href":"https:\/\/www.multicasa.com.br\/inicio\/wp-json\/wp\/v2\/product_brand?post=10059"},{"taxonomy":"product_cat","embeddable":true,"href":"https:\/\/www.multicasa.com.br\/inicio\/wp-json\/wp\/v2\/product_cat?post=10059"},{"taxonomy":"product_tag","embeddable":true,"href":"https:\/\/www.multicasa.com.br\/inicio\/wp-json\/wp\/v2\/product_tag?post=10059"}],"curies":[{"name":"wp","href":"https:\/\/api.w.org\/{rel}","templated":true}]}}