{"id":10065,"date":"2025-06-20T17:51:04","date_gmt":"2025-06-20T21:51:04","guid":{"rendered":"https:\/\/www.multicasa.com.br\/inicio\/?post_type=product&#038;p=10065"},"modified":"2025-06-20T17:51:58","modified_gmt":"2025-06-20T21:51:58","slug":"boia-para-filtro-de-barro-plastico-oasis","status":"publish","type":"product","link":"https:\/\/www.multicasa.com.br\/inicio\/produto\/boia-para-filtro-de-barro-plastico-oasis\/","title":{"rendered":"Boia para Filtro de Barro\/Pl\u00e1stico O\u00e1sis"},"content":{"rendered":"<p>A Boia para filtro de barro ou filtro de pl\u00e1stico da O\u00e1sis funciona por gravidade. De f\u00e1cil instala\u00e7\u00e3o, a boia \u00e9 feita de pl\u00e1stico poliestileno na cor cristal. A boia dosadora \u00e9 compat\u00edvel a qualquer filtro cer\u00e2mico e acr\u00edlico que possua filtragem por gravidade.<\/p>\n","protected":false},"excerpt":{"rendered":"<h4 style=\"margin: 0px;padding: 0px 0px 16px;font-family: Lato, sans-serif;font-weight: bold;line-height: 3rem;color: var(--dark-grey3);font-size: 22px;font-style: normal;letter-spacing: normal;text-align: start;text-indent: 0px;text-transform: none\">Informa\u00e7\u00f5es t\u00e9cnicas<\/h4>\n<p><span style=\"margin: 0px;padding: 0px;font-weight: 450;font-size: 14px;line-height: 21px;color: var(--dark-grey2);font-family: Lato, sans-serif;font-style: normal;letter-spacing: normal;text-align: start;text-indent: 0px;text-transform: none\">Produto: Boia para Filtro<br \/>\nMarca: O\u00e1sis                                                                                                                                                          Modelo: Dosadora<br \/>\nMaterial: Poliestileno<br \/>\nCor: Cristal<br \/>\nItens Inclusos: 1 Boia para filtro<br \/>\nDimens\u00f5es do produto (A x L x P): 15 x 10 x 0,6cm<br \/>\nPeso: 0,12kg<\/span><\/p>\n","protected":false},"featured_media":10142,"template":"","meta":{"_joinchat":[]},"product_brand":[],"product_cat":[74],"product_tag":[],"class_list":{"0":"post-10065","1":"product","2":"type-product","3":"status-publish","4":"has-post-thumbnail","6":"product_cat-reparos-hidraulicos","8":"first","9":"outofstock","10":"shipping-taxable","11":"product-type-simple"},"_links":{"self":[{"href":"https:\/\/www.multicasa.com.br\/inicio\/wp-json\/wp\/v2\/product\/10065","targetHints":{"allow":["GET"]}}],"collection":[{"href":"https:\/\/www.multicasa.com.br\/inicio\/wp-json\/wp\/v2\/product"}],"about":[{"href":"https:\/\/www.multicasa.com.br\/inicio\/wp-json\/wp\/v2\/types\/product"}],"wp:featuredmedia":[{"embeddable":true,"href":"https:\/\/www.multicasa.com.br\/inicio\/wp-json\/wp\/v2\/media\/10142"}],"wp:attachment":[{"href":"https:\/\/www.multicasa.com.br\/inicio\/wp-json\/wp\/v2\/media?parent=10065"}],"wp:term":[{"taxonomy":"product_brand","embeddable":true,"href":"https:\/\/www.multicasa.com.br\/inicio\/wp-json\/wp\/v2\/product_brand?post=10065"},{"taxonomy":"product_cat","embeddable":true,"href":"https:\/\/www.multicasa.com.br\/inicio\/wp-json\/wp\/v2\/product_cat?post=10065"},{"taxonomy":"product_tag","embeddable":true,"href":"https:\/\/www.multicasa.com.br\/inicio\/wp-json\/wp\/v2\/product_tag?post=10065"}],"curies":[{"name":"wp","href":"https:\/\/api.w.org\/{rel}","templated":true}]}}