{"id":10068,"date":"2025-06-20T17:51:04","date_gmt":"2025-06-20T21:51:04","guid":{"rendered":"https:\/\/www.multicasa.com.br\/inicio\/?post_type=product&#038;p=10068"},"modified":"2025-12-16T18:07:59","modified_gmt":"2025-12-16T22:07:59","slug":"guarda-chuva-manual-mini-curvo-preto-proteja-se","status":"publish","type":"product","link":"https:\/\/www.multicasa.com.br\/inicio\/produto\/guarda-chuva-manual-mini-curvo-preto-proteja-se\/","title":{"rendered":"Guarda-Chuva Manual Mini Curvo Preto Proteja-Se"},"content":{"rendered":"<p>O Guarda-Chuva Manual Mini Curvo Preto Proteja-Se. Proteja-se com esse modelo da linha Cl\u00e1ssico em momentos de emerg\u00eancia e descubra que vale a pena ter um guarda-chuva sempre a m\u00e3o. Arma\u00e7\u00e3o com varetas galvanizadas e acionamento manual. Prote\u00e7\u00e3o individual.<\/p>\n","protected":false},"excerpt":{"rendered":"<h4 style=\"margin: 0px;padding: 0px 0px 16px;font-family: Lato, sans-serif;font-weight: bold;line-height: 3rem;color: var(--dark-grey3);font-size: 22px;font-style: normal;letter-spacing: normal;text-align: start;text-indent: 0px;text-transform: none\">Informa\u00e7\u00f5es t\u00e9cnicas<\/h4>\n<p><span style=\"margin: 0px;padding: 0px;font-weight: 450;font-size: 14px;line-height: 21px;color: var(--dark-grey2);font-family: Lato, sans-serif;font-style: normal;letter-spacing: normal;text-align: start;text-indent: 0px;text-transform: none\">Produto: Guarda-Chuva<br \/>\nMarca: Proteja-Se                                                                                                                                                  Modelo: B\u00e1scio Cl\u00e1ssico<br \/>\nMaterial: Poli\u00e9ster e a\u00e7o<br \/>\nCor: Preto<br \/>\nCaracter\u00edsticas: Mini, cabo curvo, manual, 8 varetas<br \/>\nItens Inclusos: 1 Guarda-Chuva<br \/>\nDimens\u00f5es do produto (A x L x P): 27 x 9 x 5cm                                                                                                          Peso: 232g<br \/>\nGarantia: 90 dias<\/span><\/p>\n","protected":false},"featured_media":10147,"template":"","meta":{"_joinchat":[]},"product_brand":[],"product_cat":[136],"product_tag":[],"class_list":{"0":"post-10068","1":"product","2":"type-product","3":"status-publish","4":"has-post-thumbnail","6":"product_cat-lazer","8":"first","9":"instock","10":"shipping-taxable","11":"purchasable","12":"product-type-simple"},"_links":{"self":[{"href":"https:\/\/www.multicasa.com.br\/inicio\/wp-json\/wp\/v2\/product\/10068","targetHints":{"allow":["GET"]}}],"collection":[{"href":"https:\/\/www.multicasa.com.br\/inicio\/wp-json\/wp\/v2\/product"}],"about":[{"href":"https:\/\/www.multicasa.com.br\/inicio\/wp-json\/wp\/v2\/types\/product"}],"wp:featuredmedia":[{"embeddable":true,"href":"https:\/\/www.multicasa.com.br\/inicio\/wp-json\/wp\/v2\/media\/10147"}],"wp:attachment":[{"href":"https:\/\/www.multicasa.com.br\/inicio\/wp-json\/wp\/v2\/media?parent=10068"}],"wp:term":[{"taxonomy":"product_brand","embeddable":true,"href":"https:\/\/www.multicasa.com.br\/inicio\/wp-json\/wp\/v2\/product_brand?post=10068"},{"taxonomy":"product_cat","embeddable":true,"href":"https:\/\/www.multicasa.com.br\/inicio\/wp-json\/wp\/v2\/product_cat?post=10068"},{"taxonomy":"product_tag","embeddable":true,"href":"https:\/\/www.multicasa.com.br\/inicio\/wp-json\/wp\/v2\/product_tag?post=10068"}],"curies":[{"name":"wp","href":"https:\/\/api.w.org\/{rel}","templated":true}]}}