{"id":10070,"date":"2025-06-20T17:51:05","date_gmt":"2025-06-20T21:51:05","guid":{"rendered":"https:\/\/www.multicasa.com.br\/inicio\/?post_type=product&#038;p=10070"},"modified":"2025-06-20T17:52:07","modified_gmt":"2025-06-20T21:52:07","slug":"saco-de-lixo-esfrebom-com-citronela-amarelo-60l-bettanin-25-unidades","status":"publish","type":"product","link":"https:\/\/www.multicasa.com.br\/inicio\/produto\/saco-de-lixo-esfrebom-com-citronela-amarelo-60l-bettanin-25-unidades\/","title":{"rendered":"Saco de Lixo EsfreBom com Citronela Amarelo 60L Bettanin 25 unidades"},"content":{"rendered":"<p>O Saco de Lixo EsfreBom com Citronela 60L da Bettanin tem fundo refor\u00e7ado. O que garante mais resist\u00eancia e seguran\u00e7a. Pr\u00e1ticos e super-resistentes, prote\u00e7\u00e3o eficaz contra insetos. Dispon\u00edvel na cor amarelo, vem no tamanho de 70cm x 80cm com 25 unidades.<\/p>\n","protected":false},"excerpt":{"rendered":"<h4 style=\"margin: 0px;padding: 0px 0px 16px;font-family: Lato, sans-serif;font-weight: bold;line-height: 3rem;color: var(--dark-grey3);font-size: 22px;font-style: normal;letter-spacing: normal;text-align: start;text-indent: 0px;text-transform: none\">Informa\u00e7\u00f5es t\u00e9cnicas<\/h4>\n<p><span style=\"margin: 0px;padding: 0px;font-weight: 450;font-size: 14px;line-height: 21px;color: var(--dark-grey2);font-family: Lato, sans-serif;font-style: normal;letter-spacing: normal;text-align: start;text-indent: 0px;text-transform: none\">Produto: Saco de lixo<br \/>\nMarca: Bettanin<br \/>\nMaterial: 98% Polietileno e 2% material sint\u00e9tico<br \/>\nCor: Amarelo                                                                                                                                                  Capacidade: 60 litros<br \/>\nCaracter\u00edsticas: Picote f\u00e1cil de destacar; fundo estrela (n\u00e3o acumula res\u00edduos nas pontas); com adi\u00e7\u00e3o de frag\u00e2ncia de citronela.<br \/>\nItens Inclusos: 25 sacos de lixo<br \/>\nDimens\u00f5es do produto (A X L): 70 x 80cm                                                                                                           Dimens\u00f5es da embalagem (A x L x P): 7 x 7 x 30cm                                                                                                    Peso: 0,367kg<\/span><\/p>\n","protected":false},"featured_media":10152,"template":"","meta":{"_joinchat":[]},"product_brand":[],"product_cat":[96],"product_tag":[],"class_list":{"0":"post-10070","1":"product","2":"type-product","3":"status-publish","4":"has-post-thumbnail","6":"product_cat-limpeza-e-cia","8":"first","9":"outofstock","10":"shipping-taxable","11":"product-type-simple"},"_links":{"self":[{"href":"https:\/\/www.multicasa.com.br\/inicio\/wp-json\/wp\/v2\/product\/10070","targetHints":{"allow":["GET"]}}],"collection":[{"href":"https:\/\/www.multicasa.com.br\/inicio\/wp-json\/wp\/v2\/product"}],"about":[{"href":"https:\/\/www.multicasa.com.br\/inicio\/wp-json\/wp\/v2\/types\/product"}],"wp:featuredmedia":[{"embeddable":true,"href":"https:\/\/www.multicasa.com.br\/inicio\/wp-json\/wp\/v2\/media\/10152"}],"wp:attachment":[{"href":"https:\/\/www.multicasa.com.br\/inicio\/wp-json\/wp\/v2\/media?parent=10070"}],"wp:term":[{"taxonomy":"product_brand","embeddable":true,"href":"https:\/\/www.multicasa.com.br\/inicio\/wp-json\/wp\/v2\/product_brand?post=10070"},{"taxonomy":"product_cat","embeddable":true,"href":"https:\/\/www.multicasa.com.br\/inicio\/wp-json\/wp\/v2\/product_cat?post=10070"},{"taxonomy":"product_tag","embeddable":true,"href":"https:\/\/www.multicasa.com.br\/inicio\/wp-json\/wp\/v2\/product_tag?post=10070"}],"curies":[{"name":"wp","href":"https:\/\/api.w.org\/{rel}","templated":true}]}}