{"id":10097,"date":"2025-06-20T17:51:27","date_gmt":"2025-06-20T21:51:27","guid":{"rendered":"https:\/\/www.multicasa.com.br\/inicio\/?post_type=product&#038;p=10097"},"modified":"2026-02-25T12:32:57","modified_gmt":"2026-02-25T16:32:57","slug":"ar-comprimido-aerossol-implastec-400ml","status":"publish","type":"product","link":"https:\/\/www.multicasa.com.br\/inicio\/produto\/ar-comprimido-aerossol-implastec-400ml\/","title":{"rendered":"Ar Comprimido Aerossol Implastec 400ml"},"content":{"rendered":"<p>O Ar Comprimido Aerossol da Implastec vem com 400ml. Atrav\u00e9s do seu forte jato de ar comprimido, o ar comprimido \u00e9 o seu grande aliado na remo\u00e7\u00e3o da poeira e pequenas sujeiras dos mais variados lugares, inclusive aqueles de dif\u00edcil acesso.<\/p>\n","protected":false},"excerpt":{"rendered":"<h4 style=\"margin: 0px;padding: 0px 0px 16px;font-family: Lato, sans-serif;font-weight: bold;line-height: 3rem;color: var(--dark-grey3);font-size: 22px;font-style: normal;letter-spacing: normal;text-align: start;text-indent: 0px;text-transform: none\">Informa\u00e7\u00f5es t\u00e9cnicas<\/h4>\n<p><span style=\"margin: 0px;padding: 0px;font-weight: 450;font-size: 14px;line-height: 21px;color: var(--dark-grey2);font-family: Lato, sans-serif;font-style: normal;letter-spacing: normal;text-align: start;text-indent: 0px;text-transform: none\">Produto: Ar Comprimido Aerossol<br \/>\nMarca: Implastec<br \/>\nConte\u00fado: 400ml<br \/>\nUso Indicado: Ideal para teclados, interior de computadores, impressoras, scanner, copiadoras, lentes de c\u00e2meras, placas eletr\u00f4nicas e outros.<br \/>\nDimens\u00f5es do produto (A x L x P): 19 x 65cm<br \/>\nPeso: 320g<\/span><\/p>\n","protected":false},"featured_media":10170,"template":"","meta":{"_joinchat":[]},"product_brand":[],"product_cat":[96],"product_tag":[],"class_list":{"0":"post-10097","1":"product","2":"type-product","3":"status-publish","4":"has-post-thumbnail","6":"product_cat-limpeza-e-cia","8":"first","9":"outofstock","10":"shipping-taxable","11":"purchasable","12":"product-type-simple"},"_links":{"self":[{"href":"https:\/\/www.multicasa.com.br\/inicio\/wp-json\/wp\/v2\/product\/10097","targetHints":{"allow":["GET"]}}],"collection":[{"href":"https:\/\/www.multicasa.com.br\/inicio\/wp-json\/wp\/v2\/product"}],"about":[{"href":"https:\/\/www.multicasa.com.br\/inicio\/wp-json\/wp\/v2\/types\/product"}],"wp:featuredmedia":[{"embeddable":true,"href":"https:\/\/www.multicasa.com.br\/inicio\/wp-json\/wp\/v2\/media\/10170"}],"wp:attachment":[{"href":"https:\/\/www.multicasa.com.br\/inicio\/wp-json\/wp\/v2\/media?parent=10097"}],"wp:term":[{"taxonomy":"product_brand","embeddable":true,"href":"https:\/\/www.multicasa.com.br\/inicio\/wp-json\/wp\/v2\/product_brand?post=10097"},{"taxonomy":"product_cat","embeddable":true,"href":"https:\/\/www.multicasa.com.br\/inicio\/wp-json\/wp\/v2\/product_cat?post=10097"},{"taxonomy":"product_tag","embeddable":true,"href":"https:\/\/www.multicasa.com.br\/inicio\/wp-json\/wp\/v2\/product_tag?post=10097"}],"curies":[{"name":"wp","href":"https:\/\/api.w.org\/{rel}","templated":true}]}}