{"id":10125,"date":"2025-06-20T17:51:50","date_gmt":"2025-06-20T21:51:50","guid":{"rendered":"https:\/\/www.multicasa.com.br\/inicio\/?post_type=product&#038;p=10125"},"modified":"2025-06-20T17:52:24","modified_gmt":"2025-06-20T21:52:24","slug":"calculadora-de-mesa-com-8-digitos-kaz","status":"publish","type":"product","link":"https:\/\/www.multicasa.com.br\/inicio\/produto\/calculadora-de-mesa-com-8-digitos-kaz\/","title":{"rendered":"Calculadora de Mesa com 8 d\u00edgitos Kaz"},"content":{"rendered":"<p>A Calculadora de Mesa com 8 d\u00edgitos da Kaz \u00e9 ideal para mesas de escrit\u00f3rios, escolas e uso dom\u00e9stico. Seu tamanho \u00e9 de 13,6&#215;7,2&#215;2,2cm e seu funcionamento \u00e9 atrav\u00e9s de pilha AA (n\u00e3o inclusa).<\/p>\n","protected":false},"excerpt":{"rendered":"<h4 style=\"margin: 0px;padding: 0px 0px 16px;font-family: Lato, sans-serif;font-weight: bold;line-height: 3rem;color: var(--dark-grey3);font-size: 22px;font-style: normal;letter-spacing: normal;text-align: start;text-indent: 0px;text-transform: none\">Informa\u00e7\u00f5es t\u00e9cnicas<\/h4>\n<p><span style=\"margin: 0px;padding: 0px;font-weight: 450;font-size: 14px;line-height: 21px;color: var(--dark-grey2);font-family: Lato, sans-serif;font-style: normal;letter-spacing: normal;text-align: start;text-indent: 0px;text-transform: none\">Produto: Calculadora de mesa<br \/>\nMarca: Kaz<br \/>\nModelo: Kz9156<br \/>\nCor: Preto<br \/>\nAlimenta\u00e7\u00e3o: Pilha AA (n\u00e3o inclusa)<br \/>\nCaracter\u00edsticas: 8 d\u00edgitos<br \/>\nItens Inclusos: 1 calculadora de mesa<br \/>\nDimens\u00f5es do produto (A X L X P): 13,6 x 7,2 x 2,2cm<\/span><\/p>\n","protected":false},"featured_media":10179,"template":"","meta":{"_joinchat":[]},"product_brand":[],"product_cat":[153],"product_tag":[],"class_list":{"0":"post-10125","1":"product","2":"type-product","3":"status-publish","4":"has-post-thumbnail","6":"product_cat-eletronica-e-cia","8":"first","9":"outofstock","10":"shipping-taxable","11":"product-type-simple"},"_links":{"self":[{"href":"https:\/\/www.multicasa.com.br\/inicio\/wp-json\/wp\/v2\/product\/10125","targetHints":{"allow":["GET"]}}],"collection":[{"href":"https:\/\/www.multicasa.com.br\/inicio\/wp-json\/wp\/v2\/product"}],"about":[{"href":"https:\/\/www.multicasa.com.br\/inicio\/wp-json\/wp\/v2\/types\/product"}],"wp:featuredmedia":[{"embeddable":true,"href":"https:\/\/www.multicasa.com.br\/inicio\/wp-json\/wp\/v2\/media\/10179"}],"wp:attachment":[{"href":"https:\/\/www.multicasa.com.br\/inicio\/wp-json\/wp\/v2\/media?parent=10125"}],"wp:term":[{"taxonomy":"product_brand","embeddable":true,"href":"https:\/\/www.multicasa.com.br\/inicio\/wp-json\/wp\/v2\/product_brand?post=10125"},{"taxonomy":"product_cat","embeddable":true,"href":"https:\/\/www.multicasa.com.br\/inicio\/wp-json\/wp\/v2\/product_cat?post=10125"},{"taxonomy":"product_tag","embeddable":true,"href":"https:\/\/www.multicasa.com.br\/inicio\/wp-json\/wp\/v2\/product_tag?post=10125"}],"curies":[{"name":"wp","href":"https:\/\/api.w.org\/{rel}","templated":true}]}}