{"id":10132,"date":"2025-06-20T17:51:50","date_gmt":"2025-06-20T21:51:50","guid":{"rendered":"https:\/\/www.multicasa.com.br\/inicio\/?post_type=product&#038;p=10132"},"modified":"2025-06-20T17:52:40","modified_gmt":"2025-06-20T21:52:40","slug":"capa-para-maquina-de-lavar-pvc-jjc-20005","status":"publish","type":"product","link":"https:\/\/www.multicasa.com.br\/inicio\/produto\/capa-para-maquina-de-lavar-pvc-jjc-20005\/","title":{"rendered":"Capa para M\u00e1quina de Lavar PVC JJC 20005"},"content":{"rendered":"<p>Use a Capa para M\u00e1quina de Lavar PVC modelo 20005 da JJC em m\u00e1quinas de abertura frontal:  Samsung Lavadora 8,5, 10,1, 10,2 e 11kg; Samsung Secadora 12kg; Samsung Lava e Seca 8,5, 9, 10,1, 10,2 e 11kg; LG Lava e Seca 8,5, 9, 11, 14 e 16kg; Brastemp Secadora10kg; Midea Lava e Seca 8, 10,1 e 12kg. Confeccionada em Korino, material resistente e imperme\u00e1vel, n\u00e3o ret\u00e9m poeira e protege contra \u00e1gua. Possui lado interior flanelado para n\u00e3o danificar sua m\u00e1quina.Possui z\u00edper que evita a entrada de poeira e deixa seu eletrodom\u00e9stico protegido contra o sol e outras condi\u00e7\u00f5es do tempo. A capa para m\u00e1quina de lavar roupas mede 86x62x66cm. F\u00e1cil de limpar, ideal para deixar sua lavanderia mais clean e limpa.<\/p>\n","protected":false},"excerpt":{"rendered":"<h4 style=\"margin: 0px;padding: 0px 0px 16px;font-family: Lato, sans-serif;font-weight: bold;line-height: 3rem;color: var(--dark-grey3);font-size: 22px;font-style: normal;letter-spacing: normal;text-align: start;text-indent: 0px;text-transform: none\">Informa\u00e7\u00f5es t\u00e9cnicas<\/h4>\n<p><span style=\"margin: 0px;padding: 0px;font-weight: 450;font-size: 14px;line-height: 21px;color: var(--dark-grey2);font-family: Lato, sans-serif;font-style: normal;letter-spacing: normal;text-align: start;text-indent: 0px;text-transform: none\">Produto: Capa para M\u00e1quina de Lavar<br \/>\nMarca: JJC<br \/>\nModelo: 20005<br \/>\nMaterial: PVC e Korino<br \/>\nCaracter\u00edstica: Possui z\u00edper; Para m\u00e1quinas com abertura frontal; Indicado para Samsung Lavadora 8,5, 10,1, 10,2 e 11kg; Samsung Secadora 12kg; Samsung Lava e Seca 8,5, 9, 10,1, 10,2 e 11kg; LG Lava e Seca 8,5, 9, 11, 14 e 16kg; Brastemp Secadora10kg; Midea Lava e Seca 8, 10,1 e 12kg.<br \/>\nItens Inclusos: 1 Capa para m\u00e1quina de lavar<br \/>\nDimens\u00f5es do produto (A x L x P): 86 x 62 x 66cm                                                                                                      Peso: 0,51kg<\/span><\/p>\n","protected":false},"featured_media":10205,"template":"","meta":{"_joinchat":[]},"product_brand":[],"product_cat":[95],"product_tag":[],"class_list":{"0":"post-10132","1":"product","2":"type-product","3":"status-publish","4":"has-post-thumbnail","6":"product_cat-lavanderia","8":"first","9":"outofstock","10":"shipping-taxable","11":"product-type-simple"},"_links":{"self":[{"href":"https:\/\/www.multicasa.com.br\/inicio\/wp-json\/wp\/v2\/product\/10132","targetHints":{"allow":["GET"]}}],"collection":[{"href":"https:\/\/www.multicasa.com.br\/inicio\/wp-json\/wp\/v2\/product"}],"about":[{"href":"https:\/\/www.multicasa.com.br\/inicio\/wp-json\/wp\/v2\/types\/product"}],"wp:featuredmedia":[{"embeddable":true,"href":"https:\/\/www.multicasa.com.br\/inicio\/wp-json\/wp\/v2\/media\/10205"}],"wp:attachment":[{"href":"https:\/\/www.multicasa.com.br\/inicio\/wp-json\/wp\/v2\/media?parent=10132"}],"wp:term":[{"taxonomy":"product_brand","embeddable":true,"href":"https:\/\/www.multicasa.com.br\/inicio\/wp-json\/wp\/v2\/product_brand?post=10132"},{"taxonomy":"product_cat","embeddable":true,"href":"https:\/\/www.multicasa.com.br\/inicio\/wp-json\/wp\/v2\/product_cat?post=10132"},{"taxonomy":"product_tag","embeddable":true,"href":"https:\/\/www.multicasa.com.br\/inicio\/wp-json\/wp\/v2\/product_tag?post=10132"}],"curies":[{"name":"wp","href":"https:\/\/api.w.org\/{rel}","templated":true}]}}